{"id":1035,"date":"2016-03-03T11:28:33","date_gmt":"2016-03-03T10:28:33","guid":{"rendered":"http:www.mikroskopie.de\/?page_id=1035"},"modified":"2022-12-20T14:13:30","modified_gmt":"2022-12-20T13:13:30","slug":"agb","status":"publish","type":"page","link":"https:\/\/www.mikroskopie.de\/?page_id=1035","title":{"rendered":"AGB"},"content":{"rendered":"<div align=\"center\">\n<h4>Allgemeine Gesch\u00e4ftsbedingungen<\/p>\n<p>&nbsp;<\/h4>\n<\/div>\n<p>\u00a71 Geltungsbereich &amp; Abwehrklausel<br \/>\nDie Lieferungen, Leistungen und Angebote von Christian Linkenheld (nachfolgend &#8222;Anbieter&#8220;) erfolgen ausschlie\u00dflich auf Grund dieser Gesch\u00e4ftsbedingungen. Diese gelten somit auch f\u00fcr alle k\u00fcnftigen Gesch\u00e4ftsbeziehungen, auch wenn sie nicht nochmals ausdr\u00fccklich vereinbart werden.<br \/>\nVerbraucher im Sinne dieser Gesch\u00e4ftsbedingungen sind nat\u00fcrliche Personen, deren Gesch\u00e4ftsbeziehung mit dem Anbieter sich nicht aus deren gewerblicher oder beruflicher T\u00e4tigkeit ergibt.<br \/>\nAllgemeine Gesch\u00e4ftsbedingungen des Kunden gelten nur insoweit, als ihnen der Anbieter ausdr\u00fccklich zugestimmt hat.<\/p>\n<p>\u00a72 Vertragsabschluss<br \/>\nDie im Rahmen der Internetpr\u00e4senz des Anbieters oder auf sonstigem Wege erstellten Angebote des Anbieters sind freibleibend und unverbindlich.<br \/>\nMit einer Bestellung erkl\u00e4rt ein Kunde verbindlich sein Vertragsangebot. Es bleibt dem Anbieter vorbehalten die Bestellung anzunehmen oder das Angebot abzulehnen. Die Bestellung ist erst nach ausdr\u00fccklich erkl\u00e4rter Annahme durch den Anbieter f\u00fcr diesen bindend.<\/p>\n<p>\u00a73 Eigentumsvorbehalt<br \/>\nVom Kunden erhaltene Waren bleiben bis zur vollst\u00e4ndigen Zahlung im Eigentum des Anbieters.<\/p>\n<p>\u00a74 Preise und Bezahlung<br \/>\nDie angegebenen Preise (Irrt\u00fcmer und \u00c4nderungen vorbehalten) verstehen sich incl. der gesetzlichen Umsatzsteuer. Beim Versendungsverkauf versteht sich der Preis zzgl. der Versandkosten, welche sich aus den Geb\u00fchren der DHL ergeben.<br \/>\nDie Lieferung erfolgt, soweit nicht anders schriftlich vereinbart, gegen Vorauskasse (\u00dcberweisung). Der Versand der Bestellung erfolgt nach Eingang des Rechnungsbetrags auf das Konto des Anbieters. Nur bei ausdr\u00fccklicher Vereinbarung erfolgt eine Lieferung auf Rechnung oder per Nachnahme.<\/p>\n<p>\u00a75 Widerruf und R\u00fcckgabe<br \/>\nEin Verbraucher im Sinne dieser Gesch\u00e4ftsbedingungen hat das Recht, seine auf den Abschluss des Vertrages gerichtete Willenserkl\u00e4rung innerhalb von 14 Tagen nach Erhalt der Ware ohne Begr\u00fcndung zu widerrufen. Der Verbraucher ist bei Aus\u00fcbung des Widerrufsrechts zur R\u00fccksendung der Ware verpflichtet. Die Ware muss hierzu vollst\u00e4ndig und original verpackt innerhalb der genannten Frist versendet werden.<br \/>\nDie Kosten der R\u00fccksendung bei Aus\u00fcbung des Widerrufrechts werden bei einem Bestellwert bis zu 40\u20ac durch den Verbraucher getragen. Bei einem Bestellwert \u00fcber 40\u20ac werden die Kosten des R\u00fcckversandes vom Anbieter \u00fcbernommen.<br \/>\nEinen durch die Benutzung seitens des Verbrauchers eingetretenen Wertverlust, der dazu f\u00fchrt, dass die Ware nicht mehr als &#8222;neu&#8220; verkauft werden kann hat der Verbraucher zu tragen.<\/p>\n<p>\u00a76 Gefahren\u00fcbergang<br \/>\nBei Verbrauchern geht die Gefahr des zuf\u00e4lligen Untergangs sowie der zuf\u00e4lligen Verschlechterung der Ware mit der \u00dcbergabe der Ware auf den Verbraucher \u00fcber. Dies gilt auch f\u00fcr den Versendungsverkauf.<br \/>\nDie Lieferung der Ware an Kunden, die keine Verbraucher im Sinne dieser Gesch\u00e4ftsbedingungen sind, erfolgt auf Gefahr des Kunden. Die Gefahr geht mit \u00dcbergabe der Ware an das Transportunternehmen (DHL) auf den Kunden \u00fcber.<\/p>\n<p>\u00a77 Gew\u00e4hrleistung<br \/>\nDie Gew\u00e4hrleistung f\u00fcr Verbraucher im Sinne dieser Gesch\u00e4ftsbedingungen betr\u00e4gt zwei Jahre ab Erhalt der Ware. F\u00fcr alle \u00fcbrigen Kunden betr\u00e4gt die Gew\u00e4hrleistungsfrist ein Jahr.<br \/>\nAufgetretene M\u00e4ngel m\u00fcssen zur Wahrung des Gew\u00e4hrleistungsanspruches seitens des Kunden unverz\u00fcglich gegen\u00fcber dem Anbieter angezeigt werden. M\u00e4ngel als Folge nat\u00fcrlicher Abnutzung, unsachgem\u00e4\u00dfer Handhabung oder eigenst\u00e4ndig durchgef\u00fchrter Reparaturversuche sind von der Gew\u00e4hrleistung ausgeschlossen.<\/p>\n<p>\u00a78<br \/>\nSalvatorische Klausel<br \/>\nSollte eine Bestimmung dieser Allgemeinen Gesch\u00e4ftsbedingungen unwirksam sein, so wird davon die Wirksamkeit der \u00fcbrigen Bestimmungen nicht ber\u00fchrt.<\/p>\n<table class=\"unten\" width=\"1050\" border=\"0\" cellspacing=\"0\">\n<tbody>\n<tr>\n<td width=\"50\" valign=\"middle\"><a href=\"https:\/\/www.mikroskopie.de\"><img loading=\"lazy\" decoding=\"async\" src=\"grafiken\/logo.gif\" alt=\"Zur Startseite von mikroskopie.de\" width=\"27\" height=\"35\" border=\"0\"><\/a><\/td>\n<td width=\"825\">\u00a9 2016 <a href=\"mailto:linkenheld@mikroskopie.de\">Christian Linkenheld<\/a>  Elisabethenstr. 16 \/ 67105 Schifferstadt \/ Telefon:06235 4910210<\/td>\n<td width=\"169\">\n<div align=\"right\">20\/02\/2016<\/div>\n<\/td>\n<\/tr>\n<tr>\n<td style=\"text-align: right;\" colspan=\"3\"><a href=\"?page_id=213\">Impressum<\/a> | <a href=\"?page_id=2020\">Datenschutz<\/a> | <a href=\"?page_id=1035\">AGB<\/a> &nbsp;&nbsp;||&nbsp;&nbsp; <a href=\"?page_id=192\">Anfahrt<\/a> | <a href=\"?page_id=956\">Team<\/a><\/td>\n<\/tr>\n<\/tbody>\n<\/table>\n","protected":false},"excerpt":{"rendered":"<p>Allgemeine Gesch\u00e4ftsbedingungen &nbsp; \u00a71 Geltungsbereich &amp; Abwehrklausel Die Lieferungen, Leistungen und Angebote von Christian Linkenheld (nachfolgend &#8222;Anbieter&#8220;) erfolgen ausschlie\u00dflich auf Grund dieser Gesch\u00e4ftsbedingungen. Diese gelten somit auch f\u00fcr alle k\u00fcnftigen Gesch\u00e4ftsbeziehungen, auch wenn sie nicht nochmals ausdr\u00fccklich vereinbart werden. Verbraucher im Sinne dieser Gesch\u00e4ftsbedingungen sind nat\u00fcrliche Personen, deren Gesch\u00e4ftsbeziehung mit dem Anbieter sich nicht aus [&hellip;]<\/p>\n","protected":false},"author":1,"featured_media":0,"parent":0,"menu_order":0,"comment_status":"closed","ping_status":"closed","template":"","meta":{"_genesis_hide_title":false,"_genesis_hide_breadcrumbs":false,"_genesis_hide_singular_image":false,"_genesis_hide_footer_widgets":false,"_genesis_custom_body_class":"","_genesis_custom_post_class":"","_genesis_layout":"","footnotes":""},"class_list":{"0":"post-1035","1":"page","2":"type-page","3":"status-publish","5":"entry"},"_links":{"self":[{"href":"https:\/\/www.mikroskopie.de\/index.php?rest_route=\/wp\/v2\/pages\/1035","targetHints":{"allow":["GET"]}}],"collection":[{"href":"https:\/\/www.mikroskopie.de\/index.php?rest_route=\/wp\/v2\/pages"}],"about":[{"href":"https:\/\/www.mikroskopie.de\/index.php?rest_route=\/wp\/v2\/types\/page"}],"author":[{"embeddable":true,"href":"https:\/\/www.mikroskopie.de\/index.php?rest_route=\/wp\/v2\/users\/1"}],"replies":[{"embeddable":true,"href":"https:\/\/www.mikroskopie.de\/index.php?rest_route=%2Fwp%2Fv2%2Fcomments&post=1035"}],"version-history":[{"count":8,"href":"https:\/\/www.mikroskopie.de\/index.php?rest_route=\/wp\/v2\/pages\/1035\/revisions"}],"predecessor-version":[{"id":3715,"href":"https:\/\/www.mikroskopie.de\/index.php?rest_route=\/wp\/v2\/pages\/1035\/revisions\/3715"}],"wp:attachment":[{"href":"https:\/\/www.mikroskopie.de\/index.php?rest_route=%2Fwp%2Fv2%2Fmedia&parent=1035"}],"curies":[{"name":"wp","href":"https:\/\/api.w.org\/{rel}","templated":true}]}}