{"id":1371,"date":"2017-10-02T17:28:08","date_gmt":"2017-10-02T16:28:08","guid":{"rendered":"http:\/\/www.mikroskopie.de\/?page_id=1371"},"modified":"2018-10-29T12:34:28","modified_gmt":"2018-10-29T11:34:28","slug":"neue-mikrolive-kamera","status":"publish","type":"page","link":"https:\/\/www.mikroskopie.de\/?page_id=1371","title":{"rendered":"Neue MikroLive-Kamera"},"content":{"rendered":"<div align=\"center\">\n<h4><em>Mikro<\/em><em style=\"color: #808080;\">Live<\/em> mit dem aktuellen Sensor IMX178 von Sony<\/h4>\n<p>&nbsp;<\/p>\n<\/div>\n<p>Das neue MikroLive USB3 6,4MP basiert auf einer Kamera mit dem ebenfalls neuen Sensor IMX178 (&#8222;Starvis&#8220;) von Sony. Dieser Sensor ist f\u00fcr die Mikroskopie nochmals besser geeignet, als die weit verbreiteten 5 Megapixel-Sensoren im Format 1\/2,5&#8243;. Der Starvis-Sensor verf\u00fcgt nicht nur \u00fcber die gr\u00f6\u00dferen Pixel, als dies bei den erw\u00e4hnten Sensoren im Format 1\/2,5&#8243; der Fall ist (2,4mm X 2,4mm statt 2,2mm X 2,2 mm), sondern auch \u00fcber mehr Pixel (3072X2048 Pixel &#8211; Sensorformat 1\/1,8&#8243;), wodurch die im Pr\u00e4parat erfasste Fl\u00e4che um etwa 50 % gr\u00f6\u00dfer ist.<br \/>\nDas Bild rechts zeigt dies f\u00fcr eine g\u00e4ngige Konfiguration mit Okularen 10X\/20 und einem Adapter 0,5X (links: an Mikroskop adaptierte Kamera).<\/p>\n<div align=\"center\"><img decoding=\"async\" src=\"https:\/\/www.mikroskopie.de\/grafiken\/ML64.jpg\" alt=\"\" \/><\/div>\n<p>&nbsp;<\/p>\n<p>Zus\u00e4tzlich zeichnet sich der IMX178 durch eine sehr gute Farbwiedergabe bei nur geringem Bildrauschen aus. Die Bildfrequenz erreicht mit 30 Bildern pro Sekunde bei vollem Aufl\u00f6sungsverm\u00f6gen deutlich h\u00f6here Werte, als dies bei anderen Mikroskopkameras die Regel ist. Dies macht diesen Sensor zur idealen Ausgangsbasis f\u00fcr die mikroskopische Dokumentation. Abgerundet wird das neue MikroLive-Paket durch eine im Detail \u00fcberarbeitete und verbesserte Version der zugeh\u00f6rigen Software. Das im Lieferumfang enthaltene USB-Kabel mit einer L\u00e4nge von 3m hat kameraseitig nun einen gewinkelten Anschlu\u00df. Hierdurch wird das Kabel nicht nach oben, sondern nach hinten von der Kamera weggef\u00fchrt.<\/p>\n<p>Systemvoraussetzungen:<\/p>\n<ul>\n<li>Intel Core i3, 4 GB RAM<\/li>\n<li>Windows XP, Windows Vista, Windows 7 (32 &amp; 64 bit), Windows 8 (32 &amp; 64 bit), Windows 10 (32 &amp; 64 bit)<\/li>\n<li><strong>USB3-Anschlu\u00df<\/strong><\/li>\n<li>Display mit mindestens 1920&#215;1080 Pixeln<\/li>\n<\/ul>\n<div align=\"center\">\n<p>&nbsp;<\/p>\n<p>Die nachfolgenden Beispielaufnahmen zeigen die Leistungsf\u00e4higkeit des Systems. Die Aufnahmen sind nicht nachbearbeitet.<\/p>\n<p><img decoding=\"async\" src=\"https:\/\/www.mikroskopie.de\/grafiken\/ml1.jpg\" alt=\"\" \/><br \/>\nCarl Zeiss Axio Scope.A1 \/ EC Plan-Neofluar 20X \/ Adapter 0,5X \/ Niere des Schweins &#8211; Kernechtrubin || <a href=\"https:\/\/www.mikroskopie.de\/grafiken\/ml1g.jpg\" target=\"_blank\" rel=\"noopener\">Aufnahme in voller Aufl\u00f6sung (4,5MB)<\/a><\/p>\n<p><img decoding=\"async\" src=\"https:\/\/www.mikroskopie.de\/grafiken\/ml2.jpg\" alt=\"\" \/><br \/>\nMotic BA310Pol \/ EC PL P 4X \/ Adapter 0,5X \/ Gesteinsd\u00fcnnschliff (Granit) mit Lambda-Platte (Rot I. Ordnung) || <a href=\"https:\/\/www.mikroskopie.de\/grafiken\/ml2g.jpg\" target=\"_blank\" rel=\"noopener\">Aufnahme in voller Aufl\u00f6sung (3,9MB)<\/a><\/p>\n<p><img decoding=\"async\" src=\"https:\/\/www.mikroskopie.de\/grafiken\/ml3.jpg\" alt=\"\" \/><br \/>\nCarl Zeiss Axio Lab.A1 \/ A-Plan 100X\/1,25 Oil Ph3 \/ Adapter 0,5X \/ Epithelzellen aus der Mundschleimhaut (Monochrommodus) || <a href=\"https:\/\/www.mikroskopie.de\/grafiken\/ml3g.jpg\" target=\"_blank\" rel=\"noopener\">Aufnahme in voller Aufl\u00f6sung (2MB)<\/a><\/p>\n<\/div>\n<p>&nbsp;<\/p>\n<p>Das folgende Video zeigt, wie in MikroLive einfache L\u00e4ngenmessungen durchgef\u00fchrt werden k\u00f6nnen. F\u00fcr eine optimale Darstellungsqualit\u00e4t sollten Sie, wenn m\u00f6glich, den Vollbildmodus zur Darstellung w\u00e4hlen. Hierf\u00fcr klicken Sie direkt nach dem Start des Videos auf das Vollbild-Symbol im Videofenster rechts unten\u00a0 <img decoding=\"async\" src=\"https:\/\/www.mikroskopie.de\/grafiken\/vbd.jpg\" alt=\"\" \/> .<\/p>\n<div align=\"center\"><iframe loading=\"lazy\" src=\"https:\/\/www.youtube.com\/embed\/38ey0k52JHM?rel=0\" width=\"960\" height=\"540\" frameborder=\"0\" allowfullscreen=\"allowfullscreen\"><\/iframe><\/div>\n<p>&nbsp;<\/p>\n<p>Preis f\u00fcr MikroLive USB3 6,4MB: 750\u20ac plus MwSt.<\/p>\n<table class=\"unten\" border=\"0\" width=\"1050\" cellspacing=\"0\">\n<tbody>\n<tr>\n<td valign=\"middle\" width=\"50\"><a href=\"https:\/\/www.mikroskopie.de\"><img loading=\"lazy\" decoding=\"async\" src=\"grafiken\/logo.gif\" alt=\"Zur Startseite von mikroskopie.de\" width=\"27\" height=\"35\" border=\"0\" \/><\/a><\/td>\n<td width=\"825\">\u00a9 2017 <a href=\"mailto:linkenheld@mikroskopie.de\">Christian Linkenheld<\/a> \/ Kniebisstra\u00dfe 27 \/ 77728 Oppenau \/ Telefon: 07804 9117555<\/td>\n<td width=\"169\">\n<div align=\"right\">05\/10\/2017<\/div>\n<\/td>\n<\/tr>\n<\/tbody>\n<\/table>\n","protected":false},"excerpt":{"rendered":"<p>MikroLive mit dem aktuellen Sensor IMX178 von Sony &nbsp; Das neue MikroLive USB3 6,4MP basiert auf einer Kamera mit dem ebenfalls neuen Sensor IMX178 (&#8222;Starvis&#8220;) von Sony. Dieser Sensor ist f\u00fcr die Mikroskopie nochmals besser geeignet, als die weit verbreiteten 5 Megapixel-Sensoren im Format 1\/2,5&#8243;. Der Starvis-Sensor verf\u00fcgt nicht nur \u00fcber die gr\u00f6\u00dferen Pixel, als [&hellip;]<\/p>\n","protected":false},"author":1,"featured_media":0,"parent":0,"menu_order":0,"comment_status":"closed","ping_status":"closed","template":"","meta":{"_genesis_hide_title":false,"_genesis_hide_breadcrumbs":false,"_genesis_hide_singular_image":false,"_genesis_hide_footer_widgets":false,"_genesis_custom_body_class":"","_genesis_custom_post_class":"","_genesis_layout":"","footnotes":""},"class_list":{"0":"post-1371","1":"page","2":"type-page","3":"status-publish","5":"entry"},"_links":{"self":[{"href":"https:\/\/www.mikroskopie.de\/index.php?rest_route=\/wp\/v2\/pages\/1371","targetHints":{"allow":["GET"]}}],"collection":[{"href":"https:\/\/www.mikroskopie.de\/index.php?rest_route=\/wp\/v2\/pages"}],"about":[{"href":"https:\/\/www.mikroskopie.de\/index.php?rest_route=\/wp\/v2\/types\/page"}],"author":[{"embeddable":true,"href":"https:\/\/www.mikroskopie.de\/index.php?rest_route=\/wp\/v2\/users\/1"}],"replies":[{"embeddable":true,"href":"https:\/\/www.mikroskopie.de\/index.php?rest_route=%2Fwp%2Fv2%2Fcomments&post=1371"}],"version-history":[{"count":39,"href":"https:\/\/www.mikroskopie.de\/index.php?rest_route=\/wp\/v2\/pages\/1371\/revisions"}],"predecessor-version":[{"id":2134,"href":"https:\/\/www.mikroskopie.de\/index.php?rest_route=\/wp\/v2\/pages\/1371\/revisions\/2134"}],"wp:attachment":[{"href":"https:\/\/www.mikroskopie.de\/index.php?rest_route=%2Fwp%2Fv2%2Fmedia&parent=1371"}],"curies":[{"name":"wp","href":"https:\/\/api.w.org\/{rel}","templated":true}]}}