{"id":1587,"date":"2017-10-26T14:52:32","date_gmt":"2017-10-26T13:52:32","guid":{"rendered":"http:\/\/www.mikroskopie.de\/?page_id=1587"},"modified":"2025-12-11T09:41:28","modified_gmt":"2025-12-11T08:41:28","slug":"angebote","status":"publish","type":"page","link":"https:\/\/www.mikroskopie.de\/?page_id=1587","title":{"rendered":"ANGEBOTE"},"content":{"rendered":"<div align=\"center\">\n<h4>Aktuelle Kombipakete auf mikroskopie.de<\/h4>\n<\/div>\n<p style=\"text-align: center;\">Ist unter den aufgef\u00fchrten Kombipaketen nichts Passendes f\u00fcr Sie dabei?<br \/>\nDann kontaktieren Sie uns einfach f\u00fcr ein individuelles Kombipaket.<\/p>\n<table class=\"mytable\" border=\"0\" cellspacing=\"0\" cellpadding=\"5\">\n<tbody>\n<!--\n\n\n<tr>\n\n\n<td colspan=\"2\">\n\n\n\n<hr>\n\n\n\n<\/td>\n\n\n<\/tr>\n\n\n\n\n<tr>\n\n\n<td colspan=\"2\">\n\n\n<h5 style=\"text-align: center;\"><b>Kombipaket 1:&nbsp; Primostar 3, Full-K., Tri, SF22, 5 Pos., ABBE 0.9, 75x50 (Artikelnr.: 415501-0041-000) \/ Adapter 0,65x \/ MikroLive MultiFormat<\/b><\/h5>\n\n\n<\/td>\n\n\n<\/tr>\n\n\n\n\n<tr>\n\n\n<td>\n\n[caption id=\"attachment_3522\" align=\"alignnone\" width=\"500\"]<img loading=\"lazy\" decoding=\"async\" class=\"size-full wp-image-3522\" src=\"https:\/\/www.mikroskopie.de\/wp-content\/uploads\/2022\/07\/primostar_mit_Multiformat.jpg\" alt=\"\" width=\"500\" height=\"536\" srcset=\"https:\/\/www.mikroskopie.de\/wp-content\/uploads\/2022\/07\/primostar_mit_Multiformat.jpg 500w, https:\/\/www.mikroskopie.de\/wp-content\/uploads\/2022\/07\/primostar_mit_Multiformat-420x450.jpg 420w, https:\/\/www.mikroskopie.de\/wp-content\/uploads\/2022\/07\/primostar_mit_Multiformat-299x320.jpg 299w\" sizes=\"auto, (max-width: 500px) 100vw, 500px\" \/> Primostar 3 Full K\u00f6hler mit Mikrolive Multiformat[\/caption]\n\n\n\n<div align=\"center\"><\/div>\n\n<\/td>\n\n\n\n\n<td valign=\"top\">Listenpreis&nbsp; : 3090,32\u20ac plus MwSt (3677,48\u20ac incl. 19% MwSt.)\nPaketpreis: <strong>2584,03\u20ac plus MwSt (3075,00\u20ac incl. 19% MwSt.)<\/strong>\nAnfrage per EMail: <a href=\"mailto:linkenheld@mikroskopie.de?subject=Frage zum Mikroskopie-Kombipaket 1\">Anfrage zum Kombipaket<\/a>\n\n[gallery link=\"file\" columns=\"1\" size=\"small\" ids=\"3536\"]\n\nAufnahme mit diesem Kombipaket (Mausklick auf Bild \u00f6ffnet vergr\u00f6\u00dferte Ansicht).\n\n<strong>Zusatzpaket speziell f\u00fcr Mykologie bestehend aus:<\/strong>\nObjektiv iPlan-Achromat 100x\/1,25 Oil f\u00fcr Primostar 3 \/ Strichplatte (10mm in 100 Teilen) - mit Einbau in Okular.\n<strong>Aufpreis: 331,93\u20ac plus MwSt (395,00 \u20ac incl. 19% MwSt)<\/strong>\n\nSiehe auch: <a href=\"https:\/\/www.mikroskopie.de\/mikrolive\/download\/Primostar_Mykopaket.pdf\" target=\"_blank\" rel=\"noopener\">Mykologisches Komplettpaket<\/a><\/td>\n\n\n<\/tr>\n\n\n\n\n<tr>\n\n\n<td colspan=\" 2\" =\"\"=\"\">\n\n\n\n<hr>\n\n\n\n<\/td>\n\n\n<\/tr>\n\n\n\n\n<tr>\n\n\n<td colspan=\" 2\" =\"\"=\"\"><\/td>\n\n\n<\/tr>\n\n\n\n\n<tr>\n\n\n<td colspan=\"2\">\n\n\n<h5 style=\"text-align: center;\"><b>Kombipaket 2:&nbsp; Mikroskopk\u00f6rper Stemi 305 trino \/ Stativ K EDU \/ Doppelspot-Leuchte K LED \/ Mikroskopkamera MikroLive 6,4MP<\/b><\/h5>\n\n\n<\/td>\n\n\n<\/tr>\n\n\n\n\n<tr>\n\n\n<td valign=\"top\"><img loading=\"lazy\" decoding=\"async\" class=\"alignnone size-full wp-image-2631\" src=\"https:\/\/www.mikroskopie.de\/wp-content\/uploads\/2020\/03\/stemi_305_edu.jpg\" alt=\"\" width=\"500\" height=\"440\" srcset=\"https:\/\/www.mikroskopie.de\/wp-content\/uploads\/2020\/03\/stemi_305_edu.jpg 500w, https:\/\/www.mikroskopie.de\/wp-content\/uploads\/2020\/03\/stemi_305_edu-320x282.jpg 320w, https:\/\/www.mikroskopie.de\/wp-content\/uploads\/2020\/03\/stemi_305_edu-450x396.jpg 450w\" sizes=\"auto, (max-width: 500px) 100vw, 500px\" \/><\/td>\n\n\n\n\n<td valign=\"top\">Listenpreis&nbsp; : 2624,25\u20ac plus MwSt (3122,86\u20ac incl. 19% MwSt.)\nPaketpreis:<strong> 2184,87\u20ac plus MwSt (2600,00\u20ac incl. 19% MwSt.)<\/strong>\nAnfrage per EMail: <a href=\"mailto:linkenheld@mikroskopie.de?subject=Frage zum Mikroskopie-Kombipaket 2\">Anfrage zum Kombipaket<\/a>\n\n[gallery link=\"file\" columns=\"1\" size=\"small\" ids=\"2533\"]\n\nAufnahme mit diesem Kombipaket (Mausklick auf Bild \u00f6ffnet vergr\u00f6\u00dferte Ansicht).<\/td>\n\n\n<\/tr>\n\n\n--><\/p>\n<tr>\n<td colspan=\"2\">\n<hr>\n<\/td>\n<\/tr>\n<tr>\n<td colspan=\"2\">\n<h5 style=\"text-align: center;\"><b>Kombipaket 3:&nbsp; BA210LED Trinokular \/ C-Mount 0,5x \/&nbsp; Mikroskopkamera MikroLive 6,4MP<br \/>\n<\/b><\/h5>\n<\/td>\n<\/tr>\n<tr>\n<td valign=\"top\">\n<div align=\"center\"><img loading=\"lazy\" decoding=\"async\" class=\"alignnone size-full wp-image-2650\" src=\"https:\/\/www.mikroskopie.de\/wp-content\/uploads\/2020\/03\/ba210_ML_klein.jpg\" alt=\"\" width=\"500\" height=\"453\" srcset=\"https:\/\/www.mikroskopie.de\/wp-content\/uploads\/2020\/03\/ba210_ML_klein.jpg 500w, https:\/\/www.mikroskopie.de\/wp-content\/uploads\/2020\/03\/ba210_ML_klein-320x290.jpg 320w, https:\/\/www.mikroskopie.de\/wp-content\/uploads\/2020\/03\/ba210_ML_klein-450x408.jpg 450w\" sizes=\"auto, (max-width: 500px) 100vw, 500px\" \/><\/div>\n<\/td>\n<td valign=\"top\">Listenpreis : 1989,25\u20ac plus MwSt (2367,21\u20ac incl. 19% MwSt.)<br \/>\nPaketpreis: <strong>1596,64\u20ac plus MwSt (1900,00\u20ac incl. MwSt.)<\/strong><br \/>\nAnfrage per EMail: <a href=\"mailto:linkenheld@mikroskopie.de?subject=Frage zum Mikroskopie-Kombipaket 3\">Anfrage zum Kombipaket<\/a><\/p>\n\n\t\t<style type=\"text\/css\">\n\t\t\t#gallery-1 {\n\t\t\t\tmargin: auto;\n\t\t\t}\n\t\t\t#gallery-1 .gallery-item {\n\t\t\t\tfloat: left;\n\t\t\t\tmargin-top: 10px;\n\t\t\t\ttext-align: center;\n\t\t\t\twidth: 100%;\n\t\t\t}\n\t\t\t#gallery-1 img {\n\t\t\t\tborder: 2px solid #cfcfcf;\n\t\t\t}\n\t\t\t#gallery-1 .gallery-caption {\n\t\t\t\tmargin-left: 0;\n\t\t\t}\n\t\t\t\/* see gallery_shortcode() in wp-includes\/media.php *\/\n\t\t<\/style>\n\t\t<div id='gallery-1' class='gallery galleryid-1587 gallery-columns-1 gallery-size-small'><dl class='gallery-item'>\n\t\t\t<dt class='gallery-icon landscape'>\n\t\t\t\t<a href='https:\/\/www.mikroskopie.de\/wp-content\/uploads\/2020\/03\/BA210_10X_05.jpg' title=\"Objektiv 10x\" data-rl_title=\"Objektiv 10x\" class=\"rl-gallery-link\" data-rl_caption=\"\" data-rel=\"lightbox-gallery-1\"><img loading=\"lazy\" decoding=\"async\" width=\"1200\" height=\"800\" src=\"https:\/\/www.mikroskopie.de\/wp-content\/uploads\/2020\/03\/BA210_10X_05.jpg\" class=\"attachment-small size-small\" alt=\"\" srcset=\"https:\/\/www.mikroskopie.de\/wp-content\/uploads\/2020\/03\/BA210_10X_05.jpg 1200w, https:\/\/www.mikroskopie.de\/wp-content\/uploads\/2020\/03\/BA210_10X_05-320x213.jpg 320w, https:\/\/www.mikroskopie.de\/wp-content\/uploads\/2020\/03\/BA210_10X_05-450x300.jpg 450w, https:\/\/www.mikroskopie.de\/wp-content\/uploads\/2020\/03\/BA210_10X_05-768x512.jpg 768w\" sizes=\"auto, (max-width: 1200px) 100vw, 1200px\" \/><\/a>\n\t\t\t<\/dt><\/dl><br style=\"clear: both\" \/>\n\t\t<\/div>\n\n<p>Aufnahme mit diesem Kombipaket (Mausklick auf Bild \u00f6ffnet vergr\u00f6\u00dferte Ansicht).<\/td>\n<\/tr>\n<tr>\n<td colspan=\"2\">\n<hr>\n<\/td>\n<\/tr>\n<tr>\n<td colspan=\"2\">\n<h5 style=\"text-align: center;\">Kombipaket 4 &amp; 5:&nbsp; Kamera-Adapter Zeiss 60N \/ Mikroskopkamera MikroLive<\/h5>\n<\/td>\n<\/tr>\n<tr>\n<td>\n<div align=\"center\"><img loading=\"lazy\" decoding=\"async\" class=\"alignnone size-full wp-image-2661\" src=\"https:\/\/www.mikroskopie.de\/wp-content\/uploads\/2020\/03\/ML_Zeiss-Adapter_klein.jpg\" alt=\"\" width=\"500\" height=\"408\" srcset=\"https:\/\/www.mikroskopie.de\/wp-content\/uploads\/2020\/03\/ML_Zeiss-Adapter_klein.jpg 500w, https:\/\/www.mikroskopie.de\/wp-content\/uploads\/2020\/03\/ML_Zeiss-Adapter_klein-320x261.jpg 320w, https:\/\/www.mikroskopie.de\/wp-content\/uploads\/2020\/03\/ML_Zeiss-Adapter_klein-450x367.jpg 450w\" sizes=\"auto, (max-width: 500px) 100vw, 500px\" \/><\/div>\n<\/td>\n<td valign=\"top\">\n<h5>Kombipaket 4:<br \/>\nKamera-Adapter Zeiss 60N-C 2\/3&#8220; 0,5x \/ Mikroskopkamera MikroLive 6,4MP<\/h5>\n<p>Listenpreis : 1158,35\u20ac plus MwSt (1378,44\u20ac incl. 19% MwSt.)<br \/>\nPaketpreis: <strong>974,79\u20ac plus MwSt (1160,00\u20ac incl. 19% MwSt.)<\/strong><br \/>\nAnfrage per EMail: <a href=\"mailto:linkenheld@mikroskopie.de?subject=Frage zum Mikroskopie-Kombipaket 4\">Anfrage zum Kombipaket<\/a><br \/>\n<br class=\"clear\"><\/p>\n<h5>Kombipaket 5:<br \/>\nKamera-Adapter Zeiss 60N-C 2\/3&#8220; 0,63x \/ Mikroskopkamera MikroLive MultiFormat<\/h5>\n<p>Listenpreis : 1384,93\u20ac plus MwSt (1648,07\u20ac incl. 19% MwSt.)<br \/>\nPaketpreis:<strong> 1176,47\u20ac plus MwSt (1400,00\u20ac incl. 19% MwSt.)<\/strong><br \/>\nAnfrage per EMail: <a href=\"mailto:linkenheld@mikroskopie.de?subject=Frage zum Mikroskopie-Kombipaket 5\">Anfrage zum Kombipaket<\/a><\/td>\n<\/tr>\n<tr>\n<td colspan=\"2\">\n<hr>\n<\/td>\n<\/tr>\n<tr>\n<td colspan=\"2\">\n<h5 style=\"text-align: center;\">Kombipaket 6 &amp; 7:&nbsp; Kamera-Adapter Motic \/ Mikroskopkamera MikroLive<\/h5>\n<\/td>\n<\/tr>\n<tr>\n<td>\n<div align=\"center\"><img loading=\"lazy\" decoding=\"async\" class=\"alignnone size-full wp-image-2670\" src=\"https:\/\/www.mikroskopie.de\/wp-content\/uploads\/2020\/03\/ML_plus_Motic_klein.jpg\" alt=\"\" width=\"500\" height=\"366\" srcset=\"https:\/\/www.mikroskopie.de\/wp-content\/uploads\/2020\/03\/ML_plus_Motic_klein.jpg 500w, https:\/\/www.mikroskopie.de\/wp-content\/uploads\/2020\/03\/ML_plus_Motic_klein-320x234.jpg 320w, https:\/\/www.mikroskopie.de\/wp-content\/uploads\/2020\/03\/ML_plus_Motic_klein-450x329.jpg 450w\" sizes=\"auto, (max-width: 500px) 100vw, 500px\" \/><\/div>\n<\/td>\n<td valign=\"top\">\n<h5>Kombipaket 6:<br \/>\nKamera-Adapter Motic 0,5x \/ Mikroskopkamera MikroLive 6,4MP<\/h5>\n<p>Listenpreis : 786,25\u20ac plus MwSt (935,64\u20ac incl. MwSt.)<br \/>\nPaketpreis:<strong> 693,28\u20ac plus MwSt (825,00\u20ac incl. MwSt.)<\/strong><br \/>\nAnfrage per EMail: <a href=\"mailto:linkenheld@mikroskopie.de?subject=Frage zum Mikroskopie-Kombipaket 6\">Anfrage zum Kombipaket<\/a><br \/>\n<br class=\"clear\"><\/p>\n<h5>Kombipaket 7:<br \/>\nKamera-Adapter Motic 0,65x \/ Mikroskopkamera MikroLive MultiFormat<\/h5>\n<p>Listenpreis : 954,32\u20ac plus MwSt (1135,64\u20ac incl. MwSt.)<br \/>\nPaketpreis:<strong> 836,13\u20ac plus MwSt (995,00\u20ac incl. MwSt.)<\/strong><br \/>\nAnfrage per EMail: <a href=\"mailto:linkenheld@mikroskopie.de?subject=Frage zum Mikroskopie-Kombipaket 7\">Anfrage zum Kombipaket<\/a><\/td>\n<\/tr>\n<tr>\n<td colspan=\"2\">\n<hr>\n<\/td>\n<\/tr>\n<\/tbody>\n<\/table>\n<table class=\"unten\" border=\"0\" width=\"1050\" cellspacing=\"0\">\n<tbody>\n<tr>\n<td valign=\"middle\" width=\"50\"><a href=\"https:\/\/www.mikroskopie.de\"><img loading=\"lazy\" decoding=\"async\" src=\"grafiken\/logo.gif\" alt=\"Zur Startseite von mikroskopie.de\" width=\"27\" height=\"35\" border=\"0\"><\/a><\/td>\n<td width=\"825\">\u00a9 2024 <a href=\"mailto:linkenheld@mikroskopie.de\">Christian Linkenheld<\/a> \/ Elisabethenstr. 16 \/ 67105 Schifferstadt \/ Telefon:06235 4910210<\/td>\n<td width=\"169\"><\/td>\n<\/tr>\n<tr>\n<td style=\"text-align: right;\" colspan=\"3\"><a href=\"?page_id=213\">Impressum<\/a> | <a href=\"?page_id=2020\">Datenschutz<\/a> | <a href=\"?page_id=1035\">AGB<\/a> || <a href=\"?page_id=192\">Anfahrt<\/a> | <a href=\"?page_id=956\">Team<\/a><\/td>\n<\/tr>\n<\/tbody>\n<\/table>\n","protected":false},"excerpt":{"rendered":"<p>Aktuelle Kombipakete auf mikroskopie.de Ist unter den aufgef\u00fchrten Kombipaketen nichts Passendes f\u00fcr Sie dabei? Dann kontaktieren Sie uns einfach f\u00fcr ein individuelles Kombipaket. Kombipaket 3:&nbsp; BA210LED Trinokular \/ C-Mount 0,5x \/&nbsp; Mikroskopkamera MikroLive 6,4MP Listenpreis : 1989,25\u20ac plus MwSt (2367,21\u20ac incl. 19% MwSt.) Paketpreis: 1596,64\u20ac plus MwSt (1900,00\u20ac incl. MwSt.) Anfrage per EMail: Anfrage zum [&hellip;]<\/p>\n","protected":false},"author":1,"featured_media":0,"parent":0,"menu_order":0,"comment_status":"closed","ping_status":"closed","template":"","meta":{"_genesis_hide_title":false,"_genesis_hide_breadcrumbs":false,"_genesis_hide_singular_image":false,"_genesis_hide_footer_widgets":false,"_genesis_custom_body_class":"","_genesis_custom_post_class":"","_genesis_layout":"","footnotes":""},"class_list":{"0":"post-1587","1":"page","2":"type-page","3":"status-publish","5":"entry"},"_links":{"self":[{"href":"https:\/\/www.mikroskopie.de\/index.php?rest_route=\/wp\/v2\/pages\/1587","targetHints":{"allow":["GET"]}}],"collection":[{"href":"https:\/\/www.mikroskopie.de\/index.php?rest_route=\/wp\/v2\/pages"}],"about":[{"href":"https:\/\/www.mikroskopie.de\/index.php?rest_route=\/wp\/v2\/types\/page"}],"author":[{"embeddable":true,"href":"https:\/\/www.mikroskopie.de\/index.php?rest_route=\/wp\/v2\/users\/1"}],"replies":[{"embeddable":true,"href":"https:\/\/www.mikroskopie.de\/index.php?rest_route=%2Fwp%2Fv2%2Fcomments&post=1587"}],"version-history":[{"count":72,"href":"https:\/\/www.mikroskopie.de\/index.php?rest_route=\/wp\/v2\/pages\/1587\/revisions"}],"predecessor-version":[{"id":4694,"href":"https:\/\/www.mikroskopie.de\/index.php?rest_route=\/wp\/v2\/pages\/1587\/revisions\/4694"}],"wp:attachment":[{"href":"https:\/\/www.mikroskopie.de\/index.php?rest_route=%2Fwp%2Fv2%2Fmedia&parent=1587"}],"curies":[{"name":"wp","href":"https:\/\/api.w.org\/{rel}","templated":true}]}}