{"id":169,"date":"2015-11-17T13:57:06","date_gmt":"2015-11-17T12:57:06","guid":{"rendered":"http:www.mikroskopie.de\/?page_id=169"},"modified":"2024-04-18T09:10:00","modified_gmt":"2024-04-18T08:10:00","slug":"stemi-305","status":"publish","type":"page","link":"https:\/\/www.mikroskopie.de\/?page_id=169","title":{"rendered":"Stemi 305"},"content":{"rendered":"<table class=\"mytable\" cellspacing=\"0\" cellpadding=\"2\">\n<tbody>\n<tr>\n<td align=\"left\" valign=\"middle\">Carl Zeiss<\/p>\n<p><b>Stereomikroskop Stemi 305<\/b>:<\/p>\n<p>Der perfekte Einstieg in die Stereomikroskopie<\/p>\n<hr \/>\n<\/td>\n<td>\n<div align=\" center\"><img decoding=\"async\" src=\"grafiken\/zeiss\/stemi305.jpg\" alt=\"\" \/><\/div>\n<\/td>\n<td align=\"right\" valign=\"top\" width=\"200\">\n<div align=\"right\">\n<table class=\"mytable\" border=\"0\" width=\"200\" cellspacing=\"0\" cellpadding=\"2\">\n<tbody>\n<tr>\n<td class=\"mytable\">Carl Zeiss:<br \/>\n<a href=\"?page_id=221\">Primostar 3<\/a><br \/>\n<a href=\"?page_id=169\">Stemi 305<\/a><br \/>\n<a href=\"?page_id=171\">Stemi 508<\/a><br \/>\n<a href=\"?page_id=223\">Axiolab 5<\/a><\/td>\n<td class=\"mytable\">Motic:<br \/>\n<a href=\"?page_id=231\">BA210LED<\/a><br \/>\n<a href=\"?page_id=235\">BA210E<\/a><br \/>\n<a href=\"?page_id=229\">BA310LED<\/a><br \/>\n<a href=\"?page_id=233\">BA310E<\/a><br \/>\n<a href=\"?page_id=241\">BA410E<\/a><br \/>\n<a href=\"?page_id=237\">SMZ171<\/a><br \/>\n<a href=\"?page_id=243\">AE2000<\/a><br \/>\n<a href=\"?page_id=1779\">Panthera C2<\/a><\/td>\n<\/tr>\n<\/tbody>\n<\/table>\n<\/div>\n<\/td>\n<\/tr>\n<\/tbody>\n<\/table>\n<p><div class=\"responsive-tabs\">\n<h2 class=\"tabtitle\">Merkmale<\/h2>\n<div class=\"tabcontent\">\n<br \/>\nDas Stemi 305 ist das ideale Stereomikroskop f\u00fcr Ausbildung, Routine und Hobby. Trotz niedrigen Preises \u00fcberzeugt es durch eine stimmige Systemkonzeption und durchweg hervorragende Abbildungseigenschaften. Die trinokulare Version erm\u00f6glicht zudem die einfache digitale Dokumentation per fest eingebautem C-Mount-Adapter 0,5x.<br \/>\nDaneben zeichnet sich das Stemi 305 durch folgende Eigenschaften aus:<\/p>\n<ul>\n<li>Zoombereich 5:1 (0,8x &#8211; 4,0x) mit 5 reproduzierbaren Rastpositionen 0,8x\/1x\/2x\/3x\/4x<\/li>\n<li>Vergr\u00f6\u00dferungsbereich 8x &#8211; 40x mit Okulaten 10x (durch Vorsatzsysteme modifizierbar)<\/li>\n<li>Arbeitsabstand (FWD) ohne Vorsatzsystem 110 mm<\/li>\n<li>Vorsatzsysteme 0,5x (FWD 185 mm), 0,75x (FWD 128 mm), 1,5x (FWD 56 mm), 2x (FWD 43 mm)<\/li>\n<li>10x\/23 Okulare mit gro\u00dfem Sehfeld<\/li>\n<li>\u00e4u\u00dferst vielf\u00e4ltige Beleuchtungsm\u00f6glichkeiten<\/li>\n<\/ul>\n<p>\n<\/div><h2 class=\"tabtitle\">Kameraadaption<\/h2>\n<div class=\"tabcontent\">\n<br \/>\nDie trinokulare Version des Stemi 305 verf\u00fcgt \u00fcber einen fest eingebauten C-Mount-Adapter 0,5x. An diesen lassen sich Kameras bis zu einer Sensorgr\u00f6\u00dfe von 2\/3&#8243; adaptieren. Bei vielen Stereomikroskopen erfolgt eine alternative Lichtf\u00fchrung zwischen einem Okularausgang und dem Senkrechttubus zur Dokumentation. Beim Stemi 305 dagegen sind alle Ausg\u00e4nge immer aktiv und w\u00e4hrend der digitalen Dokumentation bleibt das Untersuchungsobjekt durch beide Okulare dreidimensional sichtbar.<\/p>\n<div align=\"center\"><iframe loading=\"lazy\" src=\"https:\/\/www.mikroskopie.de\/kameraadaptionen\/stemi305\/stemi_305_c_mount.html\" width=\"925\" height=\"680\" frameborder=\"0\"><\/iframe><\/div>\n\n<\/div><h2 class=\"tabtitle\">Beispielbilder<\/h2>\n<div class=\"tabcontent\">\n\n<div align=\"center\"><img decoding=\"async\" src=\"grafiken\/zeiss\/stemi_305_08_klein.jpg\" alt=\"\" \/><\/div>\n<p>Gelbflechte (Gattung <i>Xanthoria<\/i>) \/ Mischbeleuchtung aus integrierter Vertikalbeleuchtung und Spot-Leuchte K LED \/ Zoom-Rastposition 0,8x \/ integrierter C-Mount-Adapter 0,5x \/ <a href=\"?page_id=2\">Kamerasystem MikroLive USB3 5MP<\/a><\/p>\n<div align=\"center\"><img decoding=\"async\" src=\"grafiken\/zeiss\/stemi305_2_ml_klein.jpg\" alt=\"\" \/><\/div>\n<p>Geldschein (20\u20ac) \/ Spot-Leuchte K LED \/ Zoom-Rastposition 2,0x \/ integrierter C-Mount-Adapter 0,5x \/ <a href=\"?page_id=2\">Kamerasystem MikroLive USB3 5MP<\/a><br \/>\n\n<\/div><h2 class=\"tabtitle\">Preise &amp; Informationsmaterial<\/h2>\n<div class=\"tabcontent\">\n<br \/>\nBeispielkonfigurationen:<\/p>\n<table class=\"mytable\" border=\"0\" cellspacing=\"0\" cellpadding=\"25\">\n<tbody>\n<tr>\n<td align=\"center\"><img loading=\"lazy\" decoding=\"async\" src=\"grafiken\/zeiss\/305_edu.jpg\" alt=\"\" width=\"300\" height=\"300\" \/><\/td>\n<td align=\"center\"><img loading=\"lazy\" decoding=\"async\" src=\"grafiken\/zeiss\/305_lab.jpg\" alt=\"\" width=\"300\" height=\"300\" \/><\/td>\n<td align=\"center\"><img loading=\"lazy\" decoding=\"async\" src=\"grafiken\/zeiss\/305_mat.jpg\" alt=\"\" width=\"300\" height=\"300\" \/><\/td>\n<\/tr>\n<tr>\n<td class=\"mytable\">Stereomikroskop Stemi 305 EDU (Zoom 8x\u202640x) mit:<\/p>\n<ul>\n<li>Mikroskopk\u00f6rper Stemi 305 mit integrierter Vertikalbeleuchtung<\/li>\n<li>Stativ K EDU mit Durchlicht f\u00fcr Hell- und Dunkelfeld<\/li>\n<li>Spot-Leuchte K LED<\/li>\n<\/ul>\n<\/td>\n<td class=\"mytable\">Stereomikroskop Stemi 305 LAB (Zoom 8\u202640x) mit:<\/p>\n<ul>\n<li>Mikroskopk\u00f6rper Stemi 305 mit integrierter Vertikalbeleuchtung<\/li>\n<li>Stativ K LAB f\u00fcr Hell- und Dunkelfeld im Durchlicht sowie schr\u00e4ges Durchlicht mithilfe eines dreh- und verschiebbaren Spiegels<\/li>\n<li>Doppelspot-Leuchte K LED<\/li>\n<\/ul>\n<\/td>\n<td class=\"mytable\">Stereomikroskop Stemi 305 MAT (Zoom 8x\u202640x) mit:<\/p>\n<ul>\n<li>Mikroskopk\u00f6rper Stemi 305 mit integrierter Vertikalbeleuchtung und ESD-Schutzfunktion (antistatische Oberfl\u00e4che)<\/li>\n<li>Stativ K MAT<\/li>\n<li>Ringleuchte K LED segmentierbar<\/li>\n<\/ul>\n<\/td>\n<\/tr>\n<tr>\n<td>Listenpreis incl. MwSt &amp; Versand: 1551,76\u20ac *<\/td>\n<td>Listenpreis incl. MwSt &amp; Versand: 2062,27\u20ac *<\/td>\n<td>Listenpreis incl. MwSt &amp; Versand: 1890,91\u20ac *<\/td>\n<\/tr>\n<\/tbody>\n<\/table>\n<p style=\"text-align: center;\">* <strong><a href=\"mailto:linkenheld@mikroskopie.de?subject=Frage zum Stemi 305\">Kontaktieren Sie uns f\u00fcr Ihr individuelles Angebot<\/a><\/strong><\/p>\n<p><a href=\"pdf\/zeiss\/Stemi_305.pdf\" target=\"_blank\" rel=\"noopener noreferrer\">Ausf\u00fchrliche Produktbeschreibung Stemi 305 mit System\u00fcbersicht (PDF \/ 8MB)<\/a><br \/>\n<a href=\"pdf\/zeiss\/Stemi_305_om.pdf\" target=\"_blank\" rel=\"noopener noreferrer\">Bedienungsanleitung Stemi 305 (PDF \/ 2,4MB)<\/a><br \/>\n\n<\/div><h2 class=\"tabtitle\">Ihre Anfrage zum Stemi 305<\/h2>\n<div class=\"tabcontent\">\n<br \/>\nTelefonisch: 06235 4910210<br \/>\nPer EMail: <a href=\"mailto:linkenheld@mikroskopie.de?subject=Frage zum Stemi 305\">Anfrage zum Stemi 305<\/a><\/p>\n<\/div><\/div>\n<table class=\"unten\" border=\"0\" width=\"1050\" cellspacing=\"0\">\n<tbody>\n<tr>\n<td valign=\"middle\" width=\"50\"><a href=\"https:\/\/www.mikroskopie.de\"><img loading=\"lazy\" decoding=\"async\" src=\"grafiken\/logo.gif\" alt=\"Zur Startseite von mikroskopie.de\" width=\"27\" height=\"35\" border=\"0\" \/><\/a><\/td>\n<td width=\"825\">\u00a9 2022 <a href=\"mailto:linkenheld@mikroskopie.de\">Christian Linkenheld<\/a> \/ Elisabethenstr. 16 \/ 67105 Schifferstadt \/ Telefon: 06235 4910210<\/td>\n<td width=\"169\"><\/td>\n<\/tr>\n<tr>\n<td style=\"text-align: right;\" colspan=\"3\"><a href=\"?page_id=213\">Impressum<\/a> | <a href=\"?page_id=2020\">Datenschutz<\/a> | <a href=\"?page_id=1035\">AGB<\/a> \u00a0\u00a0||\u00a0\u00a0 <a href=\"?page_id=192\">Anfahrt<\/a> | <a href=\"?page_id=956\">Team<\/a><\/td>\n<\/tr>\n<\/tbody>\n<\/table>\n","protected":false},"excerpt":{"rendered":"<p>Carl Zeiss Stereomikroskop Stemi 305: Der perfekte Einstieg in die Stereomikroskopie Carl Zeiss: Primostar 3 Stemi 305 Stemi 508 Axiolab 5 Motic: BA210LED BA210E BA310LED BA310E BA410E SMZ171 AE2000 Panthera C2 Das Stemi 305 ist das ideale Stereomikroskop f\u00fcr Ausbildung, Routine und Hobby. Trotz niedrigen Preises \u00fcberzeugt es durch eine stimmige Systemkonzeption und durchweg hervorragende [&hellip;]<\/p>\n","protected":false},"author":1,"featured_media":0,"parent":167,"menu_order":0,"comment_status":"closed","ping_status":"closed","template":"","meta":{"_genesis_hide_title":false,"_genesis_hide_breadcrumbs":false,"_genesis_hide_singular_image":false,"_genesis_hide_footer_widgets":false,"_genesis_custom_body_class":"","_genesis_custom_post_class":"","_genesis_layout":"","footnotes":""},"class_list":{"0":"post-169","1":"page","2":"type-page","3":"status-publish","5":"entry"},"_links":{"self":[{"href":"https:\/\/www.mikroskopie.de\/index.php?rest_route=\/wp\/v2\/pages\/169","targetHints":{"allow":["GET"]}}],"collection":[{"href":"https:\/\/www.mikroskopie.de\/index.php?rest_route=\/wp\/v2\/pages"}],"about":[{"href":"https:\/\/www.mikroskopie.de\/index.php?rest_route=\/wp\/v2\/types\/page"}],"author":[{"embeddable":true,"href":"https:\/\/www.mikroskopie.de\/index.php?rest_route=\/wp\/v2\/users\/1"}],"replies":[{"embeddable":true,"href":"https:\/\/www.mikroskopie.de\/index.php?rest_route=%2Fwp%2Fv2%2Fcomments&post=169"}],"version-history":[{"count":66,"href":"https:\/\/www.mikroskopie.de\/index.php?rest_route=\/wp\/v2\/pages\/169\/revisions"}],"predecessor-version":[{"id":4628,"href":"https:\/\/www.mikroskopie.de\/index.php?rest_route=\/wp\/v2\/pages\/169\/revisions\/4628"}],"up":[{"embeddable":true,"href":"https:\/\/www.mikroskopie.de\/index.php?rest_route=\/wp\/v2\/pages\/167"}],"wp:attachment":[{"href":"https:\/\/www.mikroskopie.de\/index.php?rest_route=%2Fwp%2Fv2%2Fmedia&parent=169"}],"curies":[{"name":"wp","href":"https:\/\/api.w.org\/{rel}","templated":true}]}}