{"id":171,"date":"2015-11-17T13:57:34","date_gmt":"2015-11-17T12:57:34","guid":{"rendered":"http:www.mikroskopie.de\/?page_id=171"},"modified":"2024-04-18T09:10:19","modified_gmt":"2024-04-18T08:10:19","slug":"stemi-508","status":"publish","type":"page","link":"https:\/\/www.mikroskopie.de\/?page_id=171","title":{"rendered":"Stemi 508"},"content":{"rendered":"<table class=\"mytable\" cellspacing=\"0\" cellpadding=\"2\">\n<tbody>\n<tr>\n<td align=\"left\" valign=\"middle\">Carl Zeiss<\/p>\n<p><b>Stereomikroskop Stemi 508<\/b>:<\/p>\n<p>Das apochromatsich korrigierte Stereomikroskop<\/td>\n<td>\n<div align=\"center\"><img decoding=\"async\" src=\"grafiken\/zeiss\/stemi508.jpg\" alt=\"\" \/><\/div>\n<\/td>\n<td align=\"right\" valign=\"top\" width=\"200\">\n<div align=\"right\">\n<table class=\"mytable\" border=\"0\" width=\"200\" cellspacing=\"0\" cellpadding=\"2\">\n<tbody>\n<tr>\n<td class=\"mytable\">Carl Zeiss:<br \/>\n<a href=\"?page_id=221\">Primostar 3<\/a><br \/>\n<a href=\"?page_id=169\">Stemi 305<\/a><br \/>\n<a href=\"?page_id=171\">Stemi 508<\/a><br \/>\n<a href=\"?page_id=223\">Axiolab 5<\/a><\/td>\n<td class=\"mytable\">Motic:<br \/>\n<a href=\"?page_id=231\">BA210LED<\/a><br \/>\n<a href=\"?page_id=235\">BA210E<\/a><br \/>\n<a href=\"?page_id=229\">BA310LED<\/a><br \/>\n<a href=\"?page_id=233\">BA310E<\/a><br \/>\n<a href=\"?page_id=241\">BA410E<\/a><br \/>\n<a href=\"?page_id=237\">SMZ171<\/a><br \/>\n<a href=\"?page_id=243\">AE2000<\/a><br \/>\n<a href=\"?page_id=1779\">Panthera C2<\/a><\/td>\n<\/tr>\n<\/tbody>\n<\/table>\n<\/div>\n<\/td>\n<\/tr>\n<\/tbody>\n<\/table>\n<p><div class=\"responsive-tabs\">\n<h2 class=\"tabtitle\">Merkmale<\/h2>\n<div class=\"tabcontent\">\n<br \/>\nDas Stemi 508 bietet durch seine apochromatisch korrigierte Optik hinsichtlich Farbkorrektur und Sch\u00e4rfe eine au\u00dfergew\u00f6hnlich gute Bildqualit\u00e4t, die das Mikroskop auch f\u00fcr die digitale Dokumentation pr\u00e4destinieren.<br \/>\nDaneben zeichnet sich das Stemi 508 durch folgende Eigenschaften aus:<\/p>\n<ul>\n<li>gro\u00dfer Zoombereich 8:1 (0,63x &#8211; 5,0x) mit 10 reproduzierbaren Rastpositionen 0,63x\/0,8x\/1x\/1,25x\/1,6x\/2x\/2,5x\/3,2x\/4x\/5x<\/li>\n<li>Vergr\u00f6\u00dferungsbereich 6,3x &#8211; 50x mit Okulaten 10x (durch Okulare und Vorsatzsysteme modifizierbar)<\/li>\n<li>Arbeitsabstand (FWD) ohne Vorsatzsystem 92 mm<\/li>\n<li>Vorsatzsysteme 0,3x (FWD 287 mm), 0,4x (FWD 211 mm), 0,63x (FWD 127 mm), 1,5x (FWD 53 mm), 2x (FWD 35 mm) und Vario-Vorsatzsystem 0,3x-0,5x (FWD 233-90 mm)<\/li>\n<li>Okularaufnahme 30mm mit maximaler Sehfeldzahl 23mm<\/li>\n<li>10x\/23 Okulare mit gro\u00dfem Sehfeld<\/li>\n<li>ergonomischer Einblickwinkel 35\u00b0 mit Augenabstand 55-75 mm<\/li>\n<\/ul>\n<p>\n<\/div><h2 class=\"tabtitle\">Kameraadaption<\/h2>\n<div class=\"tabcontent\">\n<br \/>\nF\u00fcr die Adaption einer Kamera ist der Mikroskopk\u00f6rper Stemi 508 doc (mit Umschaltung 100vis\/100doc rechts) oder Stemi 508 trino (mit fester Teilung 50vis:50doc rechts) erforderlich. Diese Mikroskopk\u00f6rper verf\u00fcgen \u00fcber einen Kameraausgang mit der Schnittstelle 60N. Bereits im Lieferumfang des Stemi 508 doc enthalten ist der Kameraadapter 60N-C-Mount 2\/3&#8243; 0,5x. Optional sind weitere C-Mount-Adapter erh\u00e4ltlich. Ebenfalls m\u00f6glich ist die Adaption einer handels\u00fcblichen Systemkamera.<\/p>\n<div align=\"center\"><iframe loading=\"lazy\" src=\"https:\/\/www.mikroskopie.de\/kameraadaptionen\/stemi508\/stemi_508_c_mount.html\" width=\"925\" height=\"710\" frameborder=\"0\"><\/iframe><\/div>\n<div align=\"center\"><iframe loading=\"lazy\" src=\"https:\/\/www.mikroskopie.de\/kameraadaptionen\/stemi508\/stemi_508_systemkamera.html\" width=\"925\" height=\"710\" frameborder=\"0\"><\/iframe><\/div>\n\n<\/div><h2 class=\"tabtitle\">Beispielbilder<\/h2>\n<div class=\"tabcontent\">\n\n<div align=\"center\"><img decoding=\"async\" src=\"grafiken\/zeiss\/karte_klein.jpg\" alt=\"\" \/><\/div>\n<p>Ausschnitt aus einer Landkarte \/ Doppelspot-Leuchte \/ Zoom-Rastposition 1x \/ DSLR-Adapter 1,6x \/ Canon EOS 600D &#8211; urspr\u00fcngliche Originalaufl\u00f6sung des Bildes: 5184&#215;3456 Pixel.<\/p>\n<div align=\"center\"><img decoding=\"async\" src=\"grafiken\/zeiss\/karte_detail.jpg\" alt=\"\" \/><\/div>\n<p>Ausschnitt aus dem obigen Bild in der urspr\u00fcnglichen Originalaufl\u00f6sung: Die Bildsch\u00e4rfe wird nur durch die Sch\u00e4rfe des Druckbildes begrenzt.<\/p>\n<div align=\"center\"><img decoding=\"async\" src=\"grafiken\/zeiss\/calluna.jpg\" alt=\"\" \/><\/div>\n<p><i>Calluna vulgaris<\/i> (Besenheide) \/ Ringlicht \/ Zoom-Rastposition 1x \/ DSLR-Adapter 1,6x \/ Canon EOS 600D &#8211; Stack aus 20 Einzelbildern.<\/p>\n<p>\n<\/div><h2 class=\"tabtitle\">Preise &amp; Informationsmaterial<\/h2>\n<div class=\"tabcontent\">\n<br \/>\nBeispielkonfigurationen:<\/p>\n<table class=\"mytable\" border=\"0\" cellspacing=\"0\" cellpadding=\"25\">\n<tbody>\n<tr>\n<td align=\"center\"><img loading=\"lazy\" decoding=\"async\" src=\"grafiken\/zeiss\/stemi508_edu.jpg\" alt=\"\" width=\"300\" height=\"300\" \/><\/td>\n<td align=\"center\"><img loading=\"lazy\" decoding=\"async\" src=\"grafiken\/zeiss\/stemi508_doc_bio.jpg\" alt=\"\" width=\"300\" height=\"300\" \/><\/td>\n<td align=\"center\"><img loading=\"lazy\" decoding=\"async\" src=\"grafiken\/zeiss\/stemi508_doc_mat.jpg\" alt=\"\" width=\"300\" height=\"300\" \/><\/td>\n<\/tr>\n<tr>\n<td class=\"mytable\">Stereomikroskop Stemi 508 (Zoom 6,3x\u202650x) mit:<\/p>\n<ul>\n<li>Mikroskopk\u00f6rper Stemi 508<\/li>\n<li>Augenmuschel 2x<\/li>\n<li>Stativ K EDU mit Durchlicht f\u00fcr Hell- und Dunkelfeld<\/li>\n<li>Spot-Leuchte K LED<\/li>\n<\/ul>\n<\/td>\n<td class=\"mytable\">Stereomikroskop Stemi 508 doc (Zoom 6,3x\u202650x) mit Kamera-Ausgang mit Schnittstelle 60N (Umschaltung 100vis\/100doc) mit:<\/p>\n<ul>\n<li>Mikroskopk\u00f6rper Stemi 508 doc<\/li>\n<li>Augenmuschel 2x<\/li>\n<li>Stativ K LAB f\u00fcr Hell- und Dunkelfeld im Durchlicht sowie schr\u00e4ges Durchlicht mithilfe eines dreh- und verschiebbaren Spiegels<\/li>\n<li>Doppelspot-Leuchte K LED<\/li>\n<\/ul>\n<\/td>\n<td class=\"mytable\">Stereomikroskop Stemi 508 doc (Zoom 6,3x\u202650x) mit Kamera-Ausgang mit Schnittstelle 60N (Umschaltung 100vis\/100doc) mit:<\/p>\n<ul>\n<li>Mikroskopk\u00f6rper Stemi 508 doc<\/li>\n<li>Augenmuschel 2x<\/li>\n<li>Stativ K MAT<\/li>\n<li>Vorsatzoptik 5 Apo 0,63x FWD 127 mm<\/li>\n<li>Ringleuchte K LED segmentierbar<\/li>\n<\/ul>\n<\/td>\n<\/tr>\n<tr>\n<td>Listenpreis incl. MwSt &amp; Versand: 3326,05\u20ac *<\/td>\n<td>Listenpreis incl. MwSt &amp; Versand: 4284,00\u20ac *<\/td>\n<td>Listenpreis incl. MwSt &amp; Versand: 4552,94\u20ac *<\/td>\n<\/tr>\n<\/tbody>\n<\/table>\n<p style=\"text-align: center;\">* <strong><a href=\"mailto:linkenheld@mikroskopie.de?subject=Frage zum Stemi 508\">Kontaktieren Sie uns f\u00fcr Ihr individuelles Angebot<\/a><\/strong><\/p>\n<p><a href=\"pdf\/zeiss\/Stemi_508_Flyer.pdf\" target=\"_blank\" rel=\"noopener noreferrer\">Produktbrosch\u00fcre (PDF \/ 8MB)<\/a><br \/>\n<a href=\"pdf\/zeiss\/operating-manual_Stemi-508.pdf\" target=\"_blank\" rel=\"noopener noreferrer\">Bedienungsanleitung (PDF \/ 3MB)<\/a><br \/>\n<a href=\"pdf\/zeiss\/system-overview_Stemi-508.pdf\" target=\"_blank\" rel=\"noopener noreferrer\">System\u00fcbersicht (PDF \/ 3MB)<\/a><br \/>\n\n<\/div><h2 class=\"tabtitle\">Ihre Anfrage zum Stemi 508<\/h2>\n<div class=\"tabcontent\">\n<br \/>\nTelefonisch: 06235 4910210<br \/>\nPer EMail:\u00a0\u00a0\u00a0 <a href=\"mailto:linkenheld@mikroskopie.de?subject=Frage zum Stemi 508\">Anfrage zum Stemi 508 <\/a><\/p>\n<\/div><\/div>\n<table class=\"unten\" border=\"0\" width=\"1050\" cellspacing=\"0\">\n<tbody>\n<tr>\n<td valign=\"middle\" width=\"50\"><a href=\"https:\/\/www.mikroskopie.de\"><img loading=\"lazy\" decoding=\"async\" src=\"grafiken\/logo.gif\" alt=\"Zur Startseite von mikroskopie.de\" width=\"27\" height=\"35\" border=\"0\" \/><\/a><\/td>\n<td width=\"825\">\u00a9 2022 <a href=\"mailto:linkenheld@mikroskopie.de\">Christian Linkenheld<\/a> \/ Elisabethenstr. 16 \/ 67105 Schifferstadt \/ Telefon: 06235 4910210<\/td>\n<td width=\"169\"><\/td>\n<\/tr>\n<tr>\n<td style=\"text-align: right;\" colspan=\"3\"><a href=\"?page_id=213\">Impressum<\/a> | <a href=\"?page_id=2020\">Datenschutz<\/a> | <a href=\"?page_id=1035\">AGB<\/a> \u00a0\u00a0||\u00a0\u00a0 <a href=\"?page_id=192\">Anfahrt<\/a> | <a href=\"?page_id=956\">Team<\/a><\/td>\n<\/tr>\n<\/tbody>\n<\/table>\n","protected":false},"excerpt":{"rendered":"<p>Carl Zeiss Stereomikroskop Stemi 508: Das apochromatsich korrigierte Stereomikroskop Carl Zeiss: Primostar 3 Stemi 305 Stemi 508 Axiolab 5 Motic: BA210LED BA210E BA310LED BA310E BA410E SMZ171 AE2000 Panthera C2 Das Stemi 508 bietet durch seine apochromatisch korrigierte Optik hinsichtlich Farbkorrektur und Sch\u00e4rfe eine au\u00dfergew\u00f6hnlich gute Bildqualit\u00e4t, die das Mikroskop auch f\u00fcr die digitale Dokumentation pr\u00e4destinieren. [&hellip;]<\/p>\n","protected":false},"author":1,"featured_media":0,"parent":167,"menu_order":0,"comment_status":"closed","ping_status":"closed","template":"","meta":{"_genesis_hide_title":false,"_genesis_hide_breadcrumbs":false,"_genesis_hide_singular_image":false,"_genesis_hide_footer_widgets":false,"_genesis_custom_body_class":"","_genesis_custom_post_class":"","_genesis_layout":"full-width-content","footnotes":""},"class_list":{"0":"post-171","1":"page","2":"type-page","3":"status-publish","5":"entry"},"_links":{"self":[{"href":"https:\/\/www.mikroskopie.de\/index.php?rest_route=\/wp\/v2\/pages\/171","targetHints":{"allow":["GET"]}}],"collection":[{"href":"https:\/\/www.mikroskopie.de\/index.php?rest_route=\/wp\/v2\/pages"}],"about":[{"href":"https:\/\/www.mikroskopie.de\/index.php?rest_route=\/wp\/v2\/types\/page"}],"author":[{"embeddable":true,"href":"https:\/\/www.mikroskopie.de\/index.php?rest_route=\/wp\/v2\/users\/1"}],"replies":[{"embeddable":true,"href":"https:\/\/www.mikroskopie.de\/index.php?rest_route=%2Fwp%2Fv2%2Fcomments&post=171"}],"version-history":[{"count":172,"href":"https:\/\/www.mikroskopie.de\/index.php?rest_route=\/wp\/v2\/pages\/171\/revisions"}],"predecessor-version":[{"id":4629,"href":"https:\/\/www.mikroskopie.de\/index.php?rest_route=\/wp\/v2\/pages\/171\/revisions\/4629"}],"up":[{"embeddable":true,"href":"https:\/\/www.mikroskopie.de\/index.php?rest_route=\/wp\/v2\/pages\/167"}],"wp:attachment":[{"href":"https:\/\/www.mikroskopie.de\/index.php?rest_route=%2Fwp%2Fv2%2Fmedia&parent=171"}],"curies":[{"name":"wp","href":"https:\/\/api.w.org\/{rel}","templated":true}]}}