{"id":1779,"date":"2018-04-09T14:06:15","date_gmt":"2018-04-09T13:06:15","guid":{"rendered":"http:\/\/www.mikroskopie.de\/?page_id=1779"},"modified":"2025-12-11T10:09:42","modified_gmt":"2025-12-11T09:09:42","slug":"panthera-c","status":"publish","type":"page","link":"https:\/\/www.mikroskopie.de\/?page_id=1779","title":{"rendered":"Panthera C2"},"content":{"rendered":"<table class=\"mytable\" cellspacing=\"0\" cellpadding=\"2\">\n<tbody>\n<tr>\n<td align=\"left\" valign=\"middle\">Motic<\/p>\n<p><b>Panthera C2<\/b>:<\/p>\n<p>Das neue Labormikroskop f\u00fcr Biologie und Medizin<br \/>\nmit verbesserter Abbildungsleistung<\/p>\n<hr>\n<\/td>\n<td>\n<div align=\"center\"><img decoding=\"async\" src=\"grafiken\/motic\/Panthera_C.jpg\" alt=\"\"><\/div>\n<\/td>\n<td align=\"right\" valign=\"top\" width=\"200\">\n<div align=\"right\">\n<table class=\"mytable\" border=\"0\" width=\"200\" cellspacing=\"0\" cellpadding=\"2\">\n<tbody>\n<tr>\n<td class=\"mytable\">Carl Zeiss:<br \/>\n<a href=\"?page_id=221\">Primostar 3<\/a><br \/>\n<a href=\"?page_id=169\">Stemi 305<\/a><br \/>\n<a href=\"?page_id=171\">Stemi 508<\/a><br \/>\n<a href=\"?page_id=223\">Axiolab 5<\/a><\/td>\n<td class=\"mytable\">Motic:<br \/>\n<a href=\"?page_id=231\">BA210LED<\/a><br \/>\n<a href=\"?page_id=235\">BA210E<\/a><br \/>\n<a href=\"?page_id=229\">BA310LED<\/a><br \/>\n<a href=\"?page_id=233\">BA310E<\/a><br \/>\n<a href=\"?page_id=241\">BA410E<\/a><br \/>\n<a href=\"?page_id=237\">SMZ171<\/a><br \/>\n<a href=\"?page_id=243\">AE2000<\/a><br \/>\n<a href=\"?page_id=1779\">Panthera C2<\/a><\/td>\n<\/tr>\n<\/tbody>\n<\/table>\n<\/div>\n<\/td>\n<\/tr>\n<\/tbody>\n<\/table>\n<p><div class=\"responsive-tabs\">\n<h2 class=\"tabtitle\">Merkmale<\/h2>\n<div class=\"tabcontent\">\n<br \/>\nDas Mikroskop Motic Panthera C2 l\u00e4sst sich sehr flexibel an die g\u00e4ngigen Anforderungsprofile der Laborroutine in Biologie und Medizin anpassen und zeichnet sich durch folgende Eigenschaften aus:<\/p>\n<ul>\n<li>UC Planachromate mit sehr guter Bildfeldebnung und verbesserter chromatischer Korrektur<\/li>\n<li>Farbkorrigiertes Zwischenbild<\/li>\n<li>Auf Sehfeldzahl 22 erweitertes Sehfeld<\/li>\n<li>K\u00f6hlersche Beleuchtung mit zentrierbarer Leuchtfeldblende<\/li>\n<li>Beleuchtung 3W LED oder 6V\/30W Halogen per Modul wechselbar<\/li>\n<li>Neben Hellfeld, Dunkelfeld und Phasenkontrast ausbaubar f\u00fcr einfache Polarisation<\/li>\n<li>Vielf\u00e4ltige M\u00f6glichkeiten der digitalen Dokumentation<\/li>\n<li>Objektivrevolver f\u00fcr 5 Objektive<\/li>\n<\/ul>\n<p>\n<\/div><h2 class=\"tabtitle\">Kameraadaption<\/h2>\n<div class=\"tabcontent\">\n<br \/>\nDie trinokulare Version des Panthera C2 erm\u00f6glicht sowohl die Adaption spezieller Mikroskopiekameras, die auf dem C-Mount-Standard basieren, als auch herk\u00f6mmlicher Systemkameras (z.B. DSLR mit &#8222;APS-C&#8220;-Sensor).<\/p>\n<div align=\"center\"><iframe loading=\"lazy\" src=\"https:\/\/www.mikroskopie.de\/kameraadaptionen\/panthera\/panthera_c_mount.html\" width=\"800\" height=\"680\" frameborder=\"0\"><\/iframe><\/div>\n<div align=\"center\"><iframe loading=\"lazy\" src=\"https:\/\/www.mikroskopie.de\/kameraadaptionen\/panthera\/panthera_systemkamera.html\" width=\"800\" height=\"680\" frameborder=\"0\"><\/iframe><\/div>\n<p>\n<\/div><h2 class=\"tabtitle\">Beispielbilder<\/h2>\n<div class=\"tabcontent\">\n<br \/>\nDie Objektive Plan UC des Panthera C2 verf\u00fcgen neben einer sehr guten Bildfeldebnung \u00fcber eine verbesserte chromatische Korrektur, was sich insbesondere bei den st\u00e4rker vergr\u00f6\u00dfernden Objektiven (40X \/ 100X) bemerkbar macht. Die beiden nachfolgenden Abbildungen demonstrieren dies im Vergleich zu zwei aktuellen Vergleichsobjektiven unter identischen Aufnahmebedingungen.<\/p>\n<p><img loading=\"lazy\" decoding=\"async\" id=\"phasenkontrast\" class=\"alignnone size-full wp-image-1822\" src=\"https:\/\/www.mikroskopie.de\/wp-content\/uploads\/2018\/04\/40__uc_plan_pc.jpg\" alt=\"\" width=\"1050\" height=\"746\" srcset=\"https:\/\/www.mikroskopie.de\/wp-content\/uploads\/2018\/04\/40__uc_plan_pc.jpg 1050w, https:\/\/www.mikroskopie.de\/wp-content\/uploads\/2018\/04\/40__uc_plan_pc-320x227.jpg 320w, https:\/\/www.mikroskopie.de\/wp-content\/uploads\/2018\/04\/40__uc_plan_pc-450x320.jpg 450w, https:\/\/www.mikroskopie.de\/wp-content\/uploads\/2018\/04\/40__uc_plan_pc-768x546.jpg 768w\" sizes=\"auto, (max-width: 1050px) 100vw, 1050px\" \/><br \/>\nPhasenkontrast 40X &nbsp;&nbsp; (<a href=\"?page_id=1852\">Darstellung mit Foto-Slider \u00f6ffnen<\/a>)<\/p>\n<p><img loading=\"lazy\" decoding=\"async\" class=\"alignnone size-full wp-image-1823\" src=\"https:\/\/www.mikroskopie.de\/wp-content\/uploads\/2018\/04\/100__uc_plan.jpg\" alt=\"\" width=\"1050\" height=\"701\" srcset=\"https:\/\/www.mikroskopie.de\/wp-content\/uploads\/2018\/04\/100__uc_plan.jpg 1050w, https:\/\/www.mikroskopie.de\/wp-content\/uploads\/2018\/04\/100__uc_plan-320x214.jpg 320w, https:\/\/www.mikroskopie.de\/wp-content\/uploads\/2018\/04\/100__uc_plan-450x300.jpg 450w, https:\/\/www.mikroskopie.de\/wp-content\/uploads\/2018\/04\/100__uc_plan-768x513.jpg 768w\" sizes=\"auto, (max-width: 1050px) 100vw, 1050px\" \/><br \/>\nHellfeld 100X (\u00d6limmersion) &nbsp;&nbsp; (<a href=\"?page_id=1874\">Darstellung mit Foto-Slider \u00f6ffnen<\/a>)<\/p>\n<p>\n<\/div><h2 class=\"tabtitle\">Preise &amp; Informationsmaterial<\/h2>\n<div class=\"tabcontent\">\n<br \/>\nStandardkonfiguration:<\/p>\n<table class=\"mytable\" cellspacing=\"0\" cellpadding=\"10\">\n<tbody>\n<tr>\n<td width=\"50%\" valign=\"top\">\n<strong>Motic Panthera C2 Trinokular mit:<\/strong><br \/>\nTrinokulartubus, Siedentopf Typ, 25\u00ba Einblickwinkel, 360\u00ba drehbar,<br \/>\nfeste Strahlenteilung 50:50<br \/>\nWeitfeld Brillentr\u00e4ger-Okulare UC-WF10X\/22mm mit<br \/>\nDioptrieneinstellung an beiden Okularen<br \/>\n5-fach Objektivrevolver, r\u00fcckw\u00e4rts gerichtet, mit Motic LightTracer (Intelligent Light Management)<br \/>\nCCIS\u00ae Plan Achromat Objektive Plan UC 4X, 10X, 40X (Feder), 100X<br \/>\n(Feder\/\u00d6l)<br \/>\nKoaxialer Grob- und Feintrieb mit Vorwahlanschlag, Grobtrieb einstellbar<br \/>\nEingebauter Kreuztisch mit koaxialem, zahnstangenlosen Trieb (Rechts-<br \/>\nHand-Bedienung)<br \/>\nFokussierbarer N.A. 0,90 Abbe Kondensor mit Irisblende und<br \/>\nSchieberschlitz<br \/>\nBeleuchtung nach K\u00f6hler, mit austauschbaren Modulen 3W LED\/30W Halogen<br \/>\nNetzteil 100-240V.<br \/>\nBlaufilter (\u00d8 45mm), Immersions-\u00d6l (5ml), Netzkabel, Inbusschl\u00fcssel, Staubschutzh\u00fclle<br \/>\n<strong>Preis incl. MwSt : 2065,00\u20ac<\/strong><\/td>\n<td valign=\"top\"><strong>G\u00e4ngiges Zubeh\u00f6r (Preise incl. MwSt. 19%):<\/strong><br \/>\n0,35X C-Mount Kameraadapter: <strong>210,00\u20ac<\/strong><br \/>\n0,5X C-Mount Kameraadapter: <strong>167,00\u20ac<\/strong><br \/>\n0,65X C-Mount Kameraadapter: <strong>167,00\u20ac<\/strong><br \/>\nKameraadapter 1X Motic =&gt; T2: <strong>170,00\u20ac<\/strong><br \/>\nKameraadapter 1,6X Motic =&gt; T2: <strong>495,00\u20ac<\/strong><br \/>\nStrichplatte Skala <em>incl. Einbau in Okular<\/em>* (10mm in 100 Teilen): <strong>49,00\u20ac<\/strong><br \/>\n*<em>nur bei Kauf zu einem Mikroskop<\/em><br \/>\neinfacher Dunkelfeldschieber (4X-40X): <strong>109,00\u20ac<\/strong><br \/>\nCCIS\u00ae Plan achromat Objektiv UC 20X\/0.45 (AA=0.8mm): <strong>116,00\u20ac<\/strong><br \/>\nCCIS\u00ae Plan achromat Objektiv UC 60X\/0.8\/S (AA=0.35mm): <strong>175,00\u20ac<\/strong><br \/>\nPhasenschieber Ph2 (20X, 40X): <strong>67,00\u20ac<\/strong><br \/>\nCCIS\u00ae Plan Achromat Phasen Objektiv UC Ph 40X\/0.65\/S (AA=0.6mm), Ph2: <strong>409,00\u20ac<\/strong><br \/>\neinfache Polarisationsausstattung (Polarisator &amp; Analysator): <strong>86,00\u20ac<\/strong><\/td>\n<\/tr>\n<\/tbody>\n<\/table>\n<hr>\n<p style=\"text-align: center;\"><strong>Kontaktieren Sie uns f\u00fcr individuelle Konfigurationen, weiteres Zubeh\u00f6r und M\u00f6glichkeiten der digitalen Dokumentation.<\/strong><\/p>\n<hr>\n<p><a href=\"pdf\/motic\/digitale_dokumentation_motic.pdf\" target=\"_blank\" rel=\"noopener noreferrer\">Digitale Dokumentation mit Motic-Mikroskopen (PDF \/ 0,45MB)<\/a><br \/>\n<a href=\"pdf\/motic\/dslr_adapter_motic.pdf\" target=\"_blank\" rel=\"noopener noreferrer\">DSLR-Adapter 1,6X (PDF \/ 1,9MB)<\/a><br \/>\n\n<\/div><h2 class=\"tabtitle\">Ihre Anfrage zum Panthera C2<\/h2>\n<div class=\"tabcontent\">\n<br \/>\nTelefonisch: 06235 4910210<br \/>\nPer EMail: <a href=\"mailto:linkenheld@mikroskopie.de?subject=Frage zum Panthera C2\">Anfrage zum Motic Panthera C2<\/a><\/p>\n<\/div><\/div>\n<table class=\"unten\" border=\"0\" width=\"1050\" cellspacing=\"0\">\n<tbody>\n<tr>\n<td valign=\"middle\" width=\"50\"><a href=\"https:\/\/www.mikroskopie.de\"><img loading=\"lazy\" decoding=\"async\" src=\"grafiken\/logo.gif\" alt=\"Zur Startseite von mikroskopie.de\" width=\"27\" height=\"35\" border=\"0\"><\/a><\/td>\n<td width=\"825\">\u00a9 2022 <a href=\"mailto:linkenheld@mikroskopie.de\">Christian Linkenheld<\/a> \/ Elisabethenstr. 16 \/ 67105 Schifferstadt \/ Telefon: 06235 4910210<\/td>\n<td width=\"169\"><\/td>\n<\/tr>\n<tr>\n<td style=\"text-align: right;\" colspan=\"3\"><a href=\"?page_id=213\">Impressum<\/a> | <a href=\"?page_id=2020\">Datenschutz<\/a> | <a href=\"?page_id=1035\">AGB<\/a> &nbsp;&nbsp;||&nbsp;&nbsp; <a href=\"?page_id=192\">Anfahrt<\/a> | <a href=\"?page_id=956\">Team<\/a><\/td>\n<\/tr>\n<\/tbody>\n<\/table>\n","protected":false},"excerpt":{"rendered":"<p>Motic Panthera C2: Das neue Labormikroskop f\u00fcr Biologie und Medizin mit verbesserter Abbildungsleistung Carl Zeiss: Primostar 3 Stemi 305 Stemi 508 Axiolab 5 Motic: BA210LED BA210E BA310LED BA310E BA410E SMZ171 AE2000 Panthera C2 Das Mikroskop Motic Panthera C2 l\u00e4sst sich sehr flexibel an die g\u00e4ngigen Anforderungsprofile der Laborroutine in Biologie und Medizin anpassen und zeichnet [&hellip;]<\/p>\n","protected":false},"author":1,"featured_media":0,"parent":227,"menu_order":0,"comment_status":"closed","ping_status":"closed","template":"","meta":{"_genesis_hide_title":false,"_genesis_hide_breadcrumbs":false,"_genesis_hide_singular_image":false,"_genesis_hide_footer_widgets":false,"_genesis_custom_body_class":"","_genesis_custom_post_class":"","_genesis_layout":"","footnotes":""},"class_list":{"0":"post-1779","1":"page","2":"type-page","3":"status-publish","5":"entry"},"_links":{"self":[{"href":"https:\/\/www.mikroskopie.de\/index.php?rest_route=\/wp\/v2\/pages\/1779","targetHints":{"allow":["GET"]}}],"collection":[{"href":"https:\/\/www.mikroskopie.de\/index.php?rest_route=\/wp\/v2\/pages"}],"about":[{"href":"https:\/\/www.mikroskopie.de\/index.php?rest_route=\/wp\/v2\/types\/page"}],"author":[{"embeddable":true,"href":"https:\/\/www.mikroskopie.de\/index.php?rest_route=\/wp\/v2\/users\/1"}],"replies":[{"embeddable":true,"href":"https:\/\/www.mikroskopie.de\/index.php?rest_route=%2Fwp%2Fv2%2Fcomments&post=1779"}],"version-history":[{"count":130,"href":"https:\/\/www.mikroskopie.de\/index.php?rest_route=\/wp\/v2\/pages\/1779\/revisions"}],"predecessor-version":[{"id":4699,"href":"https:\/\/www.mikroskopie.de\/index.php?rest_route=\/wp\/v2\/pages\/1779\/revisions\/4699"}],"up":[{"embeddable":true,"href":"https:\/\/www.mikroskopie.de\/index.php?rest_route=\/wp\/v2\/pages\/227"}],"wp:attachment":[{"href":"https:\/\/www.mikroskopie.de\/index.php?rest_route=%2Fwp%2Fv2%2Fmedia&parent=1779"}],"curies":[{"name":"wp","href":"https:\/\/api.w.org\/{rel}","templated":true}]}}