{"id":195,"date":"2015-11-17T17:59:29","date_gmt":"2015-11-17T16:59:29","guid":{"rendered":"http:www.mikroskopie.de\/?page_id=195"},"modified":"2022-12-20T14:12:11","modified_gmt":"2022-12-20T13:12:11","slug":"infos","status":"publish","type":"page","link":"https:\/\/www.mikroskopie.de\/?page_id=195","title":{"rendered":"INFOS"},"content":{"rendered":"<div align=\"center\">\n<h4>Informationen zur Lichtmikroskopie<\/h4>\n<\/div>\n<p>&nbsp;<\/p>\n<p><a href=\"https:\/\/www.youtube.com\/user\/CLMikroskopie\" target=\"_blank\" rel=\"noopener noreferrer\">Nutzungshinweise f\u00fcr MikroLive auf youtube<\/a><\/p>\n<p><a href=\"https:\/\/www.mikroskopie-forum.de\" target=\"_blank\" rel=\"noopener noreferrer\">Mikroskopie-Forum:<\/a> Diskussionsforum zu allen Themen der Lichtmikroskopie. Wohl einzigartig ist die Spannbreite der Teilnehmer, die vom Hobbyisten bis zum versierten Berufsmikroskopiker reicht.<\/p>\n<p><a href=\"pdf\/motic\/ba310_lq.pdf\" target=\"_blank\" rel=\"noopener noreferrer\">Mikroskopie ganz praktisch (PDF 5MB):<\/a> Brosch\u00fcre zur Handhabung der BA310-Mikroskope von Motic. Die Informationen dieser Brosch\u00fcre lassen sich zum gro\u00dfen Teil auch auf andere Mikroskope dieser Leistungsklasse \u00fcbertragen. Eine Version mit h\u00f6herer Aufl\u00f6sung f\u00fcr den Ausdruck ist ebenfalls verf\u00fcgbar (<a href=\"pdf\/motic\/ba310_hq.pdf\" target=\"_blank\" rel=\"noopener noreferrer\">Hohe Aufl\u00f6sung mit 32,5MB<\/a>).<\/p>\n<p><a href=\"pdf\/motic\/digitale_dokumentation_motic.pdf\" target=\"_blank\" rel=\"noopener noreferrer\">Digitale Dokumentation mit Motic-Mikroskopen (PDF \/ 0,45MB):<\/a> Hinweise zur Adation von Kameras an die Mikroskope von Motic. Die hier enthaltenen Aussagen zur Kameraauswahl gelten auch f\u00fcr aktuelle Mikroskope anderer Hersteller<\/p>\n<p><a href=\"pdf\/zeiss\/Mikroskopreinigung.pdf\" target=\"_blank\" rel=\"noopener noreferrer\">Das saubere Mikroskop (PDF 0,75MB):<\/a> Brosch\u00fcre von Carl Zeiss zur richtigen Reinigung mikroskopischer Optik.<\/p>\n<table class=\"unten\" width=\"1050\" cellspacing=\"0\" border=\"0\">\n<tbody>\n<tr>\n<td width=\"50\" valign=\"middle\"><a href=\"https:\/\/www.mikroskopie.de\"><img loading=\"lazy\" decoding=\"async\" src=\"grafiken\/logo.gif\" alt=\"Zur Startseite von mikroskopie.de\" width=\"27\" height=\"35\" border=\"0\"><\/a><\/td>\n<td width=\"825\">\u00a9 2022 <a href=\"mailto:linkenheld@mikroskopie.de\">Christian Linkenheld<\/a>  Elisabethenstr. 16 \/ 67105 Schifferstadt \/ Telefon:06235 4910210<\/td>\n<td width=\"169\">\n<div align=\"right\"><\/div>\n<\/td>\n<\/tr>\n<tr>\n<td style=\"text-align: right;\" colspan=\"3\"><a href=\"?page_id=213\">Impressum<\/a> | <a href=\"?page_id=2020\">Datenschutz<\/a> | <a href=\"?page_id=1035\">AGB<\/a> &nbsp;&nbsp;||&nbsp;&nbsp; <a href=\"?page_id=192\">Anfahrt<\/a> | <a href=\"?page_id=956\">Team<\/a><\/td>\n<\/tr>\n<\/tbody>\n<\/table>\n","protected":false},"excerpt":{"rendered":"<p>Informationen zur Lichtmikroskopie &nbsp; Nutzungshinweise f\u00fcr MikroLive auf youtube Mikroskopie-Forum: Diskussionsforum zu allen Themen der Lichtmikroskopie. Wohl einzigartig ist die Spannbreite der Teilnehmer, die vom Hobbyisten bis zum versierten Berufsmikroskopiker reicht. Mikroskopie ganz praktisch (PDF 5MB): Brosch\u00fcre zur Handhabung der BA310-Mikroskope von Motic. Die Informationen dieser Brosch\u00fcre lassen sich zum gro\u00dfen Teil auch auf andere [&hellip;]<\/p>\n","protected":false},"author":1,"featured_media":0,"parent":0,"menu_order":0,"comment_status":"closed","ping_status":"closed","template":"","meta":{"_genesis_hide_title":false,"_genesis_hide_breadcrumbs":false,"_genesis_hide_singular_image":false,"_genesis_hide_footer_widgets":false,"_genesis_custom_body_class":"","_genesis_custom_post_class":"","_genesis_layout":"","footnotes":""},"class_list":{"0":"post-195","1":"page","2":"type-page","3":"status-publish","5":"entry"},"_links":{"self":[{"href":"https:\/\/www.mikroskopie.de\/index.php?rest_route=\/wp\/v2\/pages\/195","targetHints":{"allow":["GET"]}}],"collection":[{"href":"https:\/\/www.mikroskopie.de\/index.php?rest_route=\/wp\/v2\/pages"}],"about":[{"href":"https:\/\/www.mikroskopie.de\/index.php?rest_route=\/wp\/v2\/types\/page"}],"author":[{"embeddable":true,"href":"https:\/\/www.mikroskopie.de\/index.php?rest_route=\/wp\/v2\/users\/1"}],"replies":[{"embeddable":true,"href":"https:\/\/www.mikroskopie.de\/index.php?rest_route=%2Fwp%2Fv2%2Fcomments&post=195"}],"version-history":[{"count":22,"href":"https:\/\/www.mikroskopie.de\/index.php?rest_route=\/wp\/v2\/pages\/195\/revisions"}],"predecessor-version":[{"id":3714,"href":"https:\/\/www.mikroskopie.de\/index.php?rest_route=\/wp\/v2\/pages\/195\/revisions\/3714"}],"wp:attachment":[{"href":"https:\/\/www.mikroskopie.de\/index.php?rest_route=%2Fwp%2Fv2%2Fmedia&parent=195"}],"curies":[{"name":"wp","href":"https:\/\/api.w.org\/{rel}","templated":true}]}}