{"id":2,"date":"2014-01-16T14:12:19","date_gmt":"2014-01-16T14:12:19","guid":{"rendered":"http:www.mikroskopie.de\/?page_id=2"},"modified":"2018-12-06T12:46:24","modified_gmt":"2018-12-06T11:46:24","slug":"mikrolive","status":"publish","type":"page","link":"https:\/\/www.mikroskopie.de\/?page_id=2","title":{"rendered":"MIKROLIVE 3.0"},"content":{"rendered":"<div align=\"center\">\n<h4><em>Mikro<\/em><em style=\"color: #808080;\">Live<\/em> ist das effektive Imaging-Paket f\u00fcr die mikroskopische Routine<\/h4>\n<p>&nbsp;<\/p>\n<p><img loading=\"lazy\" decoding=\"async\" class=\"alignnone size-full wp-image-1910\" src=\"wp-content\/uploads\/2018\/04\/ML.jpg\" alt=\"\" width=\"1050\" height=\"287\" srcset=\"https:\/\/www.mikroskopie.de\/wp-content\/uploads\/2018\/04\/ML.jpg 1050w, https:\/\/www.mikroskopie.de\/wp-content\/uploads\/2018\/04\/ML-320x87.jpg 320w, https:\/\/www.mikroskopie.de\/wp-content\/uploads\/2018\/04\/ML-450x123.jpg 450w, https:\/\/www.mikroskopie.de\/wp-content\/uploads\/2018\/04\/ML-768x210.jpg 768w\" sizes=\"auto, (max-width: 1050px) 100vw, 1050px\" \/><\/p>\n<\/div>\n<p>MikroLive wurde speziell f\u00fcr das Imaging in der mikroskopischen Routine konzipiert. Neben der Software beinhaltet MikroLive eine sehr kompakte Kamera, die per C-Mount an praktisch jedes Mikroskop mit Kameraausgang adaptiert werden kann. Die Verbindung zum PC erfolgt per USB-Kabel (USB Version 3.0). Es gibt keine Trennung zwischen Aufnahme- und Bearbeitungsmodul. Alle Programmfunktionen sind deshalb \u00fcber eine einzige Oberfl\u00e4che zug\u00e4nglich \u2013 und das jederzeit (Livebild, Standbild, zuvor gespeichertes Bild im programmeigenen Format mli).<\/p>\n<p>Systemvoraussetzungen:<\/p>\n<ul>\n<li>Intel Core i3, 4 GB RAM<\/li>\n<li>Windows 7 (32 &amp; 64 bit), Windows 8 (32 &amp; 64 bit), Windows 10 (32 &amp; 64 bit)<\/li>\n<li><strong>USB3-Anschlu\u00df<\/strong><\/li>\n<li>Display mit mindestens 1920&#215;1080 Pixeln<\/li>\n<\/ul>\n<div class=\"responsive-tabs\">\n<h2 class=\"tabtitle\">Kameras\/Preise<\/h2>\n<div class=\"tabcontent\">\n\n<p>Im Lieferumfang von MikroLive befindet sich &#8211; je nach gew\u00e4hlter Variante &#8211; eine der in der folgenden Tabelle aufgef\u00fchrten Kameras. Per USB-Kabel wird die jeweilige Kamera mit dem PC verbunden. Die USB-Version 3.0 erm\u00f6glicht eine besonders hohe Bildfrequenz, die selbst bei der maximalen Aufl\u00f6sung der Kamera eine fl\u00fcssige Darstellung des Livebildes gew\u00e4hrleistet.<\/p>\n<table border=\"1\" cellspacing=\"0\" cellpadding=\"3\">\n<thead style=\"background-color: aliceblue;\">\n<tr>\n<th>Bezeichnung<\/th>\n<th>MikroLive USB3 5MP<\/th>\n<th>MikroLive 6,4MP<\/th>\n<th>MikroLive 3MPplus<\/th>\n<th>MikroLive 5MPplus<\/th>\n<th>MikroLive MONOplus<\/th>\n<\/tr>\n<\/thead>\n<tbody>\n<tr>\n<td>Sensor<\/td>\n<td>Onsemi MT9P031<\/td>\n<td>Sony IMX178<\/td>\n<td>Sony IMX265<\/td>\n<td>Sony IMX264<\/td>\n<td>Sony IMX265<\/td>\n<\/tr>\n<tr>\n<td>Sensortyp<\/td>\n<td>CMOS color<\/td>\n<td>CMOS Starvis color<\/td>\n<td>CMOS Pregius color<\/td>\n<td>CMOS Pregius color<\/td>\n<td>CMOS Pregius monochrom<\/td>\n<\/tr>\n<tr>\n<td>Schnittstelle<\/td>\n<td>USB3<\/td>\n<td>USB3<\/td>\n<td>USB3<\/td>\n<td>USB3<\/td>\n<td>USB3<\/td>\n<\/tr>\n<tr>\n<td>Sensorformat<\/td>\n<td>1\/2,5&#8243;<\/td>\n<td>1\/1,8&#8243;<\/td>\n<td>1\/1,8&#8243;<\/td>\n<td>2\/3&#8243;<\/td>\n<td>1\/1,8&#8243;<\/td>\n<\/tr>\n<tr>\n<td>Aufl\u00f6sung<\/td>\n<td>2592&#215;1944 Pixel<\/td>\n<td>3.072&#215;2.048 Pixel<\/td>\n<td>2048&#215;1536 Pixel<\/td>\n<td>2.448&#215;2.048 Pixel<\/td>\n<td>2048&#215;1536 Pixel<\/td>\n<\/tr>\n<tr>\n<td>Pixelgr\u00f6\u00dfe<\/td>\n<td>2,2\u00b5m<\/td>\n<td>2,4\u00b5m<\/td>\n<td>3,25\u00b5m<\/td>\n<td>3,25\u00b5m<\/td>\n<td>3,25\u00b5m<\/td>\n<\/tr>\n<tr>\n<td>Shutter<\/td>\n<td>rolling<\/td>\n<td>rolling<\/td>\n<td>global<\/td>\n<td>global<\/td>\n<td>global<\/td>\n<\/tr>\n<tr>\n<td>Digitalisierung<\/td>\n<td>8bit<\/td>\n<td>8bit<\/td>\n<td>8\/12bit<\/td>\n<td>8\/12bit<\/td>\n<td>8\/12bit<\/td>\n<\/tr>\n<tr>\n<td>Preis (excl. MwSt)<\/td>\n<td>650\u20ac<\/td>\n<td>750\u20ac<\/td>\n<td>845\u20ac<\/td>\n<td>1045\u20ac<\/td>\n<td>845\u20ac<\/td>\n<\/tr>\n<\/tbody>\n<\/table>\n<p>Optionales Zubeh\u00f6r:<br \/>\nObjektmikrometer f\u00fcr Durchlichtmikroskope<br \/>\n(1mm in 100 Teilstrichen): 20,- \u20ac zzgl. MwSt<br \/>\nObjektmikrometer f\u00fcr Stereomikroskope<br \/>\n(30mm in 300 Teilstrichen): 25,- \u20ac zzgl. MwSt.<\/p>\n<div align=\"center\"><iframe loading=\"lazy\" src=\"https:\/\/www.mikroskopie.de\/kameraadaptionen\/mikrolive\/mikrolive.html\" width=\"800\" height=\"680\" frameborder=\"0\"><\/iframe><\/div>\n<p align=\"right\"><img decoding=\"async\" src=\"grafiken\/arw.png\" alt=\"\" \/> <a href=\"#top\" target=\"_self\">\u00dcbersicht<\/a><\/p>\n\n<\/div><h2 class=\"tabtitle\">Software<\/h2>\n<div class=\"tabcontent\">\n\n<table class=\"mytable\">\n<tbody>\n<tr>\n<td><img decoding=\"async\" src=\"grafiken\/brandenburgertor.jpg\" \/><\/td>\n<td class=\"txt\">Bei der Konzeption der Software wurde ein besonderes Augenmerk auf die in der mikroskopischen Routine auftretenden Aufgabenstellungen und Arbeitsabl\u00e4ufe gerichtet. Hierbei fanden auch zahlreiche Anregungen von Anwendern ihren Eingang bei der Entstehung der Software.<br \/>\nDie Erfassung und Verarbeitung des mikroskopischen Bildes erfolgt unter einer gemeinsamen Programmoberfl\u00e4che. Ein Wechsel zwischen Bildaufnahme- und Bearbeitungsmodul ist somit nicht notwendig. Dies macht das Arbeiten mit MikroLive besonders fl\u00fcssig und effizient.<\/td>\n<\/tr>\n<\/tbody>\n<\/table>\n<p>MikroLive verf\u00fcgt insbesondere \u00fcber folgende M\u00f6glichkeiten:<\/p>\n<ul>\n<li>Speicherung von Einzelbildern in den Formaten jpg, bmp und mli *<\/li>\n<li>Speicherung von Bildfolgen (\u201eZeitstapel\u201c) in den Formaten jpg und bmp<\/li>\n<li>Messung von L\u00e4ngen, Fl\u00e4chen, Kreisen, Winkeln<\/li>\n<li>Tabellarische Messwertansicht mit statistischen Parametern<\/li>\n<li>Einblendbarer und\u00a0flexibel anpassbarer\u00a0Ma\u00dfstabsbalken<\/li>\n<li>Freie Wahl zwischen \u00b5m und mm als Ma\u00dfeinheiten<\/li>\n<li>Hinzuf\u00fcgung von frei positionierbarem Text und Markierungspfeilen<\/li>\n<li>Objektz\u00e4hlungen per Mausklick<\/li>\n<li>horizontale und vertikale Bildspiegelung<\/li>\n<li>Vollbildmodus (incl. an g\u00e4ngige Bildschirmformate angepasste Darstellungsformate)<\/li>\n<li>Monochrommodus f\u00fcr erh\u00f6hte Bildsch\u00e4rfe<\/li>\n<li>Hintergrundausgleich (\u201eShading-Korrektur\u201c)<\/li>\n<li>Reduktion des Bildrauschens durch Einzelbild\u00fcberlagerung<\/li>\n<li>Histogrammfunktion<\/li>\n<li>Speicherung individueller Voreinstellungen<\/li>\n<\/ul>\n<p>* mli (MikroLive Image) ist ein Dateiformat von MikroLive, welches Messungen und Z\u00e4hlungen mit gespeicherten Bildern erm\u00f6glicht.<\/p>\n<p align=\"right\"><img decoding=\"async\" src=\"grafiken\/arw.png\" alt=\"\" \/> <a href=\"#top\" target=\"_self\">\u00dcbersicht<\/a><\/p>\n<p>\n<\/div><h2 class=\"tabtitle\">Beispiele: Durchlichtmikroskopie<\/h2>\n<div class=\"tabcontent\">\n<br \/>\nDie nachfolgenden Beispielaufnahmen wurden mit der Version MikroLive USB3 6,4MP erstellt. Alle Aufnahmen sind nicht nachbearbeitet.<\/p>\n<p><img decoding=\"async\" src=\"grafiken\/ml1.jpg\" alt=\"\" \/><br \/>\nCarl Zeiss Axio Scope.A1 \/ EC Plan-Neofluar 20X \/ Adapter 0,5X \/ Niere des Schweins &#8211; Kernechtrubin || <a href=\"grafiken\/ml1g.jpg\" target=\"_blank\" rel=\"noopener\">Aufnahme in voller Aufl\u00f6sung (4,5MB)<\/a><\/p>\n<p><img decoding=\"async\" src=\"grafiken\/ml2.jpg\" alt=\"\" \/><br \/>\nMotic BA310Pol \/ EC PL P 4X \/ Adapter 0,5X \/ Gesteinsd\u00fcnnschliff (Granit) mit Lambda-Platte (Rot I. Ordnung) || <a href=\"grafiken\/ml2g.jpg\" target=\"_blank\" rel=\"noopener\">Aufnahme in voller Aufl\u00f6sung (3,9MB)<\/a><\/p>\n<p><img decoding=\"async\" src=\"grafiken\/ml3.jpg\" alt=\"\" \/><br \/>\nCarl Zeiss Axio Lab.A1 \/ A-Plan 100X\/1,25 Oil Ph3 \/ Adapter 0,5X \/ Epithelzellen aus der Mundschleimhaut (Monochrommodus) || <a href=\"grafiken\/ml3g.jpg\" target=\"_blank\" rel=\"noopener\">Aufnahme in voller Aufl\u00f6sung (2MB)<\/a><\/p>\n<p align=\"right\"><img decoding=\"async\" src=\"grafiken\/arw.png\" alt=\"\" \/> <a href=\"#top\" target=\"_self\">\u00dcbersicht<\/a><\/p>\n<p>\n<\/div><h2 class=\"tabtitle\">Beispiele: Stereomikroskopie<\/h2>\n<div class=\"tabcontent\">\n<br \/>\n<img decoding=\"async\" src=\"grafiken\/shaver.jpg\" \/>Shaver Blade f\u00fcr arthroskopische Zwecke mit Abnutzungsspuren &#8211; MikroLive USB3 5MP &#8211; Monochrommodus f\u00fcr verbesserte Sch\u00e4rfe.<\/p>\n<p><img decoding=\"async\" src=\"grafiken\/shaver_dtl.jpg\" \/>Detailaufnahme zu obigem Objekt &#8211; MikroLive USB3 5MP.<\/p>\n<p align=\"right\"><img decoding=\"async\" src=\"grafiken\/arw.png\" alt=\"\" \/> <a href=\"#top\" target=\"_self\">\u00dcbersicht<\/a><\/p>\n\n<\/div><h2 class=\"tabtitle\">Downloads\/Infos<\/h2>\n<div class=\"tabcontent\">\n\n<p><img decoding=\"async\" src=\"grafiken\/adobereader.png\" alt=\"\" \/>\u00a0\u00a0 <a href=\"grafiken\/MikroLiveV3.pdf\" target=\"_blank\" rel=\"noopener\">Bedienungsanleitung zu MikroLive (4 MB).<\/a><br \/>\n&#8212;&#8212;&#8212;&#8212;&#8212;&#8212;&#8212;&#8212;&#8212;&#8212;&#8212;&#8212;<br \/>\nDownload der aktuellen Version MikroLive 3.0 (Stand 17\/04\/2018). Der Download enth\u00e4lt jeweils die komplette Installations-CD incl. der Treiber. Die Version 3.0 kann parallel zur Version 2.0 installiert werden.<br \/>\nDownload: <a href=\"https:\/\/www.mikroskopie.de\/mikrolive\/download\/mikroLive_v3_sony_sensors.zip\">MikroLive-Software (Version 3.0) f\u00fcr Kameras mit <strong>Sony-Sensoren<\/strong><\/a>* (50MB)<br \/>\nDownload: <a href=\"https:\/\/www.mikroskopie.de\/mikrolive\/download\/mikroLive_v3_aptina_sensors.zip\">MikroLive-Software (Version 3.0) f\u00fcr Kameras mit <strong>Onsemi-Sensoren<\/strong><\/a>** (41MB)<\/p>\n<p>* MikroLive f\u00fcr die Versionen MikroLive 6,4MP, MikroLive 3MP+, MikroLive 5MP+, MikroLive MONO+<br \/>\n** MikroLive f\u00fcr die Versionen MikroLive USB3 5MP und MikroLive USB2 5MP<br \/>\n&#8212;&#8212;&#8212;&#8212;&#8212;&#8212;&#8212;&#8212;&#8212;&#8212;&#8212;&#8212;<br \/>\n<a href=\"https:\/\/www.youtube.com\/user\/CLMikroskopie\" target=\"_blank\" rel=\"noopener\">MikroLive auf youtube<\/a><br \/>\n&#8212;&#8212;&#8212;&#8212;&#8212;&#8212;&#8212;&#8212;&#8212;&#8212;&#8212;&#8212;<\/p>\n<p>Ihre Anfrage zu MikroLive:<br \/>\nTelefonisch: 07804 9117555<br \/>\nPer EMail: <a href=\"mailto:linkenheld@mikroskopie.de?subject=Frage MikroLive\">Anfrage zu MikroLive<\/a><\/p>\n<p align=\"right\"><img decoding=\"async\" src=\"grafiken\/arw.png\" alt=\"\" \/> <a href=\"#top\" target=\"_self\">\u00dcbersicht<\/a><\/p>\n<\/div><\/div>\n<table class=\"unten\" border=\"0\" width=\"1050\" cellspacing=\"0\">\n<tbody>\n<tr>\n<td valign=\"middle\" width=\"50\"><a href=\"https:\/\/www.mikroskopie.de\"><img loading=\"lazy\" decoding=\"async\" src=\"grafiken\/logo.gif\" alt=\"Zur Startseite von mikroskopie.de\" width=\"27\" height=\"35\" border=\"0\" \/><\/a><\/td>\n<td width=\"825\">\u00a9 2018 <a href=\"mailto:linkenheld@mikroskopie.de\">Christian Linkenheld<\/a> \/ Kniebisstra\u00dfe 27 \/ 77728 Oppenau \/ Telefon: 07804 9117555<\/td>\n<td width=\"169\">\n<div align=\"right\">15\/04\/2018<\/div>\n<\/td>\n<\/tr>\n<tr>\n<td style=\"text-align: right;\" colspan=\"3\"><a href = \"?page_id=213\">Impressum<\/a> | <a href = \"?page_id=2020\">Datenschutz<\/a> | <a href = \"?page_id=1035\">AGB<\/a> &nbsp;&nbsp;||&nbsp;&nbsp; <a href = \"?page_id=192\">Anfahrt<\/a> | <a href = \"?page_id=956\">Team<\/a><\/td>\n<\/tr>\n<\/tbody>\n<\/table>\n","protected":false},"excerpt":{"rendered":"<p>MikroLive ist das effektive Imaging-Paket f\u00fcr die mikroskopische Routine &nbsp; MikroLive wurde speziell f\u00fcr das Imaging in der mikroskopischen Routine konzipiert. Neben der Software beinhaltet MikroLive eine sehr kompakte Kamera, die per C-Mount an praktisch jedes Mikroskop mit Kameraausgang adaptiert werden kann. Die Verbindung zum PC erfolgt per USB-Kabel (USB Version 3.0). Es gibt keine [&hellip;]<\/p>\n","protected":false},"author":1,"featured_media":0,"parent":0,"menu_order":0,"comment_status":"open","ping_status":"open","template":"","meta":{"_genesis_hide_title":false,"_genesis_hide_breadcrumbs":false,"_genesis_hide_singular_image":false,"_genesis_hide_footer_widgets":false,"_genesis_custom_body_class":"","_genesis_custom_post_class":"","_genesis_layout":"","footnotes":""},"class_list":{"0":"post-2","1":"page","2":"type-page","3":"status-publish","5":"entry"},"_links":{"self":[{"href":"https:\/\/www.mikroskopie.de\/index.php?rest_route=\/wp\/v2\/pages\/2","targetHints":{"allow":["GET"]}}],"collection":[{"href":"https:\/\/www.mikroskopie.de\/index.php?rest_route=\/wp\/v2\/pages"}],"about":[{"href":"https:\/\/www.mikroskopie.de\/index.php?rest_route=\/wp\/v2\/types\/page"}],"author":[{"embeddable":true,"href":"https:\/\/www.mikroskopie.de\/index.php?rest_route=\/wp\/v2\/users\/1"}],"replies":[{"embeddable":true,"href":"https:\/\/www.mikroskopie.de\/index.php?rest_route=%2Fwp%2Fv2%2Fcomments&post=2"}],"version-history":[{"count":184,"href":"https:\/\/www.mikroskopie.de\/index.php?rest_route=\/wp\/v2\/pages\/2\/revisions"}],"predecessor-version":[{"id":2358,"href":"https:\/\/www.mikroskopie.de\/index.php?rest_route=\/wp\/v2\/pages\/2\/revisions\/2358"}],"wp:attachment":[{"href":"https:\/\/www.mikroskopie.de\/index.php?rest_route=%2Fwp%2Fv2%2Fmedia&parent=2"}],"curies":[{"name":"wp","href":"https:\/\/api.w.org\/{rel}","templated":true}]}}