{"id":2179,"date":"2019-04-01T13:11:17","date_gmt":"2019-04-01T12:11:17","guid":{"rendered":"https:\/\/www.mikroskopie.de\/?page_id=2179"},"modified":"2022-10-12T13:52:38","modified_gmt":"2022-10-12T12:52:38","slug":"mikrolive-multiformat","status":"publish","type":"page","link":"https:\/\/www.mikroskopie.de\/?page_id=2179","title":{"rendered":"MikroLive MultiFormat"},"content":{"rendered":"<div align=\"center\">\n<h4>MikroLive MultiFormat<\/h4>\n<\/div>\n<p>&nbsp;<\/p>\n<p>Mit dem neuen MikroLive MultiFormat lassen sich in der mikroskopischen Dokumentation hinsichtlich der Aufl\u00f6sung und des erfassten Bereiches individuelle Bildformate definieren. Dadurch kann das Kamerasystem sehr flexibel an unterschiedliche Mikroskope angepasst werden. Die einzige Voraussetzung ist mikroskopseitig ein C-Mount-Adapter 0.5x \u2013 1.0x. Erm\u00f6glicht wird diese Flexibilit\u00e4t durch den in der Kamera verbauten Sensor IMX183 von Sony. Dieser verf\u00fcgt gleichzeitig \u00fcber eine gro\u00dfes Fl\u00e4chenformat (1\u201c) und eine hohe Aufl\u00f6sung von maximal 5472&#215;3648 Pixeln. Die Erstellung von Bildformaten in MikroLive MultiFormat erfolgt in dem nachfolgend abgebildetem Fenster. Diese Darstellung bezieht sich auf ein Zeiss Axio Scope.A1 mit dem Objektiv EC Plan-Neofluar 20x.<\/p>\n<div align=\"center\"><img loading=\"lazy\" decoding=\"async\" class=\"alignnone size-full wp-image-2184\" src=\"https:\/\/www.mikroskopie.de\/wp-content\/uploads\/2019\/04\/formatwahl.jpg\" alt=\"\" width=\"591\" height=\"571\" srcset=\"https:\/\/www.mikroskopie.de\/wp-content\/uploads\/2019\/04\/formatwahl.jpg 591w, https:\/\/www.mikroskopie.de\/wp-content\/uploads\/2019\/04\/formatwahl-320x309.jpg 320w, https:\/\/www.mikroskopie.de\/wp-content\/uploads\/2019\/04\/formatwahl-450x435.jpg 450w\" sizes=\"auto, (max-width: 591px) 100vw, 591px\" \/><\/div>\n<p>Das gerade bearbeitete Format wird durch die rechteckige Umrandung im Bildbereich dargestellt. Optional kann auch noch das durch die Okulare sichtbare Sehfeld eingeblendet werden (hier mit Sehfeldzahl 23). In der Abbildung wird ein Bildformat 4:3 definiert, dessen Diagonale genau dem Sehfeld der verwendeten Okulare Pl 10X\/23 entspricht. Das so erstellte Bildformat hat eine Aufl\u00f6sung von rund 11 Megapixeln.<\/p>\n<p>&nbsp;<\/p>\n<div align=\"center\"><img loading=\"lazy\" decoding=\"async\" class=\"alignnone size-full wp-image-2182\" src=\"https:\/\/www.mikroskopie.de\/wp-content\/uploads\/2019\/04\/beispiel.jpg\" alt=\"\" width=\"900\" height=\"675\" srcset=\"https:\/\/www.mikroskopie.de\/wp-content\/uploads\/2019\/04\/beispiel.jpg 900w, https:\/\/www.mikroskopie.de\/wp-content\/uploads\/2019\/04\/beispiel-320x240.jpg 320w, https:\/\/www.mikroskopie.de\/wp-content\/uploads\/2019\/04\/beispiel-450x338.jpg 450w, https:\/\/www.mikroskopie.de\/wp-content\/uploads\/2019\/04\/beispiel-768x576.jpg 768w\" sizes=\"auto, (max-width: 900px) 100vw, 900px\" \/><br \/>\nBeispielaufnahme mit dem oben erstellten Bildformat (unbearbeitet \/ verkleinert)<\/div>\n<p><a href=\"https:\/\/www.mikroskopie.de\/wp-content\/uploads\/2019\/04\/beispiel_gro\u00df.jpg\" target=\"_blank\" rel=\"noopener\">Beispielbild in voller Aufl\u00f6sung (11 Megapixel \/ 3824&#215;2868 Pixel \/ 6,9MB)<\/a> Das Bild wurde ohne weitere Bearbeitung im jpg-Format gespeichert.<\/p>\n<p>Dieses <a href=\"https:\/\/www.youtube.com\/watch?v=d8WLshLeu6A\" rel=\"noopener\" target=\"_blank\">Video auf YouTube<\/a> zeigt, wie individuelle Bildformate mit MikroLive MultiFormat definiert werden k\u00f6nnen.<\/p>\n<p>Bei der Verwendung eines optiklosen Adapters 1.0x wird in der Regel die komplette Sensorfl\u00e4che genutzt. Hierbei kann man zwischen der vollen Aufl\u00f6sung des Sensors und der durch Binning (4 Pixel werden zu einem Pixel zusammengefasst) auf 5MP reduzierten Aufl\u00f6sung w\u00e4hlen. Im letzteren Fall erh\u00e4lt man hinsichtlich Aufl\u00f6sung und erfasstem Bereich prinzipiell das gleiche Resultat, wie bei der Verwendung einer 5MP-Kamera mit einem Sensor im Format 1\/2\u201c an einem Adapter 0.5x. Da jedoch normalerweise keine Optik in einem Adapter 1.0x verbaut ist, sind diese Adapter wesentlich g\u00fcnstiger, als Adapter mit bildverengender 0.5x-Optik*.<\/p>\n<p>Die Rahmendaten von MikroLive MultiFormat:<\/p>\n<p>Sensor: Sony IMX183<br \/>\nSensorgr\u00f6\u00dfe: 1\u201c im Seitenverh\u00e4ltnis 3:2<br \/>\nVerschluss: Rolling Shutter<br \/>\nAufl\u00f6sung: 5472&#215;3684<br \/>\nBildfrequenz: 18 FPS bei maximaler Aufl\u00f6sung<br \/>\nPixelgr\u00f6\u00dfe: 2,4\u00b5m x 2,4\u00b5m<br \/>\nSoftware: MikroLive (Funktionsumfang siehe hier: <a href=\"https:\/\/www.mikroskopie.de\/?page_id=2\" rel=\"noopener\" target=\"_blank\">MikroLive<\/a>)<br \/>\nSchnittstelle: USB3<br \/>\nListenpreis: 975\u20ac plus MwSt.<br \/>\nVerf\u00fcgbar ab: 05\/2019<\/p>\n<p>Unterst\u00fctzte Betriebssysteme: Windows 7\/8\/10 (Versionen mit 64-Bit)<br \/>\nHardware: mindestens Intel Core i3 mit 4GB RAM \u2013 Core i5 mit 8GB RAM empfohlen<\/p>\n<p>* Bei \u00e4lteren Mikroskopen mit chromatischer Vergr\u00f6\u00dferungsdifferenz im Zwischenbild (typischerweise Mikroskope mit \u201eEndlich-Optik\u201c), sollte kein optikloser Adapter verwendet werden, da hier die Adapteroptik auch die Kompensation dieses chromatischen Fehlers \u00fcbernimmt.<\/p>\n<table class=\"unten\" border=\"0\" width=\"1050\" cellspacing=\"0\">\n<tbody>\n<tr>\n<td valign=\"middle\" width=\"50\"><a href=\"https:\/\/www.mikroskopie.de\"><img loading=\"lazy\" decoding=\"async\" src=\"grafiken\/logo.gif\" alt=\"Zur Startseite von mikroskopie.de\" width=\"27\" height=\"35\" border=\"0\"><\/a><\/td>\n<td width=\"825\">\u00a9 2022 <a href=\"mailto:linkenheld@mikroskopie.de\">Christian Linkenheld<\/a> \/ Elisabethenstr. 16 \/ 67105 Schifferstadt \/ Telefon: 06235 4910210<\/td>\n<td width=\"169\"><\/td>\n<\/tr>\n<tr>\n<td style=\"text-align: right;\" colspan=\"3\"><a href=\"?page_id=213\">Impressum<\/a> | <a href=\"?page_id=2020\">Datenschutz<\/a> | <a href=\"?page_id=1035\">AGB<\/a> &nbsp;&nbsp;||&nbsp;&nbsp; <a href=\"?page_id=192\">Anfahrt<\/a> | <a href=\"?page_id=956\">Team<\/a><\/td>\n<\/tr>\n<\/tbody>\n<\/table>\n","protected":false},"excerpt":{"rendered":"<p>MikroLive MultiFormat &nbsp; Mit dem neuen MikroLive MultiFormat lassen sich in der mikroskopischen Dokumentation hinsichtlich der Aufl\u00f6sung und des erfassten Bereiches individuelle Bildformate definieren. Dadurch kann das Kamerasystem sehr flexibel an unterschiedliche Mikroskope angepasst werden. Die einzige Voraussetzung ist mikroskopseitig ein C-Mount-Adapter 0.5x \u2013 1.0x. Erm\u00f6glicht wird diese Flexibilit\u00e4t durch den in der Kamera verbauten [&hellip;]<\/p>\n","protected":false},"author":1,"featured_media":0,"parent":0,"menu_order":0,"comment_status":"closed","ping_status":"closed","template":"","meta":{"_genesis_hide_title":false,"_genesis_hide_breadcrumbs":false,"_genesis_hide_singular_image":false,"_genesis_hide_footer_widgets":false,"_genesis_custom_body_class":"","_genesis_custom_post_class":"","_genesis_layout":"","footnotes":""},"class_list":{"0":"post-2179","1":"page","2":"type-page","3":"status-publish","5":"entry"},"_links":{"self":[{"href":"https:\/\/www.mikroskopie.de\/index.php?rest_route=\/wp\/v2\/pages\/2179","targetHints":{"allow":["GET"]}}],"collection":[{"href":"https:\/\/www.mikroskopie.de\/index.php?rest_route=\/wp\/v2\/pages"}],"about":[{"href":"https:\/\/www.mikroskopie.de\/index.php?rest_route=\/wp\/v2\/types\/page"}],"author":[{"embeddable":true,"href":"https:\/\/www.mikroskopie.de\/index.php?rest_route=\/wp\/v2\/users\/1"}],"replies":[{"embeddable":true,"href":"https:\/\/www.mikroskopie.de\/index.php?rest_route=%2Fwp%2Fv2%2Fcomments&post=2179"}],"version-history":[{"count":21,"href":"https:\/\/www.mikroskopie.de\/index.php?rest_route=\/wp\/v2\/pages\/2179\/revisions"}],"predecessor-version":[{"id":3689,"href":"https:\/\/www.mikroskopie.de\/index.php?rest_route=\/wp\/v2\/pages\/2179\/revisions\/3689"}],"wp:attachment":[{"href":"https:\/\/www.mikroskopie.de\/index.php?rest_route=%2Fwp%2Fv2%2Fmedia&parent=2179"}],"curies":[{"name":"wp","href":"https:\/\/api.w.org\/{rel}","templated":true}]}}