{"id":2203,"date":"2019-04-03T08:05:31","date_gmt":"2019-04-03T07:05:31","guid":{"rendered":"https:\/\/www.mikroskopie.de\/?page_id=2203"},"modified":"2026-04-13T16:08:19","modified_gmt":"2026-04-13T15:08:19","slug":"mikroskopie","status":"publish","type":"page","link":"https:\/\/www.mikroskopie.de\/","title":{"rendered":"MIKROSKOPE UND ZUBEH\u00d6R"},"content":{"rendered":"<div align=\"center\">\n<h4 style=\"text-align: center;\">Individuelle L\u00f6sungen f\u00fcr die Mikroskopie<\/h4>\n<\/div>\n<p>Wir sind spezialisiert auf die Konzeption und den Vertrieb indivduell und flexibel angepasster Einrichtungen f\u00fcr die Mikroskopie. Alle auf diesen Seiten vorgestellten Ger\u00e4te k\u00f6nnen in unserem Vorf\u00fchrraum von Ihnen&nbsp; getestet werden. Zur optimalen Vorbereitung bitten wir hierzu um eine Terminabsprache.<\/p>\n<table class=\"mytable\" border=\"0\" cellspacing=\"0\">\n<tbody>\n<tr>\n<td colspan=\"3\">\n<hr>\n<\/td>\n<\/tr>\n<tr>\n<td>\n<div align=\"center\"><a href=\"https:\/\/www.mikroskopie.de\/?page_id=167\"><img loading=\"lazy\" decoding=\"async\" class=\"alignnone size-full wp-image-2209\" src=\"https:\/\/www.mikroskopie.de\/wp-content\/uploads\/2019\/04\/zeiss_logo.jpg\" alt=\"\" width=\"70\" height=\"70\"><\/a><\/div>\n<\/td>\n<td>\n<div align=\"center\"><a href=\"https:\/\/www.mikroskopie.de\/?page_id=2346\"><img loading=\"lazy\" decoding=\"async\" class=\"alignnone size-full wp-image-2210\" src=\"https:\/\/www.mikroskopie.de\/wp-content\/uploads\/2019\/04\/ML_logo.jpg\" alt=\"\" width=\"150\" height=\"50\"><\/a><\/div>\n<\/td>\n<td>\n<div align=\"center\"><a href=\"https:\/\/www.mikroskopie.de\/?page_id=227\"><img loading=\"lazy\" decoding=\"async\" class=\"alignnone size-full wp-image-2208\" src=\"https:\/\/www.mikroskopie.de\/wp-content\/uploads\/2019\/04\/motic_logo.jpg\" alt=\"\" width=\"119\" height=\"50\"><\/a><\/div>\n<\/td>\n<\/tr>\n<tr>\n<td style=\"text-align: center;\"><a href=\"https:\/\/www.mikroskopie.de\/?page_id=167\"><strong>Mikroskope und Zubeh\u00f6r von<\/strong><strong> Carl Zeiss<\/strong><\/a><\/td>\n<td style=\"text-align: center;\"><strong><a href=\"https:\/\/www.mikroskopie.de\/?page_id=2346\">Mikroskopkameras<\/a><\/strong><\/td>\n<td style=\"text-align: center;\"><a href=\"https:\/\/www.mikroskopie.de\/?page_id=227\"><strong>Mikroskope und Zubeh\u00f6r von<\/strong><strong> Motic<\/strong><\/a><\/td>\n<\/tr>\n<tr>\n<td colspan=\"3\">\n<hr>\n<\/td>\n<\/tr>\n<tr>\n<td colspan=\"3\"><\/td>\n<\/tr>\n<tr>\n<td colspan=\"3\">\n<h3 align=\"center\">\/* <a href=\"https:\/\/www.mikroskopie.de\/?page_id=1587\"><strong>Kombipakete aus Mikroskop, Mikroskopkamera und Software auf mikroskopie.de<\/strong><\/a> *\/<\/h3>\n<\/td>\n<\/tr>\n<tr>\n<td colspan=\"3\"><\/td>\n<\/tr>\n<tr>\n<td colspan=\"3\">\n<hr>\n<\/td>\n<\/tr>\n<\/tbody>\n<\/table>\n<h4 style=\"text-align: center;\">Neuheiten auf MIKROSKOPIE.DE<\/h4>\n<p>&nbsp;<\/p>\n<table class=\"mynews\" style=\"height: 737px;\" border=\"0\" cellspacing=\"5\">\n<tbody>\n<tr>\n<td class=\"mynewstd\">\n<p style=\"text-align: left;\"><strong>13\/04\/2026:<br \/>\n<a href=\"https:\/\/www.mikroskopie.de\/?page_id=2346\" target=\"_blank\" rel=\"noopener\">Version 6 von MikroLive<\/a> mit erweitertem Vollbildmodus<\/strong><\/p>\n<p>Die neue Version von MikroLive verf\u00fcgt \u00fcber einen deutlich erweiterten Vollbildmodus, der sich komplett per Maus bedienen l\u00e4sst. Hierdurch kann nach erfolgter Konfiguration der Software (z.B. Kalibrierung der Software) auf eine Tastatur verzichtet werden. Gleichzeitig wird im Vollbildmodus die Bildschirmfl\u00e4che optimal f\u00fcr die Darstellung des mikroskopischen Bildes genutzt. <\/p>\n<p>Eine Beschreibung des Vollbildmodus finden Sie <a style=\"font-size: revert; font-family: inherit; font-weight: inherit;\" href=\"https:\/\/www.mikroskopie.de\/wp-content\/uploads\/2026\/04\/mikrolive6_vollbild.pdf\" target=\"_blank\" rel=\"noopener\"><strong>hier<\/strong><\/a>. Installationshinweise f\u00fcr die neue Software befinden sich <a style=\"font-size: revert; font-family: inherit; font-weight: inherit;\" href=\"https:\/\/www.mikroskopie.de\/wp-content\/uploads\/2026\/04\/installationshinweis.pdf\" target=\"_blank\" rel=\"noopener\"><strong>hier<\/strong><\/a>.<br \/>\nDie \u00fcberarbeitete Anleitung f\u00fcr MikroLive 6 gibt es zum Download  <a style=\"font-size: revert; font-family: inherit; font-weight: inherit;\" href=\"https:\/\/www.mikroskopie.de\/mikrolive\/download\/MikroLive_V6.pdf\" target=\"_blank\" rel=\"noopener\"><strong>hier<\/strong><\/a>.<\/p>\n<p>&nbsp;<\/p>\n<\/td>\n<td class=\" mynewstd\" valign=\"center\"><img decoding=\"async\" class=\"size-full wp-image-3484 aligncenter\" src=\"https:\/\/www.mikroskopie.de\/wp-content\/uploads\/2026\/04\/screen.jpg\" alt=\"\" width=\"600\"><\/td>\n<\/tr>\n<tr>\n<tr>\n<td class=\"mynewstd\">\n<p style=\"text-align: left;\"><strong>09\/04\/2026:<br \/>\n<\/strong><a href=\"https:\/\/www.mikroskopie.de\/?page_id=4702\" target=\"_blank\" rel=\"noopener\"><strong>Euromex Achios-X Observer<\/a> und <a style=\"font-size: revert; font-family: inherit; font-weight: inherit;\" href=\"https:\/\/www.mikroskopie.de\/wp-content\/uploads\/2026\/02\/achios_x_cl_edition.pdf\" target=\"_blank\" rel=\"noopener\">Achios-X Observer CL-Edition<\/a><\/p>\n<p><\/strong><\/p>\n<p>Mit dem neuen Achios-X Observer von Euromex geh\u00f6ren durch Immersions\u00f6l verschmierte Trockenobjektive bedingt durch deren gro\u00dfe Arbeitsabst\u00e4nde der Vergangenheit an. Auch ansonsten stellt dieses Mikroskop eine interessante Alternative dar. Mit der CL-Edition existiert zudem eine Variante f\u00fcr Gro\u00dffeldbeobachtung und -dokumentation.<\/p>\n<\/td>\n<td class=\" mynewstd\"><img decoding=\"async\" class=\"size-full wp-image-3484 aligncenter\" src=\"https:\/\/www.mikroskopie.de\/wp-content\/uploads\/2026\/02\/Achios_cl_edition.jpg\" alt=\"\" width=\"300\"><\/td>\n<\/tr>\n<tr>\n<tr>\n<td class=\"mynewstd\" colspan =\"2\"><strong>18\/04\/2024:<br \/>\n<\/strong><a href=\"https:\/\/www.mikroskopie.de\/?page_id=2346\" target=\"_blank\" rel=\"noopener\"><strong>Preisreduzierung und \u00dcberarbeitung von MikroLive<\/strong><\/a><\/p>\n<p>Die Preise der MikroLive-Pakete konnten um gut 15% reduziert werden. Die reduzierten Preise wirken sich auch auf die <a href=\"https:\/\/www.mikroskopie.de\/?page_id=1587\">angebotenen Kombipakete<\/a> aus.<br \/>\nZus\u00e4tzlich gibt es jetzt auch wieder eine neue, verbesserte und besonders g\u00fcnstige Version mit 5 Megapixeln (&#8222;MikroLive 5MP R2&#8220;).<br \/>\nIn der Benutzeroberfl\u00e4che der aktuellen Version 5.2 der Software kann jetzt auch zwischen deutscher und englischer Sprache gewechselt werden.\n<\/td>\n<\/tr>\n<p><!--\n\n\n<tr>\n\n\n<td class=\"mynewstd\"><strong>14\/07\/2022:\n<\/strong><a href=\"https:\/\/www.mikroskopie.de\/mikrolive\/download\/Primostar_Mykopaket.pdf\" target=\"_blank\" rel=\"noopener\"><strong>Mykologisches Komplettpaket aus Primostar 3 und MikroLive MultiFormat<\/strong><\/a>\n\nDas Paket aus Primostar 3 (Full K\u00f6hler) und dem MikroLive MultiFormat-System erm\u00f6glicht einfache und flexible Dokumentation. Die vorhandenen Funktionen der Software f\u00fcr L\u00e4ngen- und Breitenmessungen erleichtern die die mykologische Arbeit erheblich.<\/td>\n\n\n\n\n<td class=\" mynewstd\" align=\"right\"><img loading=\"lazy\" decoding=\"async\" class=\"size-full wp-image-3600 aligncenter\" src=\"https:\/\/www.mikroskopie.de\/wp-content\/uploads\/2022\/07\/primostar_mit_Multiformat_2_klein-1.jpg\" alt=\"\" width=\"350\" height=\"375\" srcset=\"https:\/\/www.mikroskopie.de\/wp-content\/uploads\/2022\/07\/primostar_mit_Multiformat_2_klein-1.jpg 350w, https:\/\/www.mikroskopie.de\/wp-content\/uploads\/2022\/07\/primostar_mit_Multiformat_2_klein-1-299x320.jpg 299w\" sizes=\"auto, (max-width: 350px) 100vw, 350px\" \/><\/td>\n\n\n<\/tr>\n\n\n--><\/p>\n<tr>\n<td class=\"mynewstd\">\n<p style=\"text-align: left;\"><strong>04\/07\/2022:<br \/>\n<\/strong><a style=\"font-size: revert; font-family: inherit; font-weight: inherit;\" href=\"https:\/\/www.mikroskopie.de\/mikrolive\/download\/okularfrei_mikroskopieren.pdf\" target=\"_blank\" rel=\"noopener\"><strong>Mikroskopieren trotz bestehender Seheinschr\u00e4nkung<\/strong><\/a><\/p>\n<p>Wenn der Blick durch die Okulare Probleme bereitet, dann kann das Kamerasystem MikroLive MultiFormat zusammen mit einem hochaufl\u00f6senden Monitor f\u00fcr Abhilfe sorgen.<\/td>\n<td class=\" mynewstd\"><img loading=\"lazy\" decoding=\"async\" class=\"size-full wp-image-3484 aligncenter\" src=\"https:\/\/www.mikroskopie.de\/wp-content\/uploads\/2022\/07\/mik_cam_3klein.jpg\" alt=\"\" width=\"400\" height=\"275\" srcset=\"https:\/\/www.mikroskopie.de\/wp-content\/uploads\/2022\/07\/mik_cam_3klein.jpg 400w, https:\/\/www.mikroskopie.de\/wp-content\/uploads\/2022\/07\/mik_cam_3klein-320x220.jpg 320w\" sizes=\"auto, (max-width: 400px) 100vw, 400px\" \/><\/td>\n<\/tr>\n<tr>\n<td class=\"mynewstd\"><strong>31\/01\/2021:<br \/>\n<\/strong><strong><a href=\"https:\/\/www.mikroskopie.de\/?page_id=221\">Carl Zeiss Primostar 3<\/a> <\/strong><\/p>\n<p>Mit dem Primostar 3 gibt es nun den Nachfolger f\u00fcr das bew\u00e4hrte Primo Star, der sogar uns begeistert&#8230;<\/td>\n<td class=\" mynewstd\"><img loading=\"lazy\" decoding=\"async\" class=\"wp-image-3269 aligncenter\" src=\"https:\/\/www.mikroskopie.de\/wp-content\/uploads\/2021\/01\/Primostar_360-1-881.jpg\" alt=\"\" width=\"240\" height=\"471\" srcset=\"https:\/\/www.mikroskopie.de\/wp-content\/uploads\/2021\/01\/Primostar_360-1-881.jpg 280w, https:\/\/www.mikroskopie.de\/wp-content\/uploads\/2021\/01\/Primostar_360-1-881-229x450.jpg 229w, https:\/\/www.mikroskopie.de\/wp-content\/uploads\/2021\/01\/Primostar_360-1-881-163x320.jpg 163w\" sizes=\"auto, (max-width: 240px) 100vw, 240px\" \/><\/td>\n<\/tr>\n<tr>\n<td class=\"mynewstd\"><strong>03\/04\/2019:<br \/>\n<a href=\"https:\/\/www.mikroskopie.de\/?page_id=2179\">MikroLive MultiFormat<\/a><\/strong><\/p>\n<p style=\"text-align: left;\">Mit dem neuen MikroLive MultiFormat lassen sich in der mikroskopischen Dokumentation individuelle Bildformate hinsichtlich Aufl\u00f6sung und Gr\u00f6\u00dfe erstellen. Dadurch kann das Kamerasystem sehr flexibel an unterschiedliche Mikroskope angepasst werden. Die einzige Voraussetzung ist mikroskopseitig ein C-Mount-Adapter 0.5x \u2013 1.0x. Erm\u00f6glicht wird dies durch den in der Kamera verbauten Sensor IMX 183 von Sony<\/p>\n<\/td>\n<td class=\"mynewstd\"><img loading=\"lazy\" decoding=\"async\" class=\"size-full wp-image-2244 aligncenter\" src=\"https:\/\/www.mikroskopie.de\/wp-content\/uploads\/2019\/04\/formatwahl_klein.jpg\" alt=\"Freie Bildformatdefinition mit MikroLive MultiFormat\" width=\"400\" height=\"386\" srcset=\"https:\/\/www.mikroskopie.de\/wp-content\/uploads\/2019\/04\/formatwahl_klein.jpg 400w, https:\/\/www.mikroskopie.de\/wp-content\/uploads\/2019\/04\/formatwahl_klein-320x309.jpg 320w\" sizes=\"auto, (max-width: 400px) 100vw, 400px\" \/><\/td>\n<\/tr>\n<\/tbody>\n<\/table>\n<table class=\"unten\" border=\"0\" width=\"1050\" cellspacing=\"0\">\n<tbody>\n<tr>\n<td valign=\"middle\" width=\"50\"><a href=\"https:\/\/www.mikroskopie.de\"><img loading=\"lazy\" decoding=\"async\" src=\"grafiken\/logo.gif\" alt=\"Zur Startseite von mikroskopie.de\" width=\"27\" height=\"35\" border=\"0\"><\/a><\/td>\n<td width=\"825\">\u00a9 2022 <a href=\"mailto:linkenheld@mikroskopie.de\">Christian Linkenheld<\/a> \/ Elisabethenstr. 16 \/ 67105 Schifferstadt \/ Telefon: 06235 4910210<\/td>\n<td width=\"169\"><\/td>\n<\/tr>\n<tr>\n<td style=\"text-align: right;\" colspan=\"3\"><a href=\"?page_id=213\">Impressum<\/a> | <a href=\"?page_id=2020\">Datenschutz<\/a> | <a href=\"?page_id=1035\">AGB<\/a> &nbsp;&nbsp;||&nbsp;&nbsp; <a href=\"?page_id=192\">Anfahrt<\/a> | <a href=\"?page_id=956\">Team<\/a><\/td>\n<\/tr>\n<\/tbody>\n<\/table>\n","protected":false},"excerpt":{"rendered":"<p>Individuelle L\u00f6sungen f\u00fcr die Mikroskopie Wir sind spezialisiert auf die Konzeption und den Vertrieb indivduell und flexibel angepasster Einrichtungen f\u00fcr die Mikroskopie. Alle auf diesen Seiten vorgestellten Ger\u00e4te k\u00f6nnen in unserem Vorf\u00fchrraum von Ihnen&nbsp; getestet werden. Zur optimalen Vorbereitung bitten wir hierzu um eine Terminabsprache. Mikroskope und Zubeh\u00f6r von Carl Zeiss Mikroskopkameras Mikroskope und Zubeh\u00f6r [&hellip;]<\/p>\n","protected":false},"author":1,"featured_media":0,"parent":0,"menu_order":0,"comment_status":"closed","ping_status":"closed","template":"","meta":{"_genesis_hide_title":false,"_genesis_hide_breadcrumbs":false,"_genesis_hide_singular_image":false,"_genesis_hide_footer_widgets":false,"_genesis_custom_body_class":"","_genesis_custom_post_class":"","_genesis_layout":"","footnotes":""},"class_list":{"0":"post-2203","1":"page","2":"type-page","3":"status-publish","5":"entry"},"_links":{"self":[{"href":"https:\/\/www.mikroskopie.de\/index.php?rest_route=\/wp\/v2\/pages\/2203","targetHints":{"allow":["GET"]}}],"collection":[{"href":"https:\/\/www.mikroskopie.de\/index.php?rest_route=\/wp\/v2\/pages"}],"about":[{"href":"https:\/\/www.mikroskopie.de\/index.php?rest_route=\/wp\/v2\/types\/page"}],"author":[{"embeddable":true,"href":"https:\/\/www.mikroskopie.de\/index.php?rest_route=\/wp\/v2\/users\/1"}],"replies":[{"embeddable":true,"href":"https:\/\/www.mikroskopie.de\/index.php?rest_route=%2Fwp%2Fv2%2Fcomments&post=2203"}],"version-history":[{"count":193,"href":"https:\/\/www.mikroskopie.de\/index.php?rest_route=\/wp\/v2\/pages\/2203\/revisions"}],"predecessor-version":[{"id":4919,"href":"https:\/\/www.mikroskopie.de\/index.php?rest_route=\/wp\/v2\/pages\/2203\/revisions\/4919"}],"wp:attachment":[{"href":"https:\/\/www.mikroskopie.de\/index.php?rest_route=%2Fwp%2Fv2%2Fmedia&parent=2203"}],"curies":[{"name":"wp","href":"https:\/\/api.w.org\/{rel}","templated":true}]}}