{"id":221,"date":"2015-11-18T15:14:06","date_gmt":"2015-11-18T14:14:06","guid":{"rendered":"http:www.mikroskopie.de\/?page_id=221"},"modified":"2024-04-18T09:09:12","modified_gmt":"2024-04-18T08:09:12","slug":"primo-star","status":"publish","type":"page","link":"https:\/\/www.mikroskopie.de\/?page_id=221","title":{"rendered":"Primostar 3"},"content":{"rendered":"<table class=\"mytable\" cellspacing=\"0\" cellpadding=\"2\">\n<tbody>\n<tr>\n<td align=\"left\" valign=\"middle\" width=\"300\">Carl Zeiss<\/p>\n<p><b>Primostar 3<\/b>:<\/p>\n<p>Mikroskop f\u00fcr Laborroutine, Ausbildung und mehr&#8230;<\/td>\n<td>\n<div align=\"center\"><img loading=\"lazy\" decoding=\"async\" src=\"https:\/\/www.mikroskopie.de\/wp-content\/uploads\/2021\/01\/alle_primos-1.jpg\" alt=\"\" width=\"1081\" height=\"532\" \/><\/div>\n<\/td>\n<td align=\"right\" valign=\"top\" width=\"200\">\n<div align=\"right\">\n<table class=\"mytable\" border=\"0\" width=\"200\" cellspacing=\"0\" cellpadding=\"2\">\n<tbody>\n<tr>\n<td class=\"mytable\">Carl Zeiss:<br \/>\n<a href=\"?page_id=221\">Primostar 3<\/a><br \/>\n<a href=\"?page_id=169\">Stemi 305<\/a><br \/>\n<a href=\"?page_id=171\">Stemi 508<\/a><br \/>\n<a href=\"?page_id=223\">Axiolab 5<\/a><\/td>\n<td class=\"mytable\">Motic:<br \/>\n<a href=\"?page_id=231\">BA210LED<\/a><br \/>\n<a href=\"?page_id=235\">BA210E<\/a><br \/>\n<a href=\"?page_id=229\">BA310LED<\/a><br \/>\n<a href=\"?page_id=233\">BA310E<\/a><br \/>\n<a href=\"?page_id=241\">BA410E<\/a><br \/>\n<a href=\"?page_id=237\">SMZ171<\/a><br \/>\n<a href=\"?page_id=243\">AE2000<\/a><br \/>\n<a href=\"?page_id=1779\">Panthera C2<\/a><\/td>\n<\/tr>\n<\/tbody>\n<\/table>\n<\/div>\n<\/td>\n<\/tr>\n<\/tbody>\n<\/table>\n<p><div class=\"responsive-tabs\">\n<h2 class=\"tabtitle\">Merkmale<\/h2>\n<div class=\"tabcontent\">\n<br \/>\nMit dem neuen Primostar 3 bietet Carl Zeiss ein ausgereiftes und robustes Mikroskop speziell f\u00fcr die Bed\u00fcrfnisse der Ausbildung sowie der Laborroutine an. Je nach Bedarf erm\u00f6glicht dieses Mikroskop Beobachtungen mit den etablierten Verfahren Hellfeld, Dunkelfeld, Phasenkontrast, einfache Polarisation (Durchlicht) und Auflichtfluoreszenz. Das Primostar 3 basiert, wie schon das Vorg\u00e4ngermodell Primo Star, auf unterschiedlichen und praxisorientierten Basisausstattungen. Diese lassen sich durch das verf\u00fcgbare Zubeh\u00f6r individuell erweitern. Die trinokularen Versionen erm\u00f6glichen zus\u00e4tzlich die Adaption digitaler Dokumentationssysteme. Hierzu stehen Adapter f\u00fcr C-Mount Kameras zur Verf\u00fcgung. Durch die verbesserte Optik, vergr\u00f6\u00dferte Sehfelder, den f\u00fcnffachen Objektivvrevolver (Full-K\u00f6hler-Version) und eine wesentlich erweiterte Zubeh\u00f6rpalette ist das Primostar 3 tats\u00e4chlich deutlich mehr als nur ein Nachfolger des bew\u00e4hrten Primo Star.<\/p>\n<p><img loading=\"lazy\" decoding=\"async\" class=\"alignright wp-image-3231\" src=\"https:\/\/www.mikroskopie.de\/wp-content\/uploads\/2021\/01\/Primostar-3-HDcam_monitor.jpg\" alt=\"\" width=\"630\" height=\"420\" srcset=\"https:\/\/www.mikroskopie.de\/wp-content\/uploads\/2021\/01\/Primostar-3-HDcam_monitor.jpg 850w, https:\/\/www.mikroskopie.de\/wp-content\/uploads\/2021\/01\/Primostar-3-HDcam_monitor-450x300.jpg 450w, https:\/\/www.mikroskopie.de\/wp-content\/uploads\/2021\/01\/Primostar-3-HDcam_monitor-320x213.jpg 320w, https:\/\/www.mikroskopie.de\/wp-content\/uploads\/2021\/01\/Primostar-3-HDcam_monitor-768x512.jpg 768w\" sizes=\"auto, (max-width: 630px) 100vw, 630px\" \/><\/p>\n<p>Insbesondere bietet das Primostar 3 zusammen mit der Kamera Axiocam 208 color oder dem binokularem Tubus 25\u00b0\/22 mit integrierter Kamera 8MP und der Zeiss App Labscope die ideale Basis f\u00fcr den digitalen und vernetzten Kursunterricht.<\/p>\n<p><img loading=\"lazy\" decoding=\"async\" class=\"alignnone wp-image-3242\" src=\"https:\/\/www.mikroskopie.de\/wp-content\/uploads\/2021\/01\/Primostar-3-HDcam_interfaces.jpg\" alt=\"\" width=\"320\" height=\"213\" srcset=\"https:\/\/www.mikroskopie.de\/wp-content\/uploads\/2021\/01\/Primostar-3-HDcam_interfaces.jpg 650w, https:\/\/www.mikroskopie.de\/wp-content\/uploads\/2021\/01\/Primostar-3-HDcam_interfaces-450x300.jpg 450w, https:\/\/www.mikroskopie.de\/wp-content\/uploads\/2021\/01\/Primostar-3-HDcam_interfaces-320x213.jpg 320w\" sizes=\"auto, (max-width: 320px) 100vw, 320px\" \/><\/p>\n<div align=\"center\"><\/div>\n\n<\/div><h2 class=\"tabtitle\">Beispielbilder<\/h2>\n<div class=\"tabcontent\">\n\n<p><a href=\"?page_id=2\"><img loading=\"lazy\" decoding=\"async\" class=\"alignnone size-full wp-image-3243\" src=\"https:\/\/www.mikroskopie.de\/wp-content\/uploads\/2021\/01\/Brightfield_Corylus-hazelnut_40x_Primostar-3.jpg\" alt=\"\" width=\"1050\" height=\"842\" srcset=\"https:\/\/www.mikroskopie.de\/wp-content\/uploads\/2021\/01\/Brightfield_Corylus-hazelnut_40x_Primostar-3.jpg 1050w, https:\/\/www.mikroskopie.de\/wp-content\/uploads\/2021\/01\/Brightfield_Corylus-hazelnut_40x_Primostar-3-450x361.jpg 450w, https:\/\/www.mikroskopie.de\/wp-content\/uploads\/2021\/01\/Brightfield_Corylus-hazelnut_40x_Primostar-3-320x257.jpg 320w, https:\/\/www.mikroskopie.de\/wp-content\/uploads\/2021\/01\/Brightfield_Corylus-hazelnut_40x_Primostar-3-768x616.jpg 768w, https:\/\/www.mikroskopie.de\/wp-content\/uploads\/2021\/01\/Brightfield_Corylus-hazelnut_40x_Primostar-3-750x600.jpg 750w\" sizes=\"auto, (max-width: 1050px) 100vw, 1050px\" \/> <img loading=\"lazy\" decoding=\"async\" class=\"alignnone size-full wp-image-3244\" src=\"https:\/\/www.mikroskopie.de\/wp-content\/uploads\/2021\/01\/Brightfield_mouse-hair-follicle_40x_Primostar-3.jpg\" alt=\"\" width=\"1050\" height=\"842\" srcset=\"https:\/\/www.mikroskopie.de\/wp-content\/uploads\/2021\/01\/Brightfield_mouse-hair-follicle_40x_Primostar-3.jpg 1050w, https:\/\/www.mikroskopie.de\/wp-content\/uploads\/2021\/01\/Brightfield_mouse-hair-follicle_40x_Primostar-3-450x361.jpg 450w, https:\/\/www.mikroskopie.de\/wp-content\/uploads\/2021\/01\/Brightfield_mouse-hair-follicle_40x_Primostar-3-320x257.jpg 320w, https:\/\/www.mikroskopie.de\/wp-content\/uploads\/2021\/01\/Brightfield_mouse-hair-follicle_40x_Primostar-3-768x616.jpg 768w, https:\/\/www.mikroskopie.de\/wp-content\/uploads\/2021\/01\/Brightfield_mouse-hair-follicle_40x_Primostar-3-750x600.jpg 750w\" sizes=\"auto, (max-width: 1050px) 100vw, 1050px\" \/><\/a><\/p>\n<p>\n<\/div><h2 class=\"tabtitle\">Preise &amp; Informationsmaterial<\/h2>\n<div class=\"tabcontent\">\n<br \/>\n<strong>Basispakete:<\/strong><\/p>\n<table class=\"mytable\" border=\"0\" cellspacing=\"0\" cellpadding=\"15\">\n<tbody>\n<tr>\n<td class=\"mytable\">\n<h5><strong>Primostar 3, Fix-K., Bi, SF20, 4 Pos., ABBE 0.9, 75&#215;40 (415501-0001-000)<br \/>\n<\/strong><strong>mit:<\/strong><\/h5>\n<ul style=\"margin-bottom: 0px;\">\n<li>Durchlichtbeleuchtung LED 1W Wei\u00dflicht, 5700K<\/li>\n<li>Objektivrevolver 4-fach, nach hinten geneigt<\/li>\n<li>Kreuztisch 75&#215;40, Trieb rechts und Objekthalter f\u00fcr einen Objekttr\u00e4ger mit Federhebel links<\/li>\n<li>binokularem Tubus 25\u00b0\/20 &#8211; Okularen 10x\/20 Br. foc. mit Augenmuscheln, 1x mit Zeiger<\/li>\n<li>Objektiven iPlan-Achromat 4x, 10x, 40x<\/li>\n<li>Abbe-Kondensor 0,9\/1,25 mit Slot<\/li>\n<li>5V USB-Anschluss<\/li>\n<li>l\u00e4nderspezifischer Netzleitung<\/li>\n<li>Staubschutzh\u00fclle<\/li>\n<\/ul>\n<\/td>\n<td class=\"mytable\">\n<h5><strong>Primostar 3, Fix-K., Bi, SF20, 4 Pos., 100x \u00d6l, ABBE 0.9, 75&#215;40 (415501-0081-000)<br \/>\nmit:<\/strong><\/h5>\n<ul style=\"margin-bottom: 0px;\">\n<li>\u00a0Durchlichtbeleuchtung LED 1W Wei\u00dflicht, 5700K<\/li>\n<li>Objektivrevolver 4-fach, nach hinten geneigt<\/li>\n<li>Kreuztisch 75&#215;40, Trieb rechts und Objekthalter f\u00fcr einen Objekttr\u00e4ger mit Federhebel links<\/li>\n<li>binokularem Tubus 25\u00b0\/20<\/li>\n<li>Okularen 10x\/20 Br. foc. mit Augenmuscheln, 1x mit Zeiger<\/li>\n<li>Objektiven iPlan-Achromat 4x, 10x, 40x, 100x \u00d6l<\/li>\n<li>Abbe-Kondensor 0,9\/ 1,25 mit Slot<\/li>\n<li>5V USB-Anschluss<\/li>\n<li>\u00d6ler mit 5ml Immersions\u00f6l<\/li>\n<li>l\u00e4nderspezifischer Netzleitung<\/li>\n<li>Staubschutzh\u00fclle<\/li>\n<\/ul>\n<\/td>\n<td class=\"mytable\">\n<h5 id=\"exampleModalLabel\" class=\"c-modal--title\"><strong>Primostar 3, Fix-K., Tri, SF20, 4 Pos., ABBE 0.9, 75&#215;40 ( 415501-0011-000)<br \/>\nmit:<\/strong><\/h5>\n<ul style=\"margin-bottom: 0px;\">\n<li>Durchlichtbeleuchtung LED 1W Wei\u00dflicht, 5700K<\/li>\n<li>Objektivrevolver 4-fach, nach hinten geneigt<\/li>\n<li>Kreuztisch 75&#215;40, Trieb rechts und Objekthalter f\u00fcr einen Objekttr\u00e4ger mit Federhebel links<\/li>\n<li>binokularem Fototubus 25\u00b0\/20 (50:50)<\/li>\n<li>Okularen 10x\/20 Br. foc. mit Augenmuscheln, 1x mit Zeiger<\/li>\n<li>Objektiven Plan-Achromat 4x, 10x, 40x<\/li>\n<li>Abbe-Kondensor 0,9\/1,25 mit Slot<\/li>\n<li>5V USB-Anschluss &#8211; l\u00e4nderspezifischer Netzleitung<\/li>\n<li>Staubschutzh\u00fclle<\/li>\n<\/ul>\n<\/td>\n<\/tr>\n<tr>\n<td><strong>Listenpreis incl. MwSt &amp; Versand: 1542,24\u20ac<\/strong><\/td>\n<td><strong>Listenpreis incl. MwSt &amp; Versand: 1767,15\u20ac<\/strong><\/td>\n<td><strong>Listenpreis incl. MwSt &amp; Versand: 1775,48\u20ac<\/strong><\/td>\n<\/tr>\n<tr>\n<td class=\"mytable\" colspan=\"3\">\n<hr \/>\n<\/td>\n<\/tr>\n<tr>\n<td class=\"mytable\">\n<h5 id=\"exampleModalLabel\" class=\"c-modal--title\">Primostar 3, Fix-K., Bi, SF20, 4 Pos., D=0, ABBE 0.9, 75&#215;40 (415501-0061-000)<br \/>\n<strong style=\"font-family: inherit; font-size: inherit;\">mit:<\/strong><\/h5>\n<ul style=\"margin-bottom: 0px;\">\n<li>Durchlichtbeleuchtung LED 1W Wei\u00dflicht, 5700K<\/li>\n<li>Objektivrevolver 4-fach, nach hinten geneigt<\/li>\n<li>Kreuztisch 75&#215;40, Trieb rechts und Objekthalter f\u00fcr einen Objekttr\u00e4ger mit Federhebel links<\/li>\n<li>binokularem Tubus 25\u00b0\/20 &#8211; Okularen 10x\/20 Br. foc. mit Augenmuscheln<\/li>\n<li>Objektiven iPlan-Achromat D=0 ohne Deckglas, 10x, 20x, 40x und 100x \u00d6l<\/li>\n<li>Abbe-Kondensor 0,9\/1,25 mit Slot<\/li>\n<li>5V USB-Anschluss &#8211;<\/li>\n<li>\u00d6ler mit 5ml Immersions\u00f6l<\/li>\n<li>l\u00e4nderspezifischer Netzleitung<\/li>\n<li>Staubschutzh\u00fclle<\/li>\n<\/ul>\n<\/td>\n<td class=\"mytable\">\n<h5 id=\"exampleModalLabel\" class=\"c-modal--title\">Primostar 3, Full-K., Tri, SF22, 5 Pos., ABBE 0.9, 75&#215;50 (415501-0041-000)<br \/>\n<strong style=\"font-family: inherit; font-size: inherit;\">mit:<\/strong><\/h5>\n<ul style=\"margin-bottom: 0px;\">\n<li>Durchlicht-Einschubmodulen mit 6V 30W Halogenlampe und LED 3W Wei\u00dflicht, 5600K<\/li>\n<li>Objektivrevolver 5-fach, nach hinten geneigt<\/li>\n<li>Kreuztisch 75&#215;50 Trieb rechts und Objekthalter f\u00fcr zwei Objektr\u00e4ger mit Federhebel links<\/li>\n<li>binokularem Fototubus 25\u00b0\/22 (50:50)<\/li>\n<li>Okularen 10x\/22 Br. foc. mit Augenmuscheln<\/li>\n<li>Objektiven iPlan-Achromat 4x, 10x, 40x<\/li>\n<li>Abbe-Kondensor 0,9\/ 1,25 mit Slot<\/li>\n<li>LichtManager<\/li>\n<li>ECO-Mode<\/li>\n<li>Farbfiltersatz blau, gr\u00fcn, gelb<\/li>\n<li>Halogenlampe 6V 30W (Ersatz)<\/li>\n<li>l\u00e4nderspezifischer Netzleitung<\/li>\n<li>Staubschutzh\u00fclle<\/li>\n<\/ul>\n<\/td>\n<td class=\"mytable\">\n<h5 id=\"exampleModalLabel\" class=\"c-modal--title\">Primostar 3, Full-K., Tri, SF22, 5 Pos., Ph2, ABBE 0.9, 75&#215;50 (415501-0021-001)<br \/>\n<strong>mit:<\/strong><\/h5>\n<ul>\n<li>Durchlicht-Einschubmodulen mit 6V 30W Halogenlampe und LED 3W Wei\u00dflicht, 5600K<\/li>\n<li>Objektivrevolver 5-fach, nach hinten geneigt<\/li>\n<li>Kreuztisch 75&#215;50 Trieb rechts und Objekthalter f\u00fcr zwei Objektr\u00e4ger mit Federhebel links<\/li>\n<li>binokularem Fototubus 25\u00b0\/22 (50:50)<\/li>\n<li>Okularen 10x\/22 Br. foc. mit Augenmuscheln<\/li>\n<li>Objektiv iPlan-Achromat 40x Ph2<\/li>\n<li>Abbe-Kondensor 0,9\/ 1,25 mit Slot<\/li>\n<li>Licht Manager<\/li>\n<li>ECO-Mode<\/li>\n<li>Schieber H\/Ph2<\/li>\n<li>Diopter d=30mm<\/li>\n<li>Farbfiltersatz blau, gr\u00fcn, gelb<\/li>\n<li>Halogenlampe 6V 30W (Ersatz)<\/li>\n<li>l\u00e4nderspezifischer Netzleitung<\/li>\n<li>Staubschutzh\u00fclle<\/li>\n<\/ul>\n<\/td>\n<\/tr>\n<tr>\n<td><strong>Listenpreis incl. MwSt &amp; Versand: 2128,91\u20ac<\/strong><\/td>\n<td><strong>Listenpreis incl. MwSt &amp; Versand: 2541,84\u20ac<\/strong><\/td>\n<td><strong>Listenpreis incl. MwSt &amp; Versand: 2541,84\u20ac<\/strong><\/td>\n<\/tr>\n<tr>\n<td class=\"mytable\" colspan=\"3\">\n<hr \/>\n<\/td>\n<\/tr>\n<tr>\n<td class=\"mytable\">\n<h5 id=\"exampleModalLabel\" class=\"c-modal--title\">Primostar 3, Full-K., Tri, SF22, 5 Pos., Ph2, ABBE 0.9, 75&#215;50 (415501-0021-000)<br \/>\n<strong>mit:<\/strong><\/h5>\n<ul>\n<li>Durchlicht-Einschubmodulen mit 6V 30W Halogenlampe und LED 3W Wei\u00dflicht, 5600K<\/li>\n<li>Objektivrevolver 5-fach, nach hinten geneigt<\/li>\n<li>Kreuztisch 75&#215;50 Trieb rechts und Objekthalter f\u00fcr zwei Objektr\u00e4ger mit Federhebel links<\/li>\n<li>binokularem Fototubus 25\u00b0\/22 (50:50)<\/li>\n<li>Okularen 10x\/22 Br. foc. mit Augenmuscheln<\/li>\n<li>Objektiven iPlan-Achromat 4x, 10x, 40x Ph2<\/li>\n<li>Abbe-Kondensor 0,9\/ 1,25 mit Slot<\/li>\n<li>Licht Manager<\/li>\n<li>ECO-Mode<\/li>\n<li>Schieber H\/Ph2<\/li>\n<li>Diopter d=30mm<\/li>\n<li>Farbfiltersatz blau, gr\u00fcn, gelb<\/li>\n<li>Halogenlampe 6V 30W (Ersatz)<\/li>\n<li>l\u00e4nderspezifischer Netzleitung<\/li>\n<li>Staubschutzh\u00fclle<\/li>\n<\/ul>\n<\/td>\n<td class=\"mytable\">\n<h5 id=\"exampleModalLabel\" class=\"c-modal--title\">Primostar 3, Full-K, Tri, SF22, 5 Pos, Ph2, ABBE 0.9 Rev., 75&#215;50 (415501-0031-000)<br \/>\n<strong style=\"font-family: inherit; font-size: inherit;\">mit:<\/strong><\/h5>\n<ul style=\"margin-bottom: 0px;\">\n<li>Durchlicht- Einschubmodulen mit 6V 30W Halogenlampe und LED 3W Wei\u00dflicht, 5600K<\/li>\n<li>Objektivrevolver 5-fach, nach hinten geneigt<\/li>\n<li>Kreuztisch 75&#215;50 Trieb rechts und Objekthalter f\u00fcr zwei Objektr\u00e4ger mit Federhebel links<\/li>\n<li>binokularem Fototubus 25\u00b0\/22 (50:50)<\/li>\n<li>Okularen 10x\/22 Br. foc. mit Augenmuscheln<\/li>\n<li>Objektiven iPlan-Achromat 4x, 10x, 40x Ph2<\/li>\n<li>ABBE-Kondensor 0.9 mit Modulatorscheibe HF, DF, Ph1, Ph2, Ph3<\/li>\n<li>Diopter d=30mm<\/li>\n<li>Licht Manager<\/li>\n<li>ECO-Mode<\/li>\n<li>Farbfiltersatz blau, gr\u00fcn, gelb &#8211;<\/li>\n<li>Halogenlampe 6V 30W (Ersatz) &#8211;<\/li>\n<li>l\u00e4nderspezifischer Netzleitung<\/li>\n<li>Staubschutzh\u00fclle<\/li>\n<\/ul>\n<\/td>\n<td><\/td>\n<\/tr>\n<tr>\n<td><strong>Listenpreis incl. MwSt &amp; Versand: 2860,76\u20ac<\/strong><\/td>\n<td colspan=\"2\"><strong>Listenpreis incl. MwSt &amp; Versand:\u00a0 3335,57\u20ac<\/strong><\/td>\n<\/tr>\n<tr>\n<td class=\"mytable\" colspan=\"3\">\n<hr \/>\n<\/td>\n<\/tr>\n<tr>\n<td class=\"mytable\" colspan=\"3\">\n<h5 id=\"exampleModalLabel\" class=\"c-modal--title\">Primostar 3, Fix-K, Bi, Cam, SF20, 4 Pos., ABBE 0.9, 75&#215;40 (415501-0071-000)<br \/>\n<strong style=\"font-family: inherit; font-size: inherit;\">mit:<\/strong><\/h5>\n<ul style=\"margin-bottom: 10px;\">\n<li>Durchlichtbeleuchtung LED 1W Wei\u00dflicht, 5700K<\/li>\n<li>Objektivrevolver 4-fach, nach hinten geneigt<\/li>\n<li>Kreuztisch 75&#215;40, Trieb rechts und Objekthalter f\u00fcr einen Objekttr\u00e4ger mit Federhebel links<\/li>\n<li>binokularem Fototubus 25\u00b0\/22 mit integrierter Kamera 8MP<\/li>\n<li>Okularen 10x\/20 Br. foc. mit Augenmuscheln, 1x mit Zeiger<\/li>\n<li>Objektiven iPlan-Achromat 4x, 10x, 40x<\/li>\n<li>Abbe-Kondensor 0,9\/1,25 mitSlot<\/li>\n<li>5V USB-Anschluss<\/li>\n<li>l\u00e4nderspezifischer Netzleitung<\/li>\n<li>Staubschutzh\u00fclle<\/li>\n<\/ul>\n<p>Spezifikation Kamera Sensortyp: Sony CMOS Farbsensor mit Rolling Shutter Anzahl der Pixel: 3840 (H) x 2160 (V) = 8.3MP, Ultra HD (4K) Selektierbare Aufl\u00f6sungen: 3840 x 2160= Ultra HD (4K) und 1920 x 1080 = Full HD (1080p) Pixelgr\u00f6\u00dfe: 1.85 \u00b5m x 1.85 \u00b5m (Ultra HD Aufl\u00f6sung) Sensorgr\u00f6\u00dfe: 7.1 mm x 4.0 mm, equivalent to 1\/2.1&#8220; (Diagonale 8.15 mm) Spektralbereich: ca. 400 nm \u2013 700 nm, IR Filter Stand-alone: Bildspeicherformat: tiff oder jpg Videostream-Format: mp4 Live Bildwiederholraten via HDMI: 30 fps @ 4K\/1080p (auch mit HDR) Live Bildwiederholraten per Software via Ethernet oder USB3.0 (abh\u00e4ngig von Hardware- und Softwarekonfiguration), Belichtungszeit 1 ms: H x V Bildrate 3840 x 2160 bis zu 15 fps (ZEN blue edition) 1920 x 1080 bis zu 27 fps (ZEN blue edition) 1920 x 1080 bis zu 30 fps (Labscope) Digitalisierung: 8 Bit\/Pixel Belichtungszeit: 0,06 msec bis 1 sec Schnittstellen: HDMI f\u00fcr den Monitor USB 3.0 f\u00fcr USB hub, Speicher-Stick, Wi-Fi Adapter oder PC-Verbindung Ethernet (RJ45) f\u00fcr LAN-Verbindung Optische Schnittstelle: integrierter Adapter Max. Filegr\u00f6\u00dfe pro Bild: .tiff bis zu: 24 MB (nicht abgh\u00e4ngig vom Bildinhalt) .jpg bis zu: 0.5 MB \u2013 3.3 MB (abh\u00e4ngig vom Bildinhalt) Passive K\u00fchlung durch K\u00fchlrippen aus Aluminium auf der Deckplatte Umgebungsbedingungen: +10\u00b0 &#8230; +40\u00b0 Celsius, max. 75% relative Luftfeuchtigkeit, nicht kondensierend, freie Luftzirkulation erforderlich Unterst\u00fctzte Betriebssysteme: f\u00fcr ZEN: Windows 10 x64 Prof.\/Ultimate und h\u00f6her f\u00fcr Labscope: Windows 7\/10 x64 Prof.\/Ultimate und iOS v11 und h\u00f6her Unterst\u00fctzte Anwendungssoftware: ZEN blue v3.0 und h\u00f6her (beinhaltet ZEN lite\/pro\/system) ZEN core v2.7 und h\u00f6her (beinhaltet ZEN starter\/core) Labscope v2.9 (Win) v2.8.3 (iOS) und h\u00f6her TWAIN Plugin: Zusatzprogramm zur Steuerung der Kamera durch Anwendungssoftware von Drittanbietern Die Kamera ist netzwerkf\u00e4hig und kann mit der Zeiss iOS App und Labscope verwendet werden. Die App ist verf\u00fcgbar als kostenloser Download im Apple App Store. Sofern vom Distributor nicht anders angegeben, sind iPad und WLAN-Router nicht \u00fcber ZEISS erh\u00e4ltlich.<\/td>\n<\/tr>\n<tr>\n<td colspan=\"3\"><strong>Listenpreis incl. MwSt &amp; Versand:\u00a0 4207,84\u20ac<\/strong><\/td>\n<\/tr>\n<tr>\n<td class=\"mytable\" colspan=\"3\">\n<hr \/>\n<\/td>\n<\/tr>\n<tr>\n<td class=\"mytable\" colspan=\"3\">\n<h5 id=\"exampleModalLabel\" class=\"c-modal--title\">Primostar 3, Full-K, Bi, Kam, SF22, 5 Pos, ABBE 0.9, 75&#215;50 (415501-0091-000)<br \/>\n<strong style=\"font-family: inherit; font-size: inherit;\">mit:<\/strong><\/h5>\n<ul style=\"margin-bottom: 0px;\">\n<li>Durchlicht-Einschubmodulen mit 6V 30W Halogenlampe und LED 3W Wei\u00dflicht, 5600K<\/li>\n<li>Objektivrevolver 5-fach, nach hinten geneigt<\/li>\n<li>Kreuztisch 75&#215;50 Trieb rechts und Objekthalter f\u00fcr zwei Objektr\u00e4ger mit Federhebel links<\/li>\n<li>binokularem Fototubus 25\u00b0\/22 (50:50) mit integrierter 8MP Kamera<\/li>\n<li>Okularen 10x\/22 Br. foc. mit Augenmuscheln<\/li>\n<li>Objektiven iPlan-Achromat 4x, 10x, 40x<\/li>\n<li>Abbe-Kondensor 0,9\/ 1,25 mit Slot<\/li>\n<li>LichtManager<\/li>\n<li>ECO-Mode<\/li>\n<li>Farbfiltersatz blau, gr\u00fcn, gelb<\/li>\n<li>Halogenlampe 6V 30W (Ersatz)<\/li>\n<li>l\u00e4nderspezifischer Netzleitung<\/li>\n<li>Staubschutzh\u00fclle<\/li>\n<\/ul>\n<p>Spezifikation Kamera Sensortyp: Sony CMOS Farbsensor mit Rolling Shutter Anzahl der Pixel: 3840 (H) x 2160 (V) = 8.3MP, Ultra HD (4K) Selektierbare Aufl\u00f6sungen: 3840 x 2160= Ultra HD (4K) und 1920 x 1080 = Full HD (1080p) Pixelgr\u00f6\u00dfe: 1.85 \u00b5m x 1.85 \u00b5m (Ultra HD Aufl\u00f6sung) Sensorgr\u00f6\u00dfe: 7.1 mm x 4.0 mm, equivalent to 1\/2.1&#8220; (Diagonale 8.15 mm) Spektralbereich: ca. 400 nm \u2013 700 nm, IR Filter Stand-alone: Bildspeicherformat: tiff oder jpg Videostream-Format: mp4 Live Bildwiederholraten via HDMI: 30 fps @ 4K\/1080p (auch mit HDR) Live Bildwiederholraten per Software via Ethernet oder USB3.0 (abh\u00e4ngig von Hardware- und Softwarekonfiguration), Belichtungszeit 1 ms: H x V Bildrate 3840 x 2160 bis zu 15 fps (ZEN blue edition) 1920 x 1080 bis zu 27 fps (ZEN blue edition) 1920 x 1080 bis zu 30 fps (Labscope) Digitalisierung: 8 Bit\/Pixel Belichtungszeit: 0,06 msec bis 1 sec Schnittstellen: HDMI f\u00fcr den Monitor USB 3.0 f\u00fcr USB hub, Speicher-Stick, Wi-Fi Adapter oder PC-Verbindung Ethernet (RJ45) f\u00fcr LAN-Verbindung Optische Schnittstelle: integrierter Adapter Max. Filegr\u00f6\u00dfe pro Bild: .tiff bis zu: 24 MB (nicht abgh\u00e4ngig vom Bildinhalt) .jpg bis zu: 0.5 MB \u2013 3.3 MB (abh\u00e4ngig vom Bildinhalt) Passive K\u00fchlung durch K\u00fchlrippen aus Aluminium auf der Deckplatte Umgebungsbedingungen: +10\u00b0 &#8230; +40\u00b0 Celsius, max. 75% relative Luftfeuchtigkeit, nicht kondensierend, freie Luftzirkulation erforderlich Unterst\u00fctzte Betriebssysteme: f\u00fcr ZEN: Windows 10 x64 Prof.\/Ultimate und h\u00f6her f\u00fcr Labscope: Windows 7\/10 x64 Prof.\/Ultimate und iOS v11 und h\u00f6her Unterst\u00fctzte Anwendungssoftware: ZEN blue v3.0 und h\u00f6her (beinhaltet ZEN lite\/pro\/system) ZEN core v2.7 und h\u00f6her (beinhaltet ZEN starter\/core) Labscope v2.9 (Win) v2.8.3 (iOS) und h\u00f6her TWAIN Plugin: Zusatzprogramm zur Steuerung der Kamera durch Anwendungssoftware von Drittanbietern Die Kamera ist netzwerkf\u00e4hig und kann mit der Zeiss iOS App und Labscope verwendet werden. Die App ist verf\u00fcgbar als kostenloser Download im Apple App Store. Sofern vom Distributor nicht anders angegeben, sind iPad und WLAN-Router nicht \u00fcber ZEISS erh\u00e4ltlich.<\/td>\n<\/tr>\n<tr>\n<td colspan=\"3\"><strong>Listenpreis incl. MwSt &amp; Versand:\u00a0 5558,49\u20ac<\/strong><\/td>\n<\/tr>\n<tr>\n<td class=\"mytable\" colspan=\"3\">\n<hr \/>\n<\/td>\n<\/tr>\n<\/tbody>\n<\/table>\n<p><a href=\"pdf\/zeiss\/preisliste_primostar_zubehoer.pdf\" target=\"_blank\" rel=\"noopener noreferrer\">Preisliste f\u00fcr Zubeh\u00f6r\/Erweiterungen<\/a><\/p>\n<p>Info:<br \/>\n<a href=\"pdf\/zeiss\/primostar_3_bro.pdf\" target=\"_blank\" rel=\"noopener noreferrer\">Produktbrosch\u00fcre zum Primostar 3 (pdf &#8211; EN)<\/a><br \/>\n<a href=\"pdf\/zeiss\/IM_Primostar 3_de01.pdf\" target=\"_blank\" rel=\"noopener noreferrer\">Bedienungsanleitung zum Primostar 3 (pdf &#8211; DE)<\/a><br \/>\n\n<\/div><h2 class=\"tabtitle\">Ihre Anfrage zum Primostar 3<\/h2>\n<div class=\"tabcontent\">\n<br \/>\nTelefonisch: 06235 4910210<br \/>\nPer EMail: <a href=\"mailto:linkenheld@mikroskopie.de?subject=Frage zum Primo Star\">Anfrage zum Primostar 3<\/a><\/p>\n<\/div><\/div>\n<table class=\"unten\" border=\"0\" width=\"1050\" cellspacing=\"0\">\n<tbody>\n<tr>\n<td valign=\"middle\" width=\"50\"><a href=\"https:\/\/www.mikroskopie.de\"><img loading=\"lazy\" decoding=\"async\" src=\"grafiken\/logo.gif\" alt=\"Zur Startseite von mikroskopie.de\" width=\"27\" height=\"35\" border=\"0\" \/><\/a><\/td>\n<td width=\"825\">\u00a9 2022 <a href=\"mailto:linkenheld@mikroskopie.de\">Christian Linkenheld<\/a> \/ Elisabethenstr. 16 \/ 67105 Schifferstadt \/ Telefon: 06235 4910210<\/td>\n<\/tr>\n<tr>\n<td style=\"text-align: right;\" colspan=\"3\"><a href=\"?page_id=213\">Impressum<\/a> | <a href=\"?page_id=2020\">Datenschutz<\/a> | <a href=\"?page_id=1035\">AGB<\/a> \u00a0\u00a0||\u00a0\u00a0 <a href=\"?page_id=192\">Anfahrt<\/a> | <a href=\"?page_id=956\">Team<\/a><\/td>\n<\/tr>\n<\/tbody>\n<\/table>\n","protected":false},"excerpt":{"rendered":"<p>Carl Zeiss Primostar 3: Mikroskop f\u00fcr Laborroutine, Ausbildung und mehr&#8230; Carl Zeiss: Primostar 3 Stemi 305 Stemi 508 Axiolab 5 Motic: BA210LED BA210E BA310LED BA310E BA410E SMZ171 AE2000 Panthera C2 Mit dem neuen Primostar 3 bietet Carl Zeiss ein ausgereiftes und robustes Mikroskop speziell f\u00fcr die Bed\u00fcrfnisse der Ausbildung sowie der Laborroutine an. Je nach [&hellip;]<\/p>\n","protected":false},"author":1,"featured_media":0,"parent":167,"menu_order":0,"comment_status":"closed","ping_status":"closed","template":"","meta":{"_genesis_hide_title":false,"_genesis_hide_breadcrumbs":false,"_genesis_hide_singular_image":false,"_genesis_hide_footer_widgets":false,"_genesis_custom_body_class":"","_genesis_custom_post_class":"","_genesis_layout":"","footnotes":""},"class_list":{"0":"post-221","1":"page","2":"type-page","3":"status-publish","5":"entry"},"_links":{"self":[{"href":"https:\/\/www.mikroskopie.de\/index.php?rest_route=\/wp\/v2\/pages\/221","targetHints":{"allow":["GET"]}}],"collection":[{"href":"https:\/\/www.mikroskopie.de\/index.php?rest_route=\/wp\/v2\/pages"}],"about":[{"href":"https:\/\/www.mikroskopie.de\/index.php?rest_route=\/wp\/v2\/types\/page"}],"author":[{"embeddable":true,"href":"https:\/\/www.mikroskopie.de\/index.php?rest_route=\/wp\/v2\/users\/1"}],"replies":[{"embeddable":true,"href":"https:\/\/www.mikroskopie.de\/index.php?rest_route=%2Fwp%2Fv2%2Fcomments&post=221"}],"version-history":[{"count":90,"href":"https:\/\/www.mikroskopie.de\/index.php?rest_route=\/wp\/v2\/pages\/221\/revisions"}],"predecessor-version":[{"id":4627,"href":"https:\/\/www.mikroskopie.de\/index.php?rest_route=\/wp\/v2\/pages\/221\/revisions\/4627"}],"up":[{"embeddable":true,"href":"https:\/\/www.mikroskopie.de\/index.php?rest_route=\/wp\/v2\/pages\/167"}],"wp:attachment":[{"href":"https:\/\/www.mikroskopie.de\/index.php?rest_route=%2Fwp%2Fv2%2Fmedia&parent=221"}],"curies":[{"name":"wp","href":"https:\/\/api.w.org\/{rel}","templated":true}]}}