{"id":233,"date":"2015-11-18T15:16:07","date_gmt":"2015-11-18T14:16:07","guid":{"rendered":"http:www.mikroskopie.de\/?page_id=233"},"modified":"2025-12-11T10:08:44","modified_gmt":"2025-12-11T09:08:44","slug":"ba310e","status":"publish","type":"page","link":"https:\/\/www.mikroskopie.de\/?page_id=233","title":{"rendered":"BA310E"},"content":{"rendered":"<table class=\"mytable\" cellspacing=\"0\" cellpadding=\"2\">\n<tbody>\n<tr>\n<td valign=\"middle\" align=\"left\">Motic<\/p>\n<p><b>BA310E<\/b>:<\/p>\n<p>Das flexible Labormikroskop f\u00fcr Biologie und Medizin<\/td>\n<td>\n<div align=\"center\"><img decoding=\"async\" src=\"grafiken\/motic\/BA310E.jpg\" alt=\"\"><\/div>\n<\/td>\n<td width=\"200\" valign=\"top\" align=\"right\">\n<div align=\"right\">\n<table class=\"mytable\" border=\"0\" width=\"200\" cellspacing=\"0\" cellpadding=\"2\">\n<tbody>\n<tr>\n<td class=\"mytable\">Carl Zeiss:<br \/>\n<a href=\"?page_id=221\">Primostar 3<\/a><br \/>\n<a href=\"?page_id=169\">Stemi 305<\/a><br \/>\n<a href=\"?page_id=171\">Stemi 508<\/a><br \/>\n<a href=\"?page_id=223\">Axiolab 5<\/a><\/td>\n<td class=\"mytable\">Motic:<br \/>\n<a href=\"?page_id=231\">BA210LED<\/a><br \/>\n<a href=\"?page_id=235\">BA210E<\/a><br \/>\n<a href=\"?page_id=229\">BA310LED<\/a><br \/>\n<a href=\"?page_id=233\">BA310E<\/a><br \/>\n<a href=\"?page_id=241\">BA410E<\/a><br \/>\n<a href=\"?page_id=237\">SMZ171<\/a><br \/>\n<a href=\"?page_id=243\">AE2000<\/a><br \/>\n<a href=\"?page_id=1779\">Panthera C2<\/a><\/td>\n<\/tr>\n<\/tbody>\n<\/table>\n<\/div>\n<\/td>\n<\/tr>\n<\/tbody>\n<\/table>\n<p><div class=\"responsive-tabs\">\n<h2 class=\"tabtitle\">Merkmale<\/h2>\n<div class=\"tabcontent\">\n<br \/>\nDas BA310E l\u00e4sst sich sehr flexibel an die g\u00e4ngigen Anforderungsprofile der Laborroutine in Biologie und Medizin anpassen und zeichnet sich durch folgende Eigenschaften aus:<\/p>\n<ul>\n<li>EC Planachromate mit sehr guter Bildfeldebnung<\/li>\n<li>Farbkorrigiertes Zwischenbild<\/li>\n<li>K\u00f6hlersche Beleuchtung mit zentrierbarer Leuchtfeldblende<\/li>\n<li>Optionale LED-Beleuchtung<\/li>\n<li>Neben Hellfeld, Dunkelfeld und Phasenkontrast ausbaubar f\u00fcr einfache Polarisation und LED-Fluoreszenz<\/li>\n<li>Vielf\u00e4ltige M\u00f6glichkeiten der digitalen Dokumentation<\/li>\n<li>Objektivrevolver f\u00fcr 5 Objektive<\/li>\n<\/ul>\n<p>\n<\/div><h2 class=\"tabtitle\">Kameraadaption<\/h2>\n<div class=\"tabcontent\">\n<br \/>\nDie trinokulare Version des BA310E erm\u00f6glicht sowohl die Adaption herk\u00f6mmlicher Systemkameras (z.B. DSLR mit &#8222;APS-C&#8220;-Sensor), als auch von speziellen Mikroskopiekameras, die auf dem C-Mount-Standard basieren.<\/p>\n<div align=\"center\"><iframe loading=\"lazy\" src=\"https:\/\/www.mikroskopie.de\/kameraadaptionen\/ba310\/ba310_c_mount.html\" width=\"800\" height=\"680\" frameborder=\"0\"><\/iframe><\/div>\n<div align=\"center\"><iframe loading=\"lazy\" src=\"https:\/\/www.mikroskopie.de\/kameraadaptionen\/ba310\/ba310_systemkamera.html\" width=\"800\" height=\"680\" frameborder=\"0\"><\/iframe><\/div>\n\n<\/div><h2 class=\"tabtitle\">Beispielbilder &amp; -Videos<\/h2>\n<div class=\"tabcontent\">\n\n<div align=\"center\"><img decoding=\"async\" src=\"grafiken\/motic\/310e_40x_canon.jpg\" alt=\"\"><\/div>\n<p>Hoden des Kaninchens (Mallory-F\u00e4rbung &#8211; 1900 &#8211; Hersteller des Pr\u00e4parates: Ronald Schulte) \/ Hellfeld \/ Objektiv EC Plan 40x \/ DSLR-Adapter 1,6x \/ Canon EOS 600D<\/p>\n<div align=\"center\"><img decoding=\"async\" src=\"grafiken\/motic\/310e_ 10x_ml.jpg\" alt=\"\"><\/div>\n<p>Belebtschlamm aus Kl\u00e4ranlage \/ Phasenkontrast \/ Objektiv EC-H PL Ph 10x \/ C-Mount-Adapter 0,5x \/ <a href=\"?page_id=2\">Kamerasystem MikroLive USB3 5MP<\/a> im Monochrommodus<\/p>\n<div align=\"center\"><img decoding=\"async\" src=\"grafiken\/motic\/310e_ 40x_ml_pc.jpg\" alt=\"\"><\/div>\n<p>Belebtschlamm aus Kl\u00e4ranlage \/ Phasenkontrast \/ Objektiv EC-H PL Ph 40x \/ C-Mount-Adapter 0,5x \/ <a href=\"?page_id=2\">Kamerasystem MikroLive USB3 5MP<\/a> im Monochrommodus<\/p>\n<div align=\"center\"><img decoding=\"async\" src=\"grafiken\/motic\/310e_ 40x_ml.jpg\" alt=\"\"><\/div>\n<p>Wimpertierchen der Gattung <i>Epistylis<\/i> \/ Hellfeld \/ Objektiv EC Plan 40X \/ C-Mount-Adapter 0,5x \/ <a href=\"?page_id=2\">Kamerasystem MikroLive USB3 5MP<\/a> im Monochrommodus<\/p>\n<div align=\"center\">\n<video preload=\"none\" controls=\"\" muted=\"\" poster=\"grafiken\/motic\/euglena_prev.jpg\" style=\"border: 2px solid black\" width=\"1040\"><source src=\"grafiken\/motic\/euglena.mp4\" type=\"video\/mp4\"><source src=\"grafiken\/motic\/euglena.ogv\" type=\"video\/ogg\">Das Video kann in Ihrem Browser leider nicht abgespielt werden.<\/video><\/div>\n<p>Video: <i>Euglena gracilis<\/i> \/ Hellfeld \/ Objektiv EC Plan 40x \/ Objektiv EC Plan 40x \/ DSLR-Adapter 1,6x \/ Canon EOS 600D<\/p>\n<p>\n<\/div><h2 class=\"tabtitle\">Preise &amp; Informationsmaterial<\/h2>\n<div class=\"tabcontent\">\n<br \/>\nStandardkonfiguration:<\/p>\n<table class=\"mytable\" cellspacing=\"0\" cellpadding=\"10\">\n<tbody>\n<tr>\n<td width=\"50%\" valign=\"top\">\n<strong>BA310E Trinokular mit:<\/strong><br \/>\nTrinokulartubus, Siedentopf Typ, 30\u00ba Einblickwinkel, 360\u00b0 schwenkbar (Strahlenteilung 100:0\/20:80)<br \/>\nWeitfeld Brillentr\u00e4ger-Okulare N-WF10X\/20mm mit Dioptrieneinstellung an beiden Okularen, inkl. Augenmuscheln<br \/>\n5-fach Objektivrevolver, r\u00fcckw\u00e4rts gerichtet<br \/>\nCCIS Plan Achromat Objektive EC PL 4X, 10X, 40X (Feder), 100X (Feder\/\u00d6l)<br \/>\nKoaxialer Grob- und Feintrieb, Grobtrieb einstellbar<br \/>\nEingebauter Kreuztisch mit koaxialem, zahnstangenlosem Trieb (Rechts-Hand-Bedienung)<br \/>\nFokussierbarer N.A. 0,90\/1,25 Abbe Kondensor mit Irisblende und Schieberschlitz<br \/>\nregelbare Halogen-Beleuchtung 6V\/30W nach K\u00f6hler<br \/>\nNetzteil 100-240V, VDE-Stecker (CE)<br \/>\nBlaufilter (\u00d8 45mm), Immersions-\u00d6l (5ml), Netzkabel, Inbusschl\u00fcssel,manuelle Fixierschraube, Staubschutzh\u00fclle<br \/>\n<strong>Preis incl. MwSt : 1770,00\u20ac<\/strong><\/td>\n<td valign=\"top\"><strong>G\u00e4ngiges Zubeh\u00f6r (Preise incl. MwSt. 19%):<\/strong><br \/>\n0,35X C-Mount Kameraadapter: <strong>210,00\u20ac<\/strong><br \/>\n0,5X C-Mount Kameraadapter: <strong>167,00\u20ac<\/strong><br \/>\n0,65X C-Mount Kameraadapter: <strong>167,00\u20ac<\/strong><br \/>\nKameraadapter 1X Motic =&gt; T2: <strong>170,00\u20ac<\/strong><br \/>\nKameraadapter 1,6X Motic =&gt; T2: <strong>495,00\u20ac<\/strong><br \/>\nStrichplatte Skala <em>incl. Einbau in Okular<\/em>* (10mm in 100 Teilen): <strong>49,00\u20ac<\/strong><br \/>\n*<em>nur bei Kauf zu einem Mikroskop<\/em><br \/>\neinfacher Dunkelfeldschieber (4X-40X): <strong>109,00\u20ac<\/strong><br \/>\nCCIS\u00ae Plan Achromat Objektiv EC PL 20X\/0.45 (WD=0.9mm): <strong>101,00\u20ac<\/strong><br \/>\nCCIS\u00ae Plan Achromat Objektiv EC PL 60X\/0.80\/S (WD=0.35mm): <strong>144,00\u20ac<\/strong><br \/>\nLED Modul 6V\/3W 4500K oder 6000K +\/-300K Farbtemperatur: <strong>94,00\u20ac<\/strong><\/td>\n<\/tr>\n<\/tbody>\n<\/table>\n<hr>\n<p style=\"text-align: center;\"><strong>Kontaktieren Sie uns f\u00fcr individuelle Konfigurationen, weiteres Zubeh\u00f6r und M\u00f6glichkeiten der digitalen Dokumentation.<\/strong><\/p>\n<hr>\n<p><i>Diese Anleitung von Christian Linkenheld wird zusammen mit den Mikroskopen BA310 in gedruckter Form geliefert:<\/i><br \/>\n<a href=\"pdf\/motic\/ba310_lq.pdf\" target=\"_blank\" rel=\"noopener noreferrer\">Mit den Mikroskopen der Motic BA310 den Mikrokosmos entdecken (PDF \/ 4,9MB)<\/a><\/p>\n<p><a href=\"pdf\/motic\/BA310E.pdf\" target=\"_blank\" rel=\"noopener noreferrer\">Produktbrosch\u00fcre BA310E (PDF \/ 3,5MB)<\/a><br \/>\n<a href=\"pdf\/motic\/digitale_dokumentation_motic.pdf\" target=\"_blank\" rel=\"noopener noreferrer\">Digitale Dokumentation mit Motic-Mikroskopen (PDF \/ 0,45MB)<\/a><br \/>\n<a href=\"pdf\/motic\/dslr_adapter_motic.pdf\" target=\"_blank\" rel=\"noopener noreferrer\">DSLR-Adapter 1,6X (PDF \/ 1,9MB)<\/a><br \/>\n\n<\/div><h2 class=\"tabtitle\">Ihre Anfrage zum BA310E<\/h2>\n<div class=\"tabcontent\">\n<br \/>\nTelefonisch: 06235 4910210<br \/>\nPer EMail: <a href=\"mailto:linkenheld@mikroskopie.de?subject=Frage zum BA310E\">Anfrage zum BA310E<\/a><\/p>\n<\/div><\/div>\n<table class=\"unten\" width=\"1050\" cellspacing=\"0\" border=\"0\">\n<tbody>\n<tr>\n<td width=\"50\" valign=\"middle\"><a href=\"https:\/\/www.mikroskopie.de\"><img loading=\"lazy\" decoding=\"async\" src=\"grafiken\/logo.gif\" alt=\"Zur Startseite von mikroskopie.de\" width=\"27\" height=\"35\" border=\"0\"><\/a><\/td>\n<td width=\"825\">\u00a9 2022 <a href=\"mailto:linkenheld@mikroskopie.de\">Christian Linkenheld<\/a> \/ Elisabethenstr. 16 \/ 67105 Schifferstadt \/ Telefon: 06235 4910210<\/td>\n<td width=\"169\"><\/td>\n<\/tr>\n<tr>\n<td style=\"text-align: right;\" colspan=\"3\"><a href=\"?page_id=213\">Impressum<\/a> | <a href=\"?page_id=2020\">Datenschutz<\/a> | <a href=\"?page_id=1035\">AGB<\/a> &nbsp;&nbsp;||&nbsp;&nbsp; <a href=\"?page_id=192\">Anfahrt<\/a> | <a href=\"?page_id=956\">Team<\/a><\/td>\n<\/tr>\n<\/tbody>\n<\/table>\n","protected":false},"excerpt":{"rendered":"<p>Motic BA310E: Das flexible Labormikroskop f\u00fcr Biologie und Medizin Carl Zeiss: Primostar 3 Stemi 305 Stemi 508 Axiolab 5 Motic: BA210LED BA210E BA310LED BA310E BA410E SMZ171 AE2000 Panthera C2 Das BA310E l\u00e4sst sich sehr flexibel an die g\u00e4ngigen Anforderungsprofile der Laborroutine in Biologie und Medizin anpassen und zeichnet sich durch folgende Eigenschaften aus: EC Planachromate [&hellip;]<\/p>\n","protected":false},"author":1,"featured_media":0,"parent":227,"menu_order":0,"comment_status":"closed","ping_status":"closed","template":"","meta":{"_genesis_hide_title":false,"_genesis_hide_breadcrumbs":false,"_genesis_hide_singular_image":false,"_genesis_hide_footer_widgets":false,"_genesis_custom_body_class":"","_genesis_custom_post_class":"","_genesis_layout":"","footnotes":""},"class_list":{"0":"post-233","1":"page","2":"type-page","3":"status-publish","5":"entry"},"_links":{"self":[{"href":"https:\/\/www.mikroskopie.de\/index.php?rest_route=\/wp\/v2\/pages\/233","targetHints":{"allow":["GET"]}}],"collection":[{"href":"https:\/\/www.mikroskopie.de\/index.php?rest_route=\/wp\/v2\/pages"}],"about":[{"href":"https:\/\/www.mikroskopie.de\/index.php?rest_route=\/wp\/v2\/types\/page"}],"author":[{"embeddable":true,"href":"https:\/\/www.mikroskopie.de\/index.php?rest_route=\/wp\/v2\/users\/1"}],"replies":[{"embeddable":true,"href":"https:\/\/www.mikroskopie.de\/index.php?rest_route=%2Fwp%2Fv2%2Fcomments&post=233"}],"version-history":[{"count":60,"href":"https:\/\/www.mikroskopie.de\/index.php?rest_route=\/wp\/v2\/pages\/233\/revisions"}],"predecessor-version":[{"id":4698,"href":"https:\/\/www.mikroskopie.de\/index.php?rest_route=\/wp\/v2\/pages\/233\/revisions\/4698"}],"up":[{"embeddable":true,"href":"https:\/\/www.mikroskopie.de\/index.php?rest_route=\/wp\/v2\/pages\/227"}],"wp:attachment":[{"href":"https:\/\/www.mikroskopie.de\/index.php?rest_route=%2Fwp%2Fv2%2Fmedia&parent=233"}],"curies":[{"name":"wp","href":"https:\/\/api.w.org\/{rel}","templated":true}]}}