{"id":235,"date":"2015-11-18T15:16:19","date_gmt":"2015-11-18T14:16:19","guid":{"rendered":"http:www.mikroskopie.de\/?page_id=235"},"modified":"2025-12-11T10:07:12","modified_gmt":"2025-12-11T09:07:12","slug":"ba210e","status":"publish","type":"page","link":"https:\/\/www.mikroskopie.de\/?page_id=235","title":{"rendered":"BA210E"},"content":{"rendered":"<table class=\"mytable\" cellspacing=\"0\" cellpadding=\"2\">\n<tbody>\n<tr>\n<td valign=\"middle\" align=\"left\">Motic<\/p>\n<p><b>BA210E<\/b>:<\/p>\n<p>Das unkomplizierte Mikroskop f\u00fcr Biologie und Medizin<\/td>\n<td>\n<div align=\"center\"><img decoding=\"async\" src=\"grafiken\/motic\/BA210E.jpg\" alt=\"\"><\/div>\n<\/td>\n<td width=\"200\" valign=\"top\" align=\"right\">\n<div align=\"right\">\n<table class=\"mytable\" border=\"0\" width=\"200\" cellspacing=\"0\" cellpadding=\"2\">\n<tbody>\n<tr>\n<td class=\"mytable\">Carl Zeiss:<br \/>\n<a href=\"?page_id=221\">Primostar 3<\/a><br \/>\n<a href=\"?page_id=169\">Stemi 305<\/a><br \/>\n<a href=\"?page_id=171\">Stemi 508<\/a><br \/>\n<a href=\"?page_id=223\">Axiolab 5<\/a><\/td>\n<td class=\"mytable\">Motic:<br \/>\n<a href=\"?page_id=231\">BA210LED<\/a><br \/>\n<a href=\"?page_id=235\">BA210E<\/a><br \/>\n<a href=\"?page_id=229\">BA310LED<\/a><br \/>\n<a href=\"?page_id=233\">BA310E<\/a><br \/>\n<a href=\"?page_id=241\">BA410E<\/a><br \/>\n<a href=\"?page_id=237\">SMZ171<\/a><br \/>\n<a href=\"?page_id=243\">AE2000<\/a><br \/>\n<a href=\"?page_id=1779\">Panthera C2<\/a><\/td>\n<\/tr>\n<\/tbody>\n<\/table>\n<\/div>\n<\/td>\n<\/tr>\n<\/tbody>\n<\/table>\n<p><div class=\"responsive-tabs\">\n<h2 class=\"tabtitle\">Merkmale<\/h2>\n<div class=\"tabcontent\">\n<br \/>\nMit dem BA210E ist das effiziente Mikroskop f\u00fcr einfache Routineuntersuchungen. Durch die Beschr\u00e4nkung auf die hierbei notwendigen Bedienelemente ist es auch f\u00fcr wenig ge\u00fcbte Nutzer bestens geeignet. Es zeichnet sich durch folgende Eigenschaften aus:<\/p>\n<ul>\n<li>EC Planachromate mit sehr guter Bildfeldebnung<\/li>\n<li>Farbkorrigiertes Zwischenbild<\/li>\n<li>Optionale LED-Beleuchtung<\/li>\n<li>Neben Hellfeld, Dunkelfeld und Phasenkontrast ausbaubar f\u00fcr einfache Polarisation<\/li>\n<li>Vielf\u00e4ltige M\u00f6glichkeiten der digitalen Dokumentation<\/li>\n<\/ul>\n<p>\n<\/div><h2 class=\"tabtitle\">Kameraadaption<\/h2>\n<div class=\"tabcontent\">\n<br \/>\nDie trinokulare Version des BA210E erm\u00f6glicht sowohl die Adaption herk\u00f6mmlicher Systemkameras (z.B. DSLR mit &#8222;APS-C&#8220;-Sensor), als auch von speziellen Mikroskopiekameras, die auf dem C-Mount-Standard basieren.<\/p>\n<div align=\"center\"><iframe loading=\"lazy\" src=\"https:\/\/www.mikroskopie.de\/kameraadaptionen\/ba310\/ba310_c_mount.html\" width=\"800\" height=\"680\" frameborder=\"0\"><\/iframe><\/div>\n<div align=\"center\"><iframe loading=\"lazy\" src=\"https:\/\/www.mikroskopie.de\/kameraadaptionen\/ba310\/ba310_systemkamera.html\" width=\"800\" height=\"680\" frameborder=\"0\"><\/iframe><\/div>\n\n<\/div><h2 class=\"tabtitle\">Beispielbilder &amp; -Videos<\/h2>\n<div class=\"tabcontent\">\n\n<div align=\"center\"><img decoding=\"async\" src=\"grafiken\/motic\/40_ecplan_210e.jpg\" alt=\"\"><\/div>\n<p>Lunge der Maus (Toluidinblau &#8211; 1900 &#8211; Hersteller des Pr\u00e4parates: Ronald Schulte) \/ Hellfeld \/ Objektiv EC Plan 40x \/ DSLR-Adapter 1,6x \/ Canon EOS 600D<\/p>\n<p>&nbsp;<\/p>\n<div align=\"center\"><video style=\"border: 2px solid black;\" poster=\"grafiken\/motic\/volvox_prev.jpg\" preload=\"none\" muted=\"\" controls=\"controls\" width=\"1040\"><source src=\"grafiken\/motic\/volvox.mp4\" type=\"video\/mp4\"><source src=\"grafiken\/motic\/volvox.ogv\" type=\"video\/ogg\">Das Video kann in Ihrem Browser leider nicht abgespielt werden.<\/video><\/div>\n<p>Video: <i>Volvox aureus<\/i> \/ Dunkelfeld \/ Objektiv EC Plan 4x \/ Direktadapter \/ Nikon 1 J1<\/p>\n<p>\n<\/div><h2 class=\"tabtitle\">Preise &amp; Informationsmaterial<\/h2>\n<div class=\"tabcontent\">\n<br \/>\nStandardkonfigurationen:<\/p>\n<table class=\"mytable\" cellspacing=\"0\" cellpadding=\"10\">\n<tbody>\n<tr>\n<td width=\"50%\" valign=\"top\">\n<strong>BA210E Trinokular mit:<\/strong><br \/>\nTrinokulartubus (Strahlenteilung 100:0\/20:80), Siedentopf Typ, 30\u00ba Einblickwinkel, 360\u00ba drehbar<br \/>\nWeitfeld Brillentr\u00e4ger-Okulare N-WF10X\/20mm mit Dioptrieneinstellung an beiden Okularen, inkl. Augenmuscheln<br \/>\n4-fach Objektivrevolver , r\u00fcckw\u00e4rts gerichtet<br \/>\nCCIS Plan Achromat Objektive EC PL 4X, 10X, 40X (Feder), 100X (Feder\/\u00d6l)<br \/>\nKoaxialer Grob- und Feintrieb, Grobtrieb einstellbar<br \/>\nEingebauter Kreuztisch mit koaxialem, zahnstangenlosem Trieb (Rechts-Hand-Bedienung)<br \/>\nFokussierbarer N.A. 1,25 Abbe Kondensor mit Irisblende und Schieber- Schlitz<br \/>\nregelbare Halogen-Beleuchtung 6V\/30W<br \/>\nNetzteil 100-240V, VDE-Stecker (CE)<br \/>\nBlaufilter (\u00d8 45mm), Immersions-\u00d6l (5ml), Netzkabel, Inbusschl\u00fcssel, manuelle Fixierschraube, Staubschutzh\u00fclle<br \/>\n<strong>Preis incl. MwSt : 1380,00\u20ac<\/strong>&nbsp;&nbsp;<\/p>\n<p><strong>BA210E Binokular (ohne 100X) mit:<\/strong><br \/>\nBinokulartubus, Siedentopf Typ, 30\u00ba Einblickwinkel, 360\u00ba drehbar<br \/>\nWeitfeld Brillentr\u00e4ger-Okulare N-WF10X\/20mm mit Dioptrieneinstellung an beiden Okularen, inkl. Augenmuscheln<br \/>\n4-fach Objektivrevolver , r\u00fcckw\u00e4rts gerichtet<br \/>\nCCIS Plan Achromat Objektive EC PL 4X, 10X, 40X (Feder)<br \/>\nKoaxialer Grob- und Feintrieb, Grobtrieb einstellbar<br \/>\nEingebauter Kreuztisch mit koaxialem, zahnstangenlosem Trieb (Rechts-Hand-Bedienung)<br \/>\nFokussierbarer N.A. 1,25 Abbe Kondensor mit Irisblende und Schieber- Schlitz<br \/>\nregelbare Halogen-Beleuchtung 6V\/30W<br \/>\nNetzteil 100-240V, VDE-Stecker (CE)<br \/>\nBlaufilter (\u00d8 45mm), Netzkabel, Inbusschl\u00fcssel, manuelle Fixierschraube, Staubschutzh\u00fclle<br \/>\n<strong>Preis incl. MwSt : 1067,00\u20ac<\/strong><\/td>\n<td valign=\"top\"><strong>G\u00e4ngiges Zubeh\u00f6r (Preise incl. MwSt. 19%):<\/strong><br \/>\n0,35X C-Mount Kameraadapter: <strong>210,00\u20ac<\/strong><br \/>\n0,5X C-Mount Kameraadapter: <strong>167,00\u20ac<\/strong><br \/>\n0,65X C-Mount Kameraadapter: <strong>167,00\u20ac<\/strong><br \/>\nKameraadapter 1X Motic =&gt; T2: <strong>170,00\u20ac<\/strong><br \/>\nKameraadapter 1,6X Motic =&gt; T2: <strong>495,00\u20ac<\/strong><br \/>\nStrichplatte Skala <em>incl. Einbau in Okular<\/em>* (10mm in 100 Teilen): <strong>49,00\u20ac<\/strong><br \/>\n*<em>nur bei Kauf zu einem Mikroskop<\/em><br \/>\neinfacher Dunkelfeldschieber (4X-40X): <strong>109,00\u20ac<\/strong><br \/>\nCCIS\u00ae Plan Achromat Objektiv EC PL 20X\/0.45 (WD=0.9mm): <strong>101,00\u20ac<\/strong><br \/>\nCCIS\u00ae Plan Achromat Objektiv EC PL 60X\/0.80\/S (WD=0.35mm): <strong>144,00\u20ac<\/strong><br \/>\nLED Modul 6V\/3W 5000K +\/-300K Farbtemperatur: <strong>39,00\u20ac<\/strong><\/td>\n<\/tr>\n<\/tbody>\n<\/table>\n<hr>\n<p style=\"text-align: center;\"><strong>Kontaktieren Sie uns f\u00fcr individuelle Konfigurationen, weiteres Zubeh\u00f6r und M\u00f6glichkeiten der digitalen Dokumentation.<\/strong><\/p>\n<hr>\n<p><a href=\"pdf\/motic\/Hinweise_BA210E.pdf\" target=\"_blank\" rel=\"noopener noreferrer\">Hinweise zur Anwendung des BA210E (PDF \/ 0,3MB)<\/a><br \/>\n<a href=\"pdf\/motic\/BA210E.pdf\" target=\"_blank\" rel=\"noopener noreferrer\">Produktbrosch\u00fcre BA210E (PDF \/ 3,0MB)<\/a><br \/>\n<a href=\"pdf\/motic\/digitale_dokumentation_motic.pdf\" target=\"_blank\" rel=\"noopener noreferrer\">Digitale Dokumentation mit Motic-Mikroskopen (PDF \/ 0,45MB)<\/a><br \/>\n<a href=\"pdf\/motic\/dslr_adapter_motic.pdf\" target=\"_blank\" rel=\"noopener noreferrer\">DSLR-Adapter 1,6X (PDF \/ 1,9MB)<\/a><br \/>\n\n<\/div><h2 class=\"tabtitle\">Ihre Anfrage zum BA210E<\/h2>\n<div class=\"tabcontent\">\n<br \/>\nTelefonisch: 06235 4910210<br \/>\nPer EMail: <a href=\"mailto:linkenheld@mikroskopie.de?subject=Frage zum BA210E\">Anfrage zum BA210E<\/a><\/p>\n<\/div><\/div>\n<table class=\"unten\" width=\"1050\" cellspacing=\"0\" border=\"0\">\n<tbody>\n<tr>\n<td width=\"50\" valign=\"middle\"><a href=\"https:\/\/www.mikroskopie.de\"><img loading=\"lazy\" decoding=\"async\" src=\"grafiken\/logo.gif\" alt=\"Zur Startseite von mikroskopie.de\" width=\"27\" height=\"35\" border=\"0\"><\/a><\/td>\n<td width=\"825\">\u00a9 2022 <a href=\"mailto:linkenheld@mikroskopie.de\">Christian Linkenheld<\/a> \/ Elisabethenstr. 16 \/ 67105 Schifferstadt \/ Telefon: 06235 4910210<\/td>\n<td width=\"169\"><\/td>\n<\/tr>\n<tr>\n<td style=\"text-align: right;\" colspan=\"3\"><a href=\"?page_id=213\">Impressum<\/a> | <a href=\"?page_id=2020\">Datenschutz<\/a> | <a href=\"?page_id=1035\">AGB<\/a> &nbsp;&nbsp;||&nbsp;&nbsp; <a href=\"?page_id=192\">Anfahrt<\/a> | <a href=\"?page_id=956\">Team<\/a><\/td>\n<\/tr>\n<\/tbody>\n<\/table>\n","protected":false},"excerpt":{"rendered":"<p>Motic BA210E: Das unkomplizierte Mikroskop f\u00fcr Biologie und Medizin Carl Zeiss: Primostar 3 Stemi 305 Stemi 508 Axiolab 5 Motic: BA210LED BA210E BA310LED BA310E BA410E SMZ171 AE2000 Panthera C2 Mit dem BA210E ist das effiziente Mikroskop f\u00fcr einfache Routineuntersuchungen. Durch die Beschr\u00e4nkung auf die hierbei notwendigen Bedienelemente ist es auch f\u00fcr wenig ge\u00fcbte Nutzer bestens [&hellip;]<\/p>\n","protected":false},"author":1,"featured_media":0,"parent":227,"menu_order":0,"comment_status":"closed","ping_status":"closed","template":"","meta":{"_genesis_hide_title":false,"_genesis_hide_breadcrumbs":false,"_genesis_hide_singular_image":false,"_genesis_hide_footer_widgets":false,"_genesis_custom_body_class":"","_genesis_custom_post_class":"","_genesis_layout":"","footnotes":""},"class_list":{"0":"post-235","1":"page","2":"type-page","3":"status-publish","5":"entry"},"_links":{"self":[{"href":"https:\/\/www.mikroskopie.de\/index.php?rest_route=\/wp\/v2\/pages\/235","targetHints":{"allow":["GET"]}}],"collection":[{"href":"https:\/\/www.mikroskopie.de\/index.php?rest_route=\/wp\/v2\/pages"}],"about":[{"href":"https:\/\/www.mikroskopie.de\/index.php?rest_route=\/wp\/v2\/types\/page"}],"author":[{"embeddable":true,"href":"https:\/\/www.mikroskopie.de\/index.php?rest_route=\/wp\/v2\/users\/1"}],"replies":[{"embeddable":true,"href":"https:\/\/www.mikroskopie.de\/index.php?rest_route=%2Fwp%2Fv2%2Fcomments&post=235"}],"version-history":[{"count":56,"href":"https:\/\/www.mikroskopie.de\/index.php?rest_route=\/wp\/v2\/pages\/235\/revisions"}],"predecessor-version":[{"id":4696,"href":"https:\/\/www.mikroskopie.de\/index.php?rest_route=\/wp\/v2\/pages\/235\/revisions\/4696"}],"up":[{"embeddable":true,"href":"https:\/\/www.mikroskopie.de\/index.php?rest_route=\/wp\/v2\/pages\/227"}],"wp:attachment":[{"href":"https:\/\/www.mikroskopie.de\/index.php?rest_route=%2Fwp%2Fv2%2Fmedia&parent=235"}],"curies":[{"name":"wp","href":"https:\/\/api.w.org\/{rel}","templated":true}]}}