{"id":239,"date":"2015-11-18T15:16:53","date_gmt":"2015-11-18T14:16:53","guid":{"rendered":"http:www.mikroskopie.de\/?page_id=239"},"modified":"2023-03-01T10:52:13","modified_gmt":"2023-03-01T09:52:13","slug":"smz161","status":"publish","type":"page","link":"https:\/\/www.mikroskopie.de\/?page_id=239","title":{"rendered":"SMZ161"},"content":{"rendered":"<table class=\"mytable\" cellspacing=\"0\" cellpadding=\"2\">\n<tbody>\n<tr>\n<td valign=\"middle\" align=\"left\">Motic<\/p>\n<p><b>SMZ161<\/b>:<\/p>\n<p>Das preisg\u00fcnstige Zoom-Stereomikroskop f\u00fcr vielf\u00e4ltige Anwendungsbereiche<\/td>\n<td>\n<div align=\"center\"><img decoding=\"async\" src=\"grafiken\/motic\/SMZ161.jpg\" alt=\"\"><\/div>\n<\/td>\n<td width=\"200\" valign=\"top\" align=\"right\">\n<div align=\"right\">\n<table class=\"mytable\" border=\"0\" width=\"200\" cellspacing=\"0\" cellpadding=\"2\">\n<tbody>\n<tr>\n<td class=\"mytable\">Carl Zeiss:<br \/>\n<a href=\"?page_id=221\"><span style=\"color: #ff6600;\"><strong>NEU:<\/strong><\/span><br \/>\n<strong>Primostar 3<\/strong><\/a><br \/>\n<a href=\"?page_id=169\">Stemi 305<\/a><br \/>\n<a href=\"?page_id=171\">Stemi 508<\/a><br \/>\n<a href=\"?page_id=223\">Axiolab 5<\/a><\/td>\n<td class=\"mytable\">Motic:<br \/>\n<a href=\"?page_id=231\">BA210LED<\/a><br \/>\n<a href=\"?page_id=235\">BA210E<\/a><br \/>\n<a href=\"?page_id=229\">BA310LED<\/a><br \/>\n<a href=\"?page_id=233\">BA310E<\/a><br \/>\n<a href=\"?page_id=241\">BA410E<\/a><br \/>\n<a href=\"?page_id=239\">SMZ 161<\/a><br \/>\n<a href=\"?page_id=237\">SMZ171<\/a><br \/>\n<a href=\"?page_id=243\">AE2000<\/a><strong><br \/>\n<\/strong><a href=\"?page_id=1779\">Panthera C2<\/a><\/td>\n<\/tr>\n<\/tbody>\n<\/table>\n<\/div>\n<\/td>\n<\/tr>\n<\/tbody>\n<\/table>\n<p><div class=\"responsive-tabs\">\n<h2 class=\"tabtitle\">Merkmale<\/h2>\n<div class=\"tabcontent\">\n<br \/>\nDas SMZ161 ist der &#8222;kleinere Bruder&#8220; des SMZ171 und unterscheidet sich von diesem insbesondere durch das etwas kleinere Sehfeld und einen etwas geringeren Zoomfaktor. Durch eine Vielzahl an Stativen und weiterem Zubh\u00f6r l\u00e4sst sich dieses Mikroskop flexibel an die unterschiedlichsten Anforderungsprofile anpassen. Weitere Eigenschaften des SMZ161 sind:<\/p>\n<ul>\n<li>Zoombereich 6,7:1 (0,75x &#8211; 4,5x) mit 6 reproduzierbaren Rastpositionen 0,75x\/1x\/2x\/3x\/4x\/4,5x<\/li>\n<li>Vergr\u00f6\u00dferungsbereich 7,5x &#8211; 45x mit Okulaten 10x (durch Vorsatzsysteme modifizierbar)<\/li>\n<li>Arbeitsabstand (FWD) ohne Vorsatzsystem 110 mm<\/li>\n<li>Vorsatzsysteme 0,3x (FWD 301 mm), 0,5x (FWD 191,8mm), 0,63x(142,7mm), 0,75x (FWD 128,6 mm), 1,5x (FWD 56,3 mm), 2x (FWD 38,6 mm)<\/li>\n<li>10x\/20 Okulare<\/li>\n<li>Kompatibilit\u00e4t der Kameraadapter mit den Mikroskopen BA210\/310\/410\/AE2000<\/li>\n<\/ul>\n<p>\n<\/div><h2 class=\"tabtitle\">Kameraadaption<\/h2>\n<div class=\"tabcontent\">\n<br \/>\nDie trinokulare Version des SMZ161 erm\u00f6glicht sowohl die Adaption herk\u00f6mmlicher Systemkameras (z.B. DSLR mit &#8222;APS-C&#8220;-Sensor), als auch von speziellen Mikroskopiekameras, die auf dem C-Mount-Standard basieren.<\/p>\n<div align=\"center\"><iframe loading=\"lazy\" src=\"https:\/\/www.mikroskopie.de\/kameraadaptionen\/smz161\/smz161_c_mount.html\" width=\"925\" height=\"680\" frameborder=\"0\"><\/iframe><\/div>\n<div align=\"center\"><iframe loading=\"lazy\" src=\"https:\/\/www.mikroskopie.de\/kameraadaptionen\/smz161\/smz161_systemkamera.html\" width=\"925\" height=\"680\" frameborder=\"0\"><\/iframe><\/div>\n\n<\/div><h2 class=\"tabtitle\">Beispielbilder<\/h2>\n<div class=\"tabcontent\">\n\n<p>F\u00fcr die Anzeige der folgenden Darstellung ist derzeit noch der Adobe Flash-Player notwendig (auf einigen Plattformen &#8211; z.B. Mobilger\u00e4ten &#8211;  nicht verf\u00fcgbar).<\/p>\n<div align=\"center\">\n<object classid=\"clsid:d27cdb6e-ae6d-11cf-96b8-444553540000\" id=\"muenze_loader\" width=\"880\" height=\"750\" align=\"middle\"><param name=\"movie\" value=\"grafiken\/motic\/muenze_loader.swf\"><param name=\"quality\" value=\"high\"><param name=\"bgcolor\" value=\"#336699\"><param name=\"wmode\" value=\"window\"><param name=\"scale\" value=\"showall\"><param name=\"menu\" value=\"true\"><param name=\"devicefont\" value=\"false\"><param name=\"salign\" value=\"\"><param name=\"allowScriptAccess\" value=\"sameDomain\"><!--[if !IE]>--><object type=\"application\/x-shockwave-flash\" data=\"grafiken\/motic\/muenze_loader.swf\" width=\"880\" height=\"750\"><param name=\"movie\" value=\"muenze_loader.swf\"><param name=\"quality\" value=\"high\"><param name=\"bgcolor\" value=\"#336699\"><param name=\"wmode\" value=\"window\"><param name=\"scale\" value=\"showall\"><param name=\"menu\" value=\"true\"><param name=\"devicefont\" value=\"false\"><param name=\"salign\" value=\"\"><param name=\"allowScriptAccess\" value=\"sameDomain\"><!--<![endif]--><a href=\"http:\/\/www.adobe.com\/go\/getflash\"><img decoding=\"async\" src=\"http:\/\/www.adobe.com\/images\/shared\/download_buttons\/get_flash_player.gif\" alt=\"Get Adobe Flash Player\"><\/a><!--[if !IE]>--><\/object><br \/>\n<!--<![endif]--><\/object><\/p>\n<\/div>\n<p>\n<\/div><h2 class=\"tabtitle\">Preise &amp; Informationsmaterial<\/h2>\n<div class=\"tabcontent\">\n<br \/>\nStandardkonfiguration:<\/p>\n<table class=\"mytable\" cellspacing=\"0\" cellpadding=\"10\">\n<tbody>\n<tr>\n<td width=\"50%\" valign=\"top\">\n<strong>SMZ161 TLED mit<\/strong><br \/>\nZoom-Stereomikroskop, Greenough-Typ<br \/>\nTrinokulartubus, 45\u00ba Einblickwinkel, 360\u00ba drehbar Strahlenteilung: visuell 100% oder je 50% auf Trino-Ausgang\/linkes Okular<br \/>\nWeitfeld Okulare WF10X\/20mm<br \/>\nZoom-Faktor 6:1, Arbeitsabstand 110mm<br \/>\nVergr\u00f6\u00dferungsbereich: 7.5X &#8211; 45X<br \/>\nR2LED: kompaktes Auf- &amp; Durchlicht-Stativ Grobtrieb, einstellbar<br \/>\nregelbare LED Auf-&amp; Durchlichtbeleuchtung 3W<br \/>\nNetzteil 100-240V, VDE-Stecker (CE)<br \/>\nTischeins\u00e4tze schwarz\/wei\u00df und mattglas, Staubschutzh\u00fclle<br \/>\n<strong>Preis incl. MwSt : 903,00\u20ac<\/strong><\/td>\n<td valign=\"top\"><strong>G\u00e4ngiges Zubeh\u00f6r (Preise incl. MwSt. 19%):<\/strong><br \/>\n0,35X C-Mount Kameraadapter: <strong>210,00\u20ac<\/strong><br \/>\n0,5X C-Mount Kameraadapter: <strong>167,00\u20ac<\/strong><br \/>\n0,65X C-Mount Kameraadapter: <strong>167,00\u20ac<\/strong><br \/>\nKameraadapter 1X Motic =&gt; T2: <strong>170,00\u20ac<\/strong><br \/>\nKameraadapter 1,6X Motic =&gt; T2: <strong>495,00\u20ac<\/strong><br \/>\nVorsatzobjektiv (wahlweise 0,3X\/0,5X\/0,63X\/0,75X\/1,5X\/2,0X): <strong>114,00\u20ac<\/strong><\/td>\n<\/tr>\n<\/tbody>\n<\/table>\n<hr>\n<p style=\"text-align: center;\"><strong>Kontaktieren Sie uns f\u00fcr individuelle Konfigurationen, weiteres Zubeh\u00f6r und M\u00f6glichkeiten der digitalen Dokumentation.<\/strong><\/p>\n<hr>\n<p><a href=\"pdf\/motic\/SMZ161.pdf\" target=\"_blank\" rel=\"noopener noreferrer\">Produktbrosch\u00fcre SMZ161 (PDF \/ 2,05MB)<\/a><br \/>\n<a href=\"pdf\/motic\/digitale_dokumentation_motic.pdf\" target=\"_blank\" rel=\"noopener noreferrer\">Digitale Dokumentation mit Motic-Mikroskopen (PDF \/ 0,45MB)<\/a><br \/>\n<a href=\"pdf\/motic\/dslr_adapter_motic.pdf\" target=\"_blank\" rel=\"noopener noreferrer\">DSLR-Adapter 1,6X (PDF \/ 1,9MB)<\/a><br \/>\n\n<\/div><h2 class=\"tabtitle\">Ihre Anfrage zum SMZ161<\/h2>\n<div class=\"tabcontent\">\n<br \/>\nTelefonisch: 06235 4910210<br \/>\nPer EMail: <a href=\"mailto:linkenheld@mikroskopie.de?subject=Frage zum SMZ161\">Anfrage zum SMZ161<\/a><\/p>\n<\/div><\/div>\n<table class=\"unten\" width=\"1050\" cellspacing=\"0\" border=\"0\">\n<tbody>\n<tr>\n<td width=\"50\" valign=\"middle\"><a href=\"http:\/\/www.mikroskopie.de\"><img loading=\"lazy\" decoding=\"async\" src=\"grafiken\/logo.gif\" alt=\"Zur Startseite von mikroskopie.de\" width=\"27\" height=\"35\" border=\"0\"><\/a><\/td>\n<td width=\"825\">\u00a9 2022 <a href=\"mailto:linkenheld@mikroskopie.de\">Christian Linkenheld<\/a> \/ Elisabethenstr. 16 \/ 67105 Schifferstadt \/ Telefon: 06235 4910210<\/td>\n<td width=\"169\"><\/td>\n<\/tr>\n<tr>\n<td style=\"text-align: right;\" colspan=\"3\"><a href=\"?page_id=213\">Impressum<\/a> | <a href=\"?page_id=2022\">Datenschutz<\/a> | <a href=\"?page_id=1035\">AGB<\/a> &nbsp;&nbsp;||&nbsp;&nbsp; <a href=\"?page_id=192\">Anfahrt<\/a> | <a href=\"?page_id=956\">Team<\/a><\/td>\n<\/tr>\n<\/tbody>\n<\/table>\n","protected":false},"excerpt":{"rendered":"<p>Motic SMZ161: Das preisg\u00fcnstige Zoom-Stereomikroskop f\u00fcr vielf\u00e4ltige Anwendungsbereiche Carl Zeiss: NEU: Primostar 3 Stemi 305 Stemi 508 Axiolab 5 Motic: BA210LED BA210E BA310LED BA310E BA410E SMZ 161 SMZ171 AE2000 Panthera C2 Das SMZ161 ist der &#8222;kleinere Bruder&#8220; des SMZ171 und unterscheidet sich von diesem insbesondere durch das etwas kleinere Sehfeld und einen etwas geringeren Zoomfaktor. [&hellip;]<\/p>\n","protected":false},"author":1,"featured_media":0,"parent":227,"menu_order":0,"comment_status":"closed","ping_status":"closed","template":"","meta":{"_genesis_hide_title":false,"_genesis_hide_breadcrumbs":false,"_genesis_hide_singular_image":false,"_genesis_hide_footer_widgets":false,"_genesis_custom_body_class":"","_genesis_custom_post_class":"","_genesis_layout":"","footnotes":""},"class_list":{"0":"post-239","1":"page","2":"type-page","3":"status-publish","5":"entry"},"_links":{"self":[{"href":"https:\/\/www.mikroskopie.de\/index.php?rest_route=\/wp\/v2\/pages\/239","targetHints":{"allow":["GET"]}}],"collection":[{"href":"https:\/\/www.mikroskopie.de\/index.php?rest_route=\/wp\/v2\/pages"}],"about":[{"href":"https:\/\/www.mikroskopie.de\/index.php?rest_route=\/wp\/v2\/types\/page"}],"author":[{"embeddable":true,"href":"https:\/\/www.mikroskopie.de\/index.php?rest_route=\/wp\/v2\/users\/1"}],"replies":[{"embeddable":true,"href":"https:\/\/www.mikroskopie.de\/index.php?rest_route=%2Fwp%2Fv2%2Fcomments&post=239"}],"version-history":[{"count":35,"href":"https:\/\/www.mikroskopie.de\/index.php?rest_route=\/wp\/v2\/pages\/239\/revisions"}],"predecessor-version":[{"id":3740,"href":"https:\/\/www.mikroskopie.de\/index.php?rest_route=\/wp\/v2\/pages\/239\/revisions\/3740"}],"up":[{"embeddable":true,"href":"https:\/\/www.mikroskopie.de\/index.php?rest_route=\/wp\/v2\/pages\/227"}],"wp:attachment":[{"href":"https:\/\/www.mikroskopie.de\/index.php?rest_route=%2Fwp%2Fv2%2Fmedia&parent=239"}],"curies":[{"name":"wp","href":"https:\/\/api.w.org\/{rel}","templated":true}]}}