{"id":241,"date":"2015-11-18T15:17:04","date_gmt":"2015-11-18T14:17:04","guid":{"rendered":"http:www.mikroskopie.de\/?page_id=241"},"modified":"2024-04-18T09:12:11","modified_gmt":"2024-04-18T08:12:11","slug":"ba410e","status":"publish","type":"page","link":"https:\/\/www.mikroskopie.de\/?page_id=241","title":{"rendered":"BA410E"},"content":{"rendered":"<table class=\"mytable\" cellspacing=\"0\" cellpadding=\"2\">\n<tbody>\n<tr>\n<td valign=\"middle\" align=\"left\">Motic<\/p>\n<p><b>BA410E<\/b>:<\/p>\n<p>Motics Spitzenmodell f\u00fcr die anspruchsvolle Labor-Routine<\/td>\n<td>\n<div align=\"center\"><img decoding=\"async\" src=\"grafiken\/motic\/BA410E.jpg\" alt=\"\"><\/div>\n<\/td>\n<td width=\"200\" valign=\"top\" align=\"right\">\n<div align=\"right\">\n<table class=\"mytable\" border=\"0\" width=\"200\" cellspacing=\"0\" cellpadding=\"2\">\n<tbody>\n<tr>\n<td class=\"mytable\">Carl Zeiss:<br \/>\n<a href=\"?page_id=221\">Primostar 3<\/a><br \/>\n<a href=\"?page_id=169\">Stemi 305<\/a><br \/>\n<a href=\"?page_id=171\">Stemi 508<\/a><br \/>\n<a href=\"?page_id=223\">Axiolab 5<\/a><\/td>\n<td class=\"mytable\">Motic:<br \/>\n<a href=\"?page_id=231\">BA210LED<\/a><br \/>\n<a href=\"?page_id=235\">BA210E<\/a><br \/>\n<a href=\"?page_id=229\">BA310LED<\/a><br \/>\n<a href=\"?page_id=233\">BA310E<\/a><br \/>\n<a href=\"?page_id=241\">BA410E<\/a><br \/>\n<a href=\"?page_id=237\">SMZ171<\/a><br \/>\n<a href=\"?page_id=243\">AE2000<\/a><br \/>\n<a href=\"?page_id=1779\">Panthera C2<\/a><\/td>\n<\/tr>\n<\/tbody>\n<\/table>\n<\/div>\n<\/td>\n<\/tr>\n<\/tbody>\n<\/table>\n<p><div class=\"responsive-tabs\">\n<h2 class=\"tabtitle\">Merkmale<\/h2>\n<div class=\"tabcontent\">\n<br \/>\nDas BA410E erlaubt durch seinen serienm\u00e4\u00dfigen Klappkondensor und den leistungsstarken Kollektor die mikroskopische Untersuchung sowohl bei sehr kleinen, als auch bei sehr starken Vergr\u00f6\u00dferungen. Pr\u00e4parate werden \u00fcber den gesamten Vergr\u00f6\u00dferungsbereich (Objektive 2X-100X) homogen ausgeleuchtet. Weitere Kennzeichen des BA410E sind:<\/p>\n<ul>\n<li>Unendlich-Optik mit auskorrigiertem Zwischenbild nach der CCIS-Architektur von Motic<\/li>\n<li>Objektivrevolver f\u00fcr 6 Objektive<\/li>\n<li>Sehfeldzahl 22 mit den Okularen 10X als Standard<\/li>\n<li>Planapochromatische Objektive als Option<\/li>\n<\/ul>\n<p>\n<\/div><h2 class=\"tabtitle\">Kameraadaption<\/h2>\n<div class=\"tabcontent\">\n<br \/>\nDie trinokulare Version des BA410E erm\u00f6glicht sowohl die Adaption herk\u00f6mmlicher Systemkameras (z.B. DSLR mit \u201eAPS-C\u201c-Sensor), als auch von speziellen Mikroskopiekameras, die auf dem C-Mount-Standard basieren.<\/p>\n<div align=\"center\"><iframe loading=\"lazy\" src=\"https:\/\/www.mikroskopie.de\/kameraadaptionen\/ba410e\/ba410e_c_mount.html\" width=\"800\" height=\"680\" frameborder=\"0\"><\/iframe><\/div>\n<div align=\"center\"><iframe loading=\"lazy\" src=\"https:\/\/www.mikroskopie.de\/kameraadaptionen\/ba410e\/ba410e_systemkamera.html\" width=\"800\" height=\"680\" frameborder=\"0\"><\/iframe><\/div>\n<p>\n<\/div><h2 class=\"tabtitle\">Beispielbilder<\/h2>\n<div class=\"tabcontent\">\n<br \/>\nDie nachfolgende Galerie zeigt 6 Aufnahmen eines histologischen Pr\u00e4parates mit unterschiedlichen Vergr\u00f6\u00dferungen aufgenommen per Direktadapter mit einer Panasonic G5 (Pr\u00e4parat: Magen des Schweins \/ HE-F\u00e4rbung \/ Hersteller des Pr\u00e4parates: Ronald Schulte) &#8211; zur vergr\u00f6\u00dferten Darstellung einfach auf das gew\u00fcnschte Bild klicken.<\/p>\n<div align=\"center\"><\/div>\n<p>\n\t\t<style type=\"text\/css\">\n\t\t\t#gallery-1 {\n\t\t\t\tmargin: auto;\n\t\t\t}\n\t\t\t#gallery-1 .gallery-item {\n\t\t\t\tfloat: left;\n\t\t\t\tmargin-top: 10px;\n\t\t\t\ttext-align: center;\n\t\t\t\twidth: 33%;\n\t\t\t}\n\t\t\t#gallery-1 img {\n\t\t\t\tborder: 2px solid #cfcfcf;\n\t\t\t}\n\t\t\t#gallery-1 .gallery-caption {\n\t\t\t\tmargin-left: 0;\n\t\t\t}\n\t\t\t\/* see gallery_shortcode() in wp-includes\/media.php *\/\n\t\t<\/style>\n\t\t<div id='gallery-1' class='gallery galleryid-241 gallery-columns-3 gallery-size-thumbnail'><dl class='gallery-item'>\n\t\t\t<dt class='gallery-icon landscape'>\n\t\t\t\t<a href='https:\/\/www.mikroskopie.de\/wp-content\/uploads\/2015\/11\/ec2_mft_klein.jpg' title=\"\" data-rl_title=\"\" class=\"rl-gallery-link\" data-rl_caption=\"\" data-rel=\"lightbox-gallery-1\"><img loading=\"lazy\" decoding=\"async\" width=\"320\" height=\"243\" src=\"https:\/\/www.mikroskopie.de\/wp-content\/uploads\/2015\/11\/ec2_mft_klein-320x243.jpg\" class=\"attachment-thumbnail size-thumbnail\" alt=\"\" aria-describedby=\"gallery-1-449\" srcset=\"https:\/\/www.mikroskopie.de\/wp-content\/uploads\/2015\/11\/ec2_mft_klein-320x243.jpg 320w, https:\/\/www.mikroskopie.de\/wp-content\/uploads\/2015\/11\/ec2_mft_klein-450x341.jpg 450w, https:\/\/www.mikroskopie.de\/wp-content\/uploads\/2015\/11\/ec2_mft_klein-1024x777.jpg 1024w, https:\/\/www.mikroskopie.de\/wp-content\/uploads\/2015\/11\/ec2_mft_klein.jpg 1035w\" sizes=\"auto, (max-width: 320px) 100vw, 320px\" \/><\/a>\n\t\t\t<\/dt>\n\t\t\t\t<dd class='wp-caption-text gallery-caption' id='gallery-1-449'>\n\t\t\t\tEC-H Plan 2X\n\t\t\t\t<\/dd><\/dl><dl class='gallery-item'>\n\t\t\t<dt class='gallery-icon landscape'>\n\t\t\t\t<a href='https:\/\/www.mikroskopie.de\/wp-content\/uploads\/2015\/11\/ec4_mft_klein.jpg' title=\"\" data-rl_title=\"\" class=\"rl-gallery-link\" data-rl_caption=\"\" data-rel=\"lightbox-gallery-1\"><img loading=\"lazy\" decoding=\"async\" width=\"320\" height=\"243\" src=\"https:\/\/www.mikroskopie.de\/wp-content\/uploads\/2015\/11\/ec4_mft_klein-320x243.jpg\" class=\"attachment-thumbnail size-thumbnail\" alt=\"\" aria-describedby=\"gallery-1-450\" srcset=\"https:\/\/www.mikroskopie.de\/wp-content\/uploads\/2015\/11\/ec4_mft_klein-320x243.jpg 320w, https:\/\/www.mikroskopie.de\/wp-content\/uploads\/2015\/11\/ec4_mft_klein-450x341.jpg 450w, https:\/\/www.mikroskopie.de\/wp-content\/uploads\/2015\/11\/ec4_mft_klein-1024x777.jpg 1024w, https:\/\/www.mikroskopie.de\/wp-content\/uploads\/2015\/11\/ec4_mft_klein.jpg 1035w\" sizes=\"auto, (max-width: 320px) 100vw, 320px\" \/><\/a>\n\t\t\t<\/dt>\n\t\t\t\t<dd class='wp-caption-text gallery-caption' id='gallery-1-450'>\n\t\t\t\tEC-H Plan 4X\n\t\t\t\t<\/dd><\/dl><dl class='gallery-item'>\n\t\t\t<dt class='gallery-icon landscape'>\n\t\t\t\t<a href='https:\/\/www.mikroskopie.de\/wp-content\/uploads\/2015\/11\/ec10_mft_klein.jpg' title=\"\" data-rl_title=\"\" class=\"rl-gallery-link\" data-rl_caption=\"\" data-rel=\"lightbox-gallery-1\"><img loading=\"lazy\" decoding=\"async\" width=\"320\" height=\"243\" src=\"https:\/\/www.mikroskopie.de\/wp-content\/uploads\/2015\/11\/ec10_mft_klein-320x243.jpg\" class=\"attachment-thumbnail size-thumbnail\" alt=\"\" aria-describedby=\"gallery-1-451\" srcset=\"https:\/\/www.mikroskopie.de\/wp-content\/uploads\/2015\/11\/ec10_mft_klein-320x243.jpg 320w, https:\/\/www.mikroskopie.de\/wp-content\/uploads\/2015\/11\/ec10_mft_klein-450x341.jpg 450w, https:\/\/www.mikroskopie.de\/wp-content\/uploads\/2015\/11\/ec10_mft_klein-1024x777.jpg 1024w, https:\/\/www.mikroskopie.de\/wp-content\/uploads\/2015\/11\/ec10_mft_klein.jpg 1035w\" sizes=\"auto, (max-width: 320px) 100vw, 320px\" \/><\/a>\n\t\t\t<\/dt>\n\t\t\t\t<dd class='wp-caption-text gallery-caption' id='gallery-1-451'>\n\t\t\t\tEC-H Plan 10X\n\t\t\t\t<\/dd><\/dl><br style=\"clear: both\" \/><dl class='gallery-item'>\n\t\t\t<dt class='gallery-icon landscape'>\n\t\t\t\t<a href='https:\/\/www.mikroskopie.de\/wp-content\/uploads\/2015\/11\/ec20_mft_klein.jpg' title=\"\" data-rl_title=\"\" class=\"rl-gallery-link\" data-rl_caption=\"\" data-rel=\"lightbox-gallery-1\"><img loading=\"lazy\" decoding=\"async\" width=\"320\" height=\"243\" src=\"https:\/\/www.mikroskopie.de\/wp-content\/uploads\/2015\/11\/ec20_mft_klein-320x243.jpg\" class=\"attachment-thumbnail size-thumbnail\" alt=\"\" aria-describedby=\"gallery-1-452\" srcset=\"https:\/\/www.mikroskopie.de\/wp-content\/uploads\/2015\/11\/ec20_mft_klein-320x243.jpg 320w, https:\/\/www.mikroskopie.de\/wp-content\/uploads\/2015\/11\/ec20_mft_klein-450x341.jpg 450w, https:\/\/www.mikroskopie.de\/wp-content\/uploads\/2015\/11\/ec20_mft_klein-1024x777.jpg 1024w, https:\/\/www.mikroskopie.de\/wp-content\/uploads\/2015\/11\/ec20_mft_klein.jpg 1035w\" sizes=\"auto, (max-width: 320px) 100vw, 320px\" \/><\/a>\n\t\t\t<\/dt>\n\t\t\t\t<dd class='wp-caption-text gallery-caption' id='gallery-1-452'>\n\t\t\t\tEC-H Plan 20X\n\t\t\t\t<\/dd><\/dl><dl class='gallery-item'>\n\t\t\t<dt class='gallery-icon landscape'>\n\t\t\t\t<a href='https:\/\/www.mikroskopie.de\/wp-content\/uploads\/2015\/11\/ec40_mft_klein.jpg' title=\"\" data-rl_title=\"\" class=\"rl-gallery-link\" data-rl_caption=\"\" data-rel=\"lightbox-gallery-1\"><img loading=\"lazy\" decoding=\"async\" width=\"320\" height=\"243\" src=\"https:\/\/www.mikroskopie.de\/wp-content\/uploads\/2015\/11\/ec40_mft_klein-320x243.jpg\" class=\"attachment-thumbnail size-thumbnail\" alt=\"\" aria-describedby=\"gallery-1-453\" srcset=\"https:\/\/www.mikroskopie.de\/wp-content\/uploads\/2015\/11\/ec40_mft_klein-320x243.jpg 320w, https:\/\/www.mikroskopie.de\/wp-content\/uploads\/2015\/11\/ec40_mft_klein-450x341.jpg 450w, https:\/\/www.mikroskopie.de\/wp-content\/uploads\/2015\/11\/ec40_mft_klein-1024x777.jpg 1024w, https:\/\/www.mikroskopie.de\/wp-content\/uploads\/2015\/11\/ec40_mft_klein.jpg 1035w\" sizes=\"auto, (max-width: 320px) 100vw, 320px\" \/><\/a>\n\t\t\t<\/dt>\n\t\t\t\t<dd class='wp-caption-text gallery-caption' id='gallery-1-453'>\n\t\t\t\tEC-H Plan 40X\n\t\t\t\t<\/dd><\/dl><dl class='gallery-item'>\n\t\t\t<dt class='gallery-icon landscape'>\n\t\t\t\t<a href='https:\/\/www.mikroskopie.de\/wp-content\/uploads\/2015\/11\/ec100_mft_klein.jpg' title=\"\" data-rl_title=\"\" class=\"rl-gallery-link\" data-rl_caption=\"\" data-rel=\"lightbox-gallery-1\"><img loading=\"lazy\" decoding=\"async\" width=\"320\" height=\"243\" src=\"https:\/\/www.mikroskopie.de\/wp-content\/uploads\/2015\/11\/ec100_mft_klein-320x243.jpg\" class=\"attachment-thumbnail size-thumbnail\" alt=\"\" aria-describedby=\"gallery-1-454\" srcset=\"https:\/\/www.mikroskopie.de\/wp-content\/uploads\/2015\/11\/ec100_mft_klein-320x243.jpg 320w, https:\/\/www.mikroskopie.de\/wp-content\/uploads\/2015\/11\/ec100_mft_klein-450x341.jpg 450w, https:\/\/www.mikroskopie.de\/wp-content\/uploads\/2015\/11\/ec100_mft_klein-1024x777.jpg 1024w, https:\/\/www.mikroskopie.de\/wp-content\/uploads\/2015\/11\/ec100_mft_klein.jpg 1035w\" sizes=\"auto, (max-width: 320px) 100vw, 320px\" \/><\/a>\n\t\t\t<\/dt>\n\t\t\t\t<dd class='wp-caption-text gallery-caption' id='gallery-1-454'>\n\t\t\t\tEC-H Plan 100X\n\t\t\t\t<\/dd><\/dl><br style=\"clear: both\" \/>\n\t\t<\/div>\n<br \/>\n&nbsp;<\/p>\n<div align=\"center\"><img decoding=\"async\" src=\"grafiken\/motic\/20er_planapo_mft_klein.jpg\" alt=\"\"><\/div>\n<p>Niere des Schweins (Kernechtrubin &#8211; Hersteller des Pr\u00e4parates: Ronald Schulte) \/ Hellfeld \/ Objektiv Plan Apochromat 20X \/ Direktadapter \/ Panasonic G5<br \/>\n\n<\/div><h2 class=\"tabtitle\">Preise &amp; Informationsmaterial<\/h2>\n<div class=\"tabcontent\">\n<br \/>\nStandardkonfiguration:<\/p>\n<p><b>BA410E Trinokular 6-fach Revolver 50W mit:<\/b><br \/>\nTrinokulartubus, Siedentopf Typ, 30\u00ba Einblickwinkel, 360\u00ba drehbar (Strahlenteilung 100:0\/20:80)<br \/>\nWeitfeld Brillentr\u00e4ger-Okulare N-WF10X\/22mm mit Dioptrieneinstellung an beiden Okularen, inkl. Augenmuscheln<br \/>\n6-fach Objektivrevolver, r\u00fcckw\u00e4rts gerichtet<br \/>\nCCIS Plan Achromat Objektive EC-H PL 4X, 10X, 40X (Feder), 100X (Feder\/\u00d6l)<br \/>\nKoaxialer Grob- und Feintrieb, Grobtrieb einstellbar<br \/>\nKreuztisch mit Keramik-Einsatz und koaxialem, zahnstangenlosen Trieb (wahlweise Rechts- oder Links-Hand-Bedienung).<br \/>\nAchromatischer Klapp-Kondensor N.A. 0,90\/0.13 mit Irisblende<br \/>\nregelbare Halogen-Beleuchtung 12V\/50W nach K\u00f6hler mit externem Lampenhaus Auto-Off und Light Memory Funktion<br \/>\nNetzteil 100V-240V, VDE-Stecker (CE), Blaufilter (\u00d8 45mm), Immersions-\u00d6l (5ml), Armst\u00fctze, Netzkabel, Inbusschl\u00fcssel, Staubschutzh\u00fclle<br \/>\n<b>Preis incl. MwSt 195 : 4060,00\u20ac<\/b><\/p>\n<p>Dazu wird empfohlen: EC-H PL 2X (291,00\u20ac incl. MwSt (19%)), sowie EC-H PL 20x (174,00\u20ac incl. MwSt (19%)).<\/p>\n<p><a href=\"pdf\/motic\/BA410E.pdf\" target=\"_blank\" rel=\"noopener noreferrer\">Produktbrosch\u00fcre BA410E (PDF \/ 3,5MB)<\/a><br \/>\n<a href=\"pdf\/motic\/digitale_dokumentation_motic.pdf\" target=\"_blank\" rel=\"noopener noreferrer\">Digitale Dokumentation mit Motic-Mikroskopen (PDF \/ 0,45MB)<\/a><br \/>\n<a href=\"pdf\/motic\/dslr_adapter_motic.pdf\" target=\"_blank\" rel=\"noopener noreferrer\">DSLR-Adapter 1,6X (PDF \/ 1,9MB)<\/a><br \/>\n\n<\/div><h2 class=\"tabtitle\">Ihre Anfrage zum BA410E<\/h2>\n<div class=\"tabcontent\">\n<br \/>\nTelefonisch: 06235 4910210<br \/>\nPer EMail: <a href=\"mailto:linkenheld@mikroskopie.de?subject=Frage zum BA410E\">Anfrage zum BA410E<\/a><\/p>\n<\/div><\/div>\n<table class=\"unten\" width=\"1050\" cellspacing=\"0\" border=\"0\">\n<tbody>\n<tr>\n<td width=\"50\" valign=\"middle\"><a href=\"https:\/\/www.mikroskopie.de\"><img loading=\"lazy\" decoding=\"async\" src=\"grafiken\/logo.gif\" alt=\"Zur Startseite von mikroskopie.de\" width=\"27\" height=\"35\" border=\"0\"><\/a><\/td>\n<td width=\"825\">\u00a9 2022 <a href=\"mailto:linkenheld@mikroskopie.de\">Christian Linkenheld<\/a> \/ Elisabethenstr. 16 \/ 67105 Schifferstadt \/ Telefon: 06235 4910210<\/td>\n<td width=\"169\"><\/td>\n<\/tr>\n<tr>\n<td style=\"text-align: right;\" colspan=\"3\"><a href=\"?page_id=213\">Impressum<\/a> | <a href=\"?page_id=2020\">Datenschutz<\/a> | <a href=\"?page_id=1035\">AGB<\/a> &nbsp;&nbsp;||&nbsp;&nbsp; <a href=\"?page_id=192\">Anfahrt<\/a> | <a href=\"?page_id=956\">Team<\/a><\/td>\n<\/tr>\n<\/tbody>\n<\/table>\n","protected":false},"excerpt":{"rendered":"<p>Motic BA410E: Motics Spitzenmodell f\u00fcr die anspruchsvolle Labor-Routine Carl Zeiss: Primostar 3 Stemi 305 Stemi 508 Axiolab 5 Motic: BA210LED BA210E BA310LED BA310E BA410E SMZ171 AE2000 Panthera C2 Das BA410E erlaubt durch seinen serienm\u00e4\u00dfigen Klappkondensor und den leistungsstarken Kollektor die mikroskopische Untersuchung sowohl bei sehr kleinen, als auch bei sehr starken Vergr\u00f6\u00dferungen. Pr\u00e4parate werden \u00fcber [&hellip;]<\/p>\n","protected":false},"author":1,"featured_media":0,"parent":227,"menu_order":0,"comment_status":"closed","ping_status":"closed","template":"","meta":{"_genesis_hide_title":false,"_genesis_hide_breadcrumbs":false,"_genesis_hide_singular_image":false,"_genesis_hide_footer_widgets":false,"_genesis_custom_body_class":"","_genesis_custom_post_class":"","_genesis_layout":"","footnotes":""},"class_list":{"0":"post-241","1":"page","2":"type-page","3":"status-publish","5":"entry"},"_links":{"self":[{"href":"https:\/\/www.mikroskopie.de\/index.php?rest_route=\/wp\/v2\/pages\/241","targetHints":{"allow":["GET"]}}],"collection":[{"href":"https:\/\/www.mikroskopie.de\/index.php?rest_route=\/wp\/v2\/pages"}],"about":[{"href":"https:\/\/www.mikroskopie.de\/index.php?rest_route=\/wp\/v2\/types\/page"}],"author":[{"embeddable":true,"href":"https:\/\/www.mikroskopie.de\/index.php?rest_route=\/wp\/v2\/users\/1"}],"replies":[{"embeddable":true,"href":"https:\/\/www.mikroskopie.de\/index.php?rest_route=%2Fwp%2Fv2%2Fcomments&post=241"}],"version-history":[{"count":74,"href":"https:\/\/www.mikroskopie.de\/index.php?rest_route=\/wp\/v2\/pages\/241\/revisions"}],"predecessor-version":[{"id":4635,"href":"https:\/\/www.mikroskopie.de\/index.php?rest_route=\/wp\/v2\/pages\/241\/revisions\/4635"}],"up":[{"embeddable":true,"href":"https:\/\/www.mikroskopie.de\/index.php?rest_route=\/wp\/v2\/pages\/227"}],"wp:attachment":[{"href":"https:\/\/www.mikroskopie.de\/index.php?rest_route=%2Fwp%2Fv2%2Fmedia&parent=241"}],"curies":[{"name":"wp","href":"https:\/\/api.w.org\/{rel}","templated":true}]}}