{"id":4702,"date":"2026-02-10T11:31:47","date_gmt":"2026-02-10T10:31:47","guid":{"rendered":"https:\/\/www.mikroskopie.de\/?page_id=4702"},"modified":"2026-02-12T10:53:21","modified_gmt":"2026-02-12T09:53:21","slug":"euromex-achios-x-observer","status":"publish","type":"page","link":"https:\/\/www.mikroskopie.de\/?page_id=4702","title":{"rendered":"Euromex Achios-X Observer"},"content":{"rendered":"<table class=\"mytable\" cellspacing=\"0\" cellpadding=\"2\">\n<tbody>\n<tr>\n<td align=\"left\" valign=\"middle\">Euromex <\/p>\n<p><b>Achios-X Observer<\/b>: <\/p>\n<p>Mehr als nur ein Labormikroskop <\/td>\n<td>\n<div align=\"left\">\n<p><img decoding=\"async\" src=\"https:\/\/www.mikroskopie.de\/wp-content\/uploads\/2026\/02\/achios_400_300.jpg\" alt=\"\"  \/><\/p>\n<\/div>\n<\/td>\n<td align=\"right\" valign=\"top\" width=\"200\">\n<div align=\"right\">\n<table class=\"mytable\" border=\"0\" width=\"200\" cellspacing=\"0\" cellpadding=\"2\">\n<tbody>\n<tr>\n<td class=\"mytable\">Carl Zeiss:<br \/>\n<a href=\"?page_id=221\">Primostar 3<\/a><br \/>\n<a href=\"?page_id=169\">Stemi 305<\/a><br \/>\n<a href=\"?page_id=171\">Stemi 508<\/a><br \/>\n<a href=\"?page_id=223\">Axiolab 5<\/a><\/td>\n<td class=\"mytable\">Motic:<br \/>\n<a href=\"?page_id=231\">BA210LED<\/a><br \/>\n<a href=\"?page_id=235\">BA210E<\/a><br \/>\n<a href=\"?page_id=229\">BA310LED<\/a><br \/>\n<a href=\"?page_id=233\">BA310E<\/a><br \/>\n<a href=\"?page_id=241\">BA410E<\/a><br \/>\n<a href=\"?page_id=239\">SMZ 161<\/a><br \/>\n<a href=\"?page_id=237\">SMZ171<\/a><br \/>\n<a href=\"?page_id=243\">AE2000<\/a><strong><br \/>\n<\/strong><a href=\"?page_id=1779\">Panthera C2<\/a><\/td>\n<\/tr>\n<\/tbody>\n<\/table>\n<\/div>\n<\/td>\n<\/tr>\n<\/tbody>\n<\/table>\n<div class=\"responsive-tabs\">\n<h2 class=\"tabtitle\">Merkmale<\/h2>\n<div class=\"tabcontent\">\n\n<p>&nbsp;<br \/>\nDas neue Labormikroskop Achios-X Observer zeichnet sich durch folgende Eigenschaften im Vergleich zu anderen und teilweise deutlich teureren Mikroskopen dieser Leistungsklasse aus:<\/p>\n<p>Die Objektive mit 60mm Abgleichl\u00e4nge verf\u00fcgen \u00fcber sehr gro\u00dfe Arbeitsabst\u00e4nde. <b>Selbst f\u00fcr die Trockenobjektive 40X und 60X (Arbeitsabstand jeweils 1,5mm) ist damit ein versehentliches Eintauchen in zuvor auf das Pr\u00e4parat aufgebrachtes Immersions\u00f6l nahezu ausgeschlossen.<\/b> Zusammen mit dem vorhandenen Vorwahlanschlag f\u00fcr die H\u00f6henverstellung des Kreuztisches wird zudem einer versehentlichen Kollision zwischen Objektiv und Pr\u00e4parat effektiv vorgebeugt.  <\/p>\n<p>Der Achios-X Observer erm\u00f6glicht f\u00fcr jede Position des Objektivrevolvers die men\u00fcgesteuerte Speicherung des verwendeten Objektivs. Auch die Beleuchtungsst\u00e4rke kann hier f\u00fcr jede Position gespeichert werden. Diese wird dann beim Objektivwechsel erneut reproduzierbar abgerufen.<br \/>\n\u00dcber das Men\u00fc kann auch die Farbtemperatur der Beleuchtung kontinuierlich ver\u00e4ndert werden. <b>Hierdurch ist eine Anpassung an unterschiedliche Pr\u00e4parate und auch Sehgewohnheiten m\u00f6glich. Dies vereinfacht f\u00fcr viele Anwender z.B. den Wechsel von einer bisher verwendeten eher r\u00f6tlichen Halogenbeleuchtung zur LED-Beleuchtung des Achios-X Observers.<\/b><\/p>\n<div align=\"center\"><img decoding=\"async\" src=\"https:\/\/www.mikroskopie.de\/wp-content\/uploads\/2026\/02\/gradient.jpg\" alt=\"\" \/><\/div>\n<\/p>\n<p>&nbsp;<\/p>\n<p>Daneben bietet der Achios-X Observer:<\/p>\n<ul>\n<li>Objektivrevolver 5-fach (wahlweise auch 6-fach)<\/li>\n<li>Okulare 10x mit Sehfeldzahl 22<\/li>\n<li>Okulare 10x mit Sehfeldzahl 25 als Option (siehe CL-Edition des Achios-X Observers*)<\/li>\n<li>K\u00f6hlersche Beleuchtung mit einer im Mikroskopfu\u00df integrierten Leuchtfeldblende und einer lichtstarken LED 3W<\/li>\n<li>Homogene Ausleuchtung gro\u00dfer Objektfelder &#8211; insbesondere zusammen mit dem optionalen Klappkondensor<\/li>\n<li>Wahlweise planachromatische oder plansemiapochromatische Objektive mit Bildfeldebnung bis Sehfeldzahl 25<\/li>\n<\/ul>\n<p>*Die CL-Edition des Observers ist eine spezielle Variante f\u00fcr Beobachtung und Dokumentation im Gro\u00dffeld (<a href=\"https:\/\/www.mikroskopie.de\/wp-content\/uploads\/2026\/02\/achios_x_cl_edition.pdf\" target=\"_blank\" rel=\"noopener noreferrer\">Download Brosch\u00fcre zur CL-Edition<\/a>)<\/p>\n\n<\/div><h2 class=\"tabtitle\">CL-Edition des Observers<\/h2>\n<div class=\"tabcontent\">\n\n<p style=\"text-align: center;\">&nbsp;<br \/><strong>CL-Edition des Observers: Achios-X Observer &amp; MikroLive MultiFormat<\/strong><\/p>\n<p>\nDer neue Achios-X Observer von Euromex bietet die ideale Plattform f\u00fcr eine preiswerte Konfiguration eines Gro\u00dffeld-Mikroskops. Bereits die Standardobjektive \u201ePlan PLi\u201c gew\u00e4hrleisten bis zur Sehfeldzahl 25 ein randscharf geebnetes Bild hoher G\u00fcte. Das Sehfeld ist hierbei um gut 55% gr\u00f6\u00dfer, als bei bei g\u00e4ngigen Okularen mit der Sehfeldzahl 20.<br \/>\nDer C-Mount-Adapter 0,63x erm\u00f6glicht zudem die optimale Ausnutzung des 1&#8243;-Sensors der Mikroskopkamera MikroLive MultiFormat. Die Diagonale des erfassten Bildes passt hierbei exakt in das durch die Okulare sichtbare Sehfeld (siehe Abbildung unten links). Durch die sehr hohe Aufl\u00f6sung von 20 Megapixeln der Kamera geht hierbei praktisch keine im mikroskopischen Bild enthaltene Information verloren. Der notwendige trinokulare Tubus stammt aus der Delphi-X Serie von Euromex. <\/p>\n<p>&nbsp;<\/p>\n<div align=\"center\"><img decoding=\"async\" src=\"https:\/\/www.mikroskopie.de\/wp-content\/uploads\/2026\/02\/cl_edition.jpg\" alt=\"\" \/><\/div>\n<div align=\"center\"><img decoding=\"async\" src=\"https:\/\/www.mikroskopie.de\/wp-content\/uploads\/2026\/02\/flaeche.jpg\" alt=\"\" \/><\/div>\n<p>&nbsp;<br \/>\n<a href=\"https:\/\/www.mikroskopie.de\/wp-content\/uploads\/2026\/02\/achios_x_cl_edition.pdf\" rel=\"noopener noreferrer\">Brosch\u00fcre zur CL-Edition des Achios-X Observers<\/a><\/p>\n\n<\/div><h2 class=\"tabtitle\">Beispielbilder<\/h2>\n<div class=\"tabcontent\">\n\n<p style=\"text-align: center;\">&nbsp;<br \/><strong>Beispielaufnahmen Achios-X Observer &amp; MikroLive MultiFormat (CL-Edition)<\/strong><\/p>\n<div align=\"center\"><img decoding=\"async\" src=\"https:\/\/www.mikroskopie.de\/wp-content\/uploads\/2026\/02\/ob4.jpg\" alt=\"\" \/><\/div>\n<p>Objektiv Planachromat PLi 4x \/ Adapter 0,63x \/ MikroLive MultiFormat \/ <a href=\"https:\/\/www.mikroskopie.de\/wp-content\/uploads\/2026\/02\/Image_4x.jpg\" target=\"_blank\" rel=\"noopener noreferrer\">Download<\/a> der Originalaufnahme mit 5472 x 3648 Pixeln<\/p>\n<div align=\"center\"><img decoding=\"async\" src=\"https:\/\/www.mikroskopie.de\/wp-content\/uploads\/2026\/02\/ob10.jpg\" alt=\"\" \/><\/div>\n<p>Objektiv Planachromat PLi 10x \/ Adapter 0,63x \/ MikroLive MultiFormat \/ <a href=\"https:\/\/www.mikroskopie.de\/wp-content\/uploads\/2026\/02\/Image_10x.jpg\" target=\"_blank\" rel=\"noopener noreferrer\">Download<\/a> der Originalaufnahme mit 5472 x 3648 Pixeln<\/p>\n<div align=\"center\"><img decoding=\"async\" src=\"https:\/\/www.mikroskopie.de\/wp-content\/uploads\/2026\/02\/ob20.jpg\" alt=\"\" \/><\/div>\n<p>Objektiv Planachromat PLi 20x \/ Adapter 0,63x \/ MikroLive MultiFormat \/ <a href=\"https:\/\/www.mikroskopie.de\/wp-content\/uploads\/2026\/02\/Image_20x.jpg\" target=\"_blank\" rel=\"noopener noreferrer\">Download<\/a> der Originalaufnahme mit 5472 x 3648 Pixeln<\/p>\n<div align=\"center\"><img decoding=\"async\" src=\"https:\/\/www.mikroskopie.de\/wp-content\/uploads\/2026\/02\/ob40.jpg\" alt=\"\" \/><\/div>\n<p>Objektiv Planachromat PLi 40x \/ Adapter 0,63x \/ MikroLive MultiFormat \/ <a href=\"https:\/\/www.mikroskopie.de\/wp-content\/uploads\/2026\/02\/Image_40x.jpg\" target=\"_blank\" rel=\"noopener noreferrer\">Download<\/a> der Originalaufnahme mit 5472 x 3648 Pixeln<\/p>\n<div align=\"center\"><img decoding=\"async\" src=\"https:\/\/www.mikroskopie.de\/wp-content\/uploads\/2026\/02\/ob100.jpg\" alt=\"\" \/><\/div>\n<p>Objektiv Planachromat PLi 100x(\u00d6l) \/ Adapter 0,63x \/ MikroLive MultiFormat \/ <a href=\"https:\/\/www.mikroskopie.de\/wp-content\/uploads\/2026\/02\/Image_100x.jpg\" target=\"_blank\" rel=\"noopener noreferrer\">Download<\/a> der Originalaufnahme mit 5472 x 3648 Pixeln<\/p>\n<p>\n<\/div><h2 class=\"tabtitle\">Preise &amp; Informationsmaterial<\/h2>\n<div class=\"tabcontent\">\n<br \/>\nBeispielkonfigurationen:<\/p>\n<table class=\"mytable\" border=\"0\" cellspacing=\"0\">\n<tbody>\n<tr>\n<td style=\"padding:10px; vertical-align:top\"><b>AX.1153-PLi:<\/b><br \/>\nTrinokularmikroskop Achios-X Observer mit EWF 10x\/22 mm Okularen, f\u00fcnffachem Objektivrevolver, planachromatischen PLi 4\/10\/S40\/S100x(\u00d6l)-EIS-Objektiven und 3 W LED Beleuchtung nach K\u00f6hler:\n<\/td>\n<td style=\"padding:10px; vertical-align:top\"><b>CL-Edition Achios Observer mit MikroLive MultiFormat:<\/b><br \/>\nTrinokularmikroskop mit Gro\u00dffeldokularen SW10X\/25, f\u00fcnffachem Objektivrevolver, planachromatischen PLi 4\/10\/S40\/S100x(\u00d6l)-EIS-Objektiven und 3 W LED Beleuchtung nach K\u00f6hler, C-Mount-Adapter 0,63x, 20MP-Kamera MikroLive MultiFormat:\n<\/td>\n<\/tr>\n<tr>\n<td style=\"padding:15px; vertical-align:top\" >\n<ul>\n<li>EWF 10x\/22 mm Okulare<\/li>\n<li>Trinokularer um 30\u00b0 geneigter Tubus. Augenabstand 47-78 mm mit Dioptrieneinstellung an beiden Okularen<\/li>\n<li>F\u00fcnffach-Objektivrevolver<\/li>\n<li>EIS Objektive Plan PLi 4x\/0,10, 10x\/0,25, S40x\/0,65, S100x\/1,25 (\u00d6limmersion) &#8211; 60mm Abgleichl\u00e4nge<\/li>\n<li>238 x 155 mm Kreuztisch mit Verfahrbereich 79 x 55 mm (Objekthalter f\u00fcr die Aufnahme von 2 Objekttr\u00e4gern geeignet)<\/li>\n<li>H\u00f6henverstellbarer Abbe-Kondensor<\/li>\n<li>Koaxialer Grob- und Feintrieb mit 200 Teilstrichen \/ Pr\u00e4zision 1 \u03bcm \/ 0,2 mm pro<br \/>\nUmdrehung \/ Gesamtverfahrweg ca. 30 mm<\/li>\n<li>Vorwahlanschlag zum Schutz von Pr\u00e4paraten und Objektiven<\/li>\n<li>3 W LED-Beleuchtung nach K\u00f6hler mit externem Netzteil (CE)<\/li>\n<li>SLC:  Smart Light Control (SLC) zur Speicherung der eingestellten Lichtintensit\u00e4t f\u00fcr jedes Objektiv<\/li>\n<li>Farbtemperatur einstellbar (3200\u20137000 K)<\/li>\n<li>Anzeige der Vergr\u00f6\u00dferungs- und Intensit\u00e4tseinstellungen auf dem integrierten LCD-Bildschirm<\/li>\n<li>Lieferung in Styroporbox mit Netzkabel, 500-mA-250-V-Ersatzsicherung, 5 ml Immersions\u00f6l und Staubschutzh\u00fclle<\/li>\n<\/ul>\n<\/td>\n<td style=\"padding:15px; vertical-align:top\">\n<ul>\n<li>SWF 10x\/25 mm Okulare<\/li>\n<li>Trinokularer um 30\u00b0 geneigter Tubus. Augenabstand 47-78 mm mit Dioptrieneinstellung an beiden Okularen &#8211; schaltbar  vis:doc (100:0 \/ 20:80 \/ 0:100)<\/li>\n<li>F\u00fcnffach-Objektivrevolver<\/li>\n<li>EIS Objektive Plan PLi 4x\/0,10, 10x\/0,25, S40x\/0,65, S100x\/1,25 (\u00d6limmersion) &#8211; 60mm Abgleichl\u00e4nge<\/li>\n<li>Gro\u00dfer Kreuztisch (Objekthalter f\u00fcr die Aufnahme von 2 Objekttr\u00e4gern geeignet) &#8211; H\u00f6he und Friktion der R\u00e4ndelkn\u00f6pfe der X- und Y-Achse f\u00fcr hohe Ergonomie einstellbar<\/li>\n<li>H\u00f6henverstellbarer Klapp-Kondensor f\u00fcr eine homogene Ausleuchtung gro\u00dfer Objektfelder bei unterschiedlichen Vergr\u00f6\u00dferungen<\/li>\n<li>Koaxialer Grob- und Feintrieb mit 200 Teilstrichen \/ Pr\u00e4zision 1 \u03bcm \/ 0,2 mm pro<br \/>\nUmdrehung \/ Gesamtverfahrweg ca. 30 mm<\/li>\n<li>Vorwahlanschlag zum Schutz von Pr\u00e4paraten und Objektiven<\/li>\n<li>3 W LED-Beleuchtung nach K\u00f6hler mit externem Netzteil (CE)<\/li>\n<li>SLC:  Smart Light Control (SLC) zur Speicherung der eingestellten Lichtintensit\u00e4t f\u00fcr jedes Objektiv<\/li>\n<li>Farbtemperatur einstellbar (3200\u20137000 K)<\/li>\n<li>Anzeige der Vergr\u00f6\u00dferungs- und Intensit\u00e4tseinstellungen auf dem integrierten LCD-Bildschirm<\/li>\n<li>C-Mount-Adapter 0,63x (fokussierbar)<\/li>\n<li>Kamerasystem MikroLive Multiformat (1&#8243;-Sensor mit 5472 x 3648 Pixeln)<\/li>\n<li>Lieferung in Styroporbox mit Netzkabel, 500-mA-250-V-Ersatzsicherung, 5 ml Immersions\u00f6l und Staubschutzh\u00fclle<\/li>\n<\/ul>\n<\/td>\n<\/tr>\n<tr>\n<td>Preis incl. 19% MwSt : 2895,00 \u20ac *<\/td>\n<td>Preis incl. 19% MwSt : 4995,00 \u20ac *<\/td>\n<\/tr>\n<\/tbody>\n<\/table>\n<p style=\"text-align: left;\">* <strong><a href=\"mailto:linkenheld@mikroskopie.de?subject=Frage zum Achios-X Observer\">Kontaktieren Sie uns f\u00fcr Ihr individuelles Angebot<\/a><\/strong> &#8211; Die Beispielkonfigurationen stehen in unserem Vorf\u00fchrraum in Schifferstadt zur Verf\u00fcgung und k\u00f6nnen hier nach Terminabsprache getestet werden.<\/p>\n<p><a href=\"https:\/\/www.euromex.com\/de\/produkte\/sektor\/biowissenschaften-biologische-mikroskope\/achios-x-observer\/\" target=\"_blank\" rel=\"noopener noreferrer\">Achios-X Observer auf den Seiten von Euromex<\/a><br \/>\n<a href=\"https:\/\/www.euromex.com\/de\/uploads\/downloads\/download_item\/Achios-X-Observer_Produktdatenblatt_Deutsch_17.pdf\" rel=\"noopener noreferrer\">Produktdatenblatt<\/a><br \/>\n<a href=\"https:\/\/www.mikroskopie.de\/wp-content\/uploads\/2026\/02\/achios_x_cl_edition.pdf\" rel=\"noopener noreferrer\">Brosch\u00fcre zur CL-Edition des Achios-X Observers<\/a><\/p>\n<p>\n<\/div><h2 class=\"tabtitle\">Ihre Anfrage zum Achios X-Observer<\/h2>\n<div class=\"tabcontent\">\n<br \/>\nTelefonisch: 06235 4910210<br \/>\nPer EMail: <a href=\"mailto:linkenheld@mikroskopie.de?subject=Frage zum Axiolab 5\">Anfrage zum Achios-X Observer<\/a><\/p>\n<\/div><\/div>\n<table class=\"unten\" border=\"0\" width=\"1050\" cellspacing=\"0\">\n<tbody>\n<tr>\n<td valign=\"middle\" width=\"50\"><a href=\"https:\/\/www.mikroskopie.de\"><img loading=\"lazy\" decoding=\"async\" src=\"grafiken\/logo.gif\" alt=\"Zur Startseite von mikroskopie.de\" width=\"27\" height=\"35\" border=\"0\" \/><\/a><\/td>\n<td width=\"825\">\u00a9 2026 <a href=\"mailto:linkenheld@mikroskopie.de\">Christian Linkenheld<\/a> \/ Elisabethenstr. 16 \/ 67105 Schifferstadt \/ Telefon: 06235 4910210<\/td>\n<td width=\"169\"><\/td>\n<\/tr>\n<tr>\n<td style=\"text-align: right;\" colspan=\"3\"><a href=\"?page_id=213\">Impressum<\/a> | <a href=\"?page_id=2020\">Datenschutz<\/a> | <a href=\"?page_id=1035\">AGB<\/a> \u00a0\u00a0||\u00a0\u00a0 <a href=\"?page_id=192\">Anfahrt<\/a> | <a href=\"?page_id=956\">Team<\/a><\/td>\n<\/tr>\n<\/tbody>\n<\/table>\n","protected":false},"excerpt":{"rendered":"<p>Euromex Achios-X Observer: Mehr als nur ein Labormikroskop Carl Zeiss: Primostar 3 Stemi 305 Stemi 508 Axiolab 5 Motic: BA210LED BA210E BA310LED BA310E BA410E SMZ 161 SMZ171 AE2000 Panthera C2 &nbsp; Das neue Labormikroskop Achios-X Observer zeichnet sich durch folgende Eigenschaften im Vergleich zu anderen und teilweise deutlich teureren Mikroskopen dieser Leistungsklasse aus: Die Objektive [&hellip;]<\/p>\n","protected":false},"author":1,"featured_media":0,"parent":0,"menu_order":0,"comment_status":"closed","ping_status":"closed","template":"","meta":{"_genesis_hide_title":false,"_genesis_hide_breadcrumbs":false,"_genesis_hide_singular_image":false,"_genesis_hide_footer_widgets":false,"_genesis_custom_body_class":"","_genesis_custom_post_class":"","_genesis_layout":"","footnotes":""},"class_list":{"0":"post-4702","1":"page","2":"type-page","3":"status-publish","5":"entry"},"_links":{"self":[{"href":"https:\/\/www.mikroskopie.de\/index.php?rest_route=\/wp\/v2\/pages\/4702","targetHints":{"allow":["GET"]}}],"collection":[{"href":"https:\/\/www.mikroskopie.de\/index.php?rest_route=\/wp\/v2\/pages"}],"about":[{"href":"https:\/\/www.mikroskopie.de\/index.php?rest_route=\/wp\/v2\/types\/page"}],"author":[{"embeddable":true,"href":"https:\/\/www.mikroskopie.de\/index.php?rest_route=\/wp\/v2\/users\/1"}],"replies":[{"embeddable":true,"href":"https:\/\/www.mikroskopie.de\/index.php?rest_route=%2Fwp%2Fv2%2Fcomments&post=4702"}],"version-history":[{"count":94,"href":"https:\/\/www.mikroskopie.de\/index.php?rest_route=\/wp\/v2\/pages\/4702\/revisions"}],"predecessor-version":[{"id":4860,"href":"https:\/\/www.mikroskopie.de\/index.php?rest_route=\/wp\/v2\/pages\/4702\/revisions\/4860"}],"wp:attachment":[{"href":"https:\/\/www.mikroskopie.de\/index.php?rest_route=%2Fwp%2Fv2%2Fmedia&parent=4702"}],"curies":[{"name":"wp","href":"https:\/\/api.w.org\/{rel}","templated":true}]}}