{"id":956,"date":"2016-03-01T16:01:29","date_gmt":"2016-03-01T15:01:29","guid":{"rendered":"http:www.mikroskopie.de\/?page_id=956"},"modified":"2022-10-12T13:58:42","modified_gmt":"2022-10-12T12:58:42","slug":"team","status":"publish","type":"page","link":"https:\/\/www.mikroskopie.de\/?page_id=956","title":{"rendered":"TEAM"},"content":{"rendered":"<div align=\"center\">\n<h4>Das Team auf mikroskopie.de<\/h4>\n<p>&nbsp;<\/p>\n<\/div>\n<div align=\"center\">\n<table class=\"mytable\" cellspacing=\"0\" cellpadding=\"10\">\n<tbody>\n<tr>\n<td class=\"team\" width=\"25%\"><b>Christian Linkenheld <\/b><a href=\"mailto:linkenheld@mikroskopie.de\">linkenheld@mikroskopie.de<\/a><br \/>\n06235 4910210<\/td>\n<td class=\"team\" width=\"55%\">Christian Linkenheld ist zust\u00e4ndig f\u00fcr<\/p>\n<p>&#8211; Beratung<br \/>\n&#8211; Verkauf<br \/>\n&#8211; Service<\/p>\n<p>Die bez\u00fcglich der Kundenw\u00fcnsche und -Bed\u00fcrfnisse passgenaue Konfiguration mikroskopischer Einrichtungen ist ihm ein besonderes Anliegen &#8211; dies wohl auch, weil Christian Linkenheld selbst ein passionierter Mikroskopiker ist, der s\u00e4mtliche Ger\u00e4te auch aus der Anwenderperspektive bestens kennt.<\/td>\n<\/tr>\n<\/tbody>\n<\/table>\n<\/div>\n<p>&nbsp;<\/p>\n<div align=\"center\">\n<table class=\"mytable\" cellspacing=\"0\" cellpadding=\"10\">\n<tbody>\n<tr>\n<td class=\"team\" width=\"25%\"><b>Gabi Oberbeck <\/b><a href=\"mailto:linkenheld@mikroskopie.de\">oberbeck@mikroskopie.de<\/a><br \/>\n06235 4910210<\/td>\n<td class=\"team\" width=\"55%\">Gabi Oberbeck ist zust\u00e4ndig f\u00fcr<\/p>\n<p>&#8211; Kundenbetreuung<br \/>\n&#8211; Unternehmensorganisation<\/p>\n<p>Sie ist mit ihrem Organisationstalent seit 2016 &#8222;mit dabei&#8220;.<\/td>\n<\/tr>\n<\/tbody>\n<\/table>\n<\/div>\n<p>&nbsp;<\/p>\n<p>&nbsp;<\/p>\n<table class=\"unten\" border=\"0\" width=\"1050\" cellspacing=\"0\">\n<tbody>\n<tr>\n<td valign=\"middle\" width=\"50\"><a href=\"https:\/\/www.mikroskopie.de\"><img loading=\"lazy\" decoding=\"async\" src=\"grafiken\/logo.gif\" alt=\"Zur Startseite von mikroskopie.de\" width=\"27\" height=\"35\" border=\"0\"><\/a><\/td>\n<td width=\"825\">\u00a9 2022 <a href=\"mailto:linkenheld@mikroskopie.de\">Christian Linkenheld<\/a> \/ Elisabethenstr. 16 \/ 67105 Schifferstadt \/ Telefon: 06235 4910210<\/td>\n<td width=\"169\"><\/td>\n<\/tr>\n<tr>\n<td style=\"text-align: right;\" colspan=\"3\"><a href=\"?page_id=213\">Impressum<\/a> | <a href=\"?page_id=2020\">Datenschutz<\/a> | <a href=\"?page_id=1035\">AGB<\/a> &nbsp;&nbsp;||&nbsp;&nbsp; <a href=\"?page_id=192\">Anfahrt<\/a> | <a href=\"?page_id=956\">Team<\/a><\/td>\n<\/tr>\n<\/tbody>\n<\/table>\n","protected":false},"excerpt":{"rendered":"<p>Das Team auf mikroskopie.de &nbsp; Christian Linkenheld linkenheld@mikroskopie.de 06235 4910210 Christian Linkenheld ist zust\u00e4ndig f\u00fcr &#8211; Beratung &#8211; Verkauf &#8211; Service Die bez\u00fcglich der Kundenw\u00fcnsche und -Bed\u00fcrfnisse passgenaue Konfiguration mikroskopischer Einrichtungen ist ihm ein besonderes Anliegen &#8211; dies wohl auch, weil Christian Linkenheld selbst ein passionierter Mikroskopiker ist, der s\u00e4mtliche Ger\u00e4te auch aus der Anwenderperspektive [&hellip;]<\/p>\n","protected":false},"author":1,"featured_media":0,"parent":0,"menu_order":0,"comment_status":"closed","ping_status":"closed","template":"","meta":{"_genesis_hide_title":false,"_genesis_hide_breadcrumbs":false,"_genesis_hide_singular_image":false,"_genesis_hide_footer_widgets":false,"_genesis_custom_body_class":"","_genesis_custom_post_class":"","_genesis_layout":"","footnotes":""},"class_list":{"0":"post-956","1":"page","2":"type-page","3":"status-publish","5":"entry"},"_links":{"self":[{"href":"https:\/\/www.mikroskopie.de\/index.php?rest_route=\/wp\/v2\/pages\/956","targetHints":{"allow":["GET"]}}],"collection":[{"href":"https:\/\/www.mikroskopie.de\/index.php?rest_route=\/wp\/v2\/pages"}],"about":[{"href":"https:\/\/www.mikroskopie.de\/index.php?rest_route=\/wp\/v2\/types\/page"}],"author":[{"embeddable":true,"href":"https:\/\/www.mikroskopie.de\/index.php?rest_route=\/wp\/v2\/users\/1"}],"replies":[{"embeddable":true,"href":"https:\/\/www.mikroskopie.de\/index.php?rest_route=%2Fwp%2Fv2%2Fcomments&post=956"}],"version-history":[{"count":52,"href":"https:\/\/www.mikroskopie.de\/index.php?rest_route=\/wp\/v2\/pages\/956\/revisions"}],"predecessor-version":[{"id":3702,"href":"https:\/\/www.mikroskopie.de\/index.php?rest_route=\/wp\/v2\/pages\/956\/revisions\/3702"}],"wp:attachment":[{"href":"https:\/\/www.mikroskopie.de\/index.php?rest_route=%2Fwp%2Fv2%2Fmedia&parent=956"}],"curies":[{"name":"wp","href":"https:\/\/api.w.org\/{rel}","templated":true}]}}